{"id":4200,"date":"2024-06-25T08:16:56","date_gmt":"2024-06-25T08:16:56","guid":{"rendered":"https:\/\/child-help.be\/a-propos-de-nous\/integriteitsbeleid\/"},"modified":"2026-03-09T13:37:08","modified_gmt":"2026-03-09T13:37:08","slug":"integriteitsbeleid","status":"publish","type":"page","link":"https:\/\/child-help.be\/fr\/a-propos-de-nous\/integriteitsbeleid\/","title":{"rendered":"Politique d&rsquo;int\u00e9grit\u00e9"},"content":{"rendered":"<h2><strong>INTRODUCTION<\/strong><\/h2>\n<p>L&rsquo;int\u00e9grit\u00e9 est une valeur essentielle dans le secteur belge de la solidarit\u00e9 internationale, tant sur le plan financier que moral. L&rsquo;int\u00e9grit\u00e9 morale concerne l&rsquo;absence de harc\u00e8lement, de comportement transgressif, de discrimination, d&rsquo;abus de pouvoir et de conflits d&rsquo;int\u00e9r\u00eats. L&rsquo;int\u00e9grit\u00e9 financi\u00e8re concerne l&rsquo;acquisition et l&rsquo;utilisation responsables des ressources, l&rsquo;absence de fraude et de corruption, etc.<\/p>\n<p>Pour Child-Help, organisation belge sans but lucratif de solidarit\u00e9 internationale, l&rsquo;int\u00e9grit\u00e9 est donc une valeur essentielle.<\/p>\n<h2><strong>Charte d&rsquo;int\u00e9grit\u00e9<\/strong><\/h2>\n<p>En juin 2024, Child-Help asbl a sign\u00e9 une charte d&rsquo;int\u00e9grit\u00e9 qui comprend 10 actions concr\u00e8tes visant \u00e0 pr\u00e9venir autant que possible les violations de l&rsquo;int\u00e9grit\u00e9 et, si une violation se produit, \u00e0 la d\u00e9tecter et \u00e0 la traiter de mani\u00e8re appropri\u00e9e. La charte d&rsquo;int\u00e9grit\u00e9 et les actions qui l&rsquo;accompagnent peuvent \u00eatre consult\u00e9es\u00a0<a href=\"https:\/\/child-help.be\/wp-content\/uploads\/sites\/7\/2024\/06\/Charter-integriteit.pdf\" target=\"_blank\" rel=\"noopener\">ici<\/a><em>.<\/em><\/p>\n<p>La responsable de l&rsquo;int\u00e9grit\u00e9, la responsable des plaintes et la conseill\u00e8re en int\u00e9grit\u00e9 coordonnent ensemble la mise en \u0153uvre de la charte. En concertation avec le conseil d&rsquo;administration, ils formulent des mesures et des points d&rsquo;action appropri\u00e9s.<\/p>\n<h2><b>Les r\u00f4les d&rsquo;int\u00e9grit\u00e9<\/b><\/h2>\n<p>Trois r\u00f4les sp\u00e9cifiques sont attribu\u00e9s pour l&rsquo;application de la politique d&rsquo;int\u00e9grit\u00e9 (y compris le code de d\u00e9ontologie):<\/p>\n<p>La\u00a0<strong>responsable de l&rsquo;int\u00e9grit\u00e9<\/strong> est responsable de la mise en place et du maintien d&rsquo;une politique d&rsquo;int\u00e9grit\u00e9 efficace, \u00e9labor\u00e9e conform\u00e9ment \u00e0 la charte d&rsquo;int\u00e9grit\u00e9, et d&rsquo;une culture de l&rsquo;int\u00e9grit\u00e9. Le coordinateur est charg\u00e9 de veiller \u00e0 l&rsquo;\u00e9laboration et \u00e0 l&rsquo;application des proc\u00e9dures n\u00e9cessaires.<\/p>\n<p>Les employ\u00e9s et les b\u00e9n\u00e9voles de Child-Help asbl peuvent contacter en toute confiance la\u00a0<a href=\"mailto:ethics@child-help.be\"><strong>conseill\u00e8re en int\u00e9grit\u00e9<\/strong><\/a> pour obtenir des conseils sur l&rsquo;int\u00e9grit\u00e9 et d&rsquo;\u00e9ventuelles violations. Le conseiller en int\u00e9grit\u00e9 servira de guide, expliquera \u00e0 la personne en question la structure d&rsquo;int\u00e9grit\u00e9 de l&rsquo;association et d\u00e9crira les mesures possibles \u00e0 prendre (entamer une m\u00e9diation, d\u00e9poser une plainte officielle aupr\u00e8s du bureau des plaintes&#8230;).<\/p>\n<p>La\u00a0<strong>responsable des plaintes<\/strong>\u00a0<a href=\"mailto:jan@child-help.be\" target=\"_blank\" rel=\"noopener\">Jan Goossens<\/a>\u00a0veille \u00e0 ce que les plaintes soient identifi\u00e9es et trait\u00e9es de mani\u00e8re ad\u00e9quate et en temps utile, par exemple les plaintes re\u00e7ues par\u00a0<a href=\"https:\/\/child-help.be\/fr\/eerstelijnsmeldpunt\/\">le point de contact confidentiel<\/a>\u00a0de Child-Help asbl, et ce conform\u00e9ment \u00e0 la proc\u00e9dure de traitement des plaintes li\u00e9e \u00e0 la ligne directe de Child-Help asbl.<\/p>\n<h2><strong>Signalement des manquements \u00e0 l&rsquo;int\u00e9grit\u00e9<\/strong><\/h2>\n<p>Vous pouvez \u00e0 tout moment discuter confidentiellement de vos soup\u00e7ons de manquement \u00e0 l&rsquo;int\u00e9grit\u00e9 avec un\u00a0<a href=\"https:\/\/child-help.be\/fr\/over\/wie-is-wie\/\">membre du personnel<\/a>\u00a0, la\u00a0<a href=\"mailto:integrity@child-help.be\" target=\"_blank\" rel=\"noopener\">responsable des plaintes<\/a>\u00a0, la\u00a0<a href=\"mailto:ethics@child-help.be\" target=\"_blank\" rel=\"noopener\">conseill\u00e8re en int\u00e9grit\u00e9<\/a>\u00a0ou un\u00a0<a href=\"https:\/\/child-help.be\/fr\/over\/wie-is-wie\/\">membre du conseil d&rsquo;administration<\/a>. Ils peuvent vous informer et vous guider dans la proc\u00e9dure formelle de signalement si vous le souhaitez.<\/p>\n<p>La proc\u00e9dure d\u00e9taill\u00e9e de traitement des plaintes est disponible ici: <a href=\"https:\/\/child-help.be\/wp-content\/uploads\/sites\/7\/2024\/06\/Klachtenbehandelingsprocedure-Child-Help-vzw.pdf\" target=\"_blank\" rel=\"noopener\">nederlands<\/a> &#8211; <a href=\"https:\/\/child-help.be\/wp-content\/uploads\/sites\/7\/2024\/07\/Procedure-plaintes.pdf\" target=\"_blank\" rel=\"noopener\">fran\u00e7ais<\/a>.<\/p>\n<h3><b>Ligne d&rsquo;assistance de premi\u00e8re ligne\u00a0<\/b><\/h3>\n<p>Vous pouvez formellement d\u00e9poser une plainte pour atteinte \u00e0 l&rsquo;int\u00e9grit\u00e9 via\u00a0<a href=\"https:\/\/child-help.be\/fr\/eerstelijnsmeldpunt\/\">le point de contact confidentiel.<\/a> Vous pouvez \u00e9galement appeler le +32 477 76 95 99, envoyer un courriel \u00e0 <a href=\"mailto:integrity@child-help.be\" target=\"_blank\" rel=\"noopener\">integrity@child-help.be<\/a>\u00a0ou envoyer une lettre \u00e0 Child-Help asbl, De Keyserlei 60C bte 1301, 2018 Anvers en indiquant la mention \u00ab\u00a0personnel et confidentiel\u00a0\u00bb sur l&rsquo;enveloppe.<\/p>\n<p>Cette plainte concerne un \u00e9v\u00e9nement que vous avez vous-m\u00eame v\u00e9cu ou que vous avez vu et qui viole notre code de d\u00e9ontologie (<a href=\"https:\/\/child-help.be\/wp-content\/uploads\/sites\/7\/2024\/07\/Ethische-code-Child-Help-NL.pdf\" target=\"_blank\" rel=\"noopener\">nederlands<\/a>) (<a href=\"https:\/\/child-help.be\/wp-content\/uploads\/sites\/7\/2024\/07\/Ethische-code-Child-Help-FR.pdf\" target=\"_blank\" rel=\"noopener\">fran\u00e7ais<\/a>) (<a href=\"https:\/\/child-help.be\/wp-content\/uploads\/sites\/7\/2024\/07\/Ethische-code-Child-Help-ENG.pdf\" target=\"_blank\" rel=\"noopener\">english<\/a>).<\/p>\n<p>Une plainte ou une notification est recevable si<\/p>\n<ul>\n<li>elle concerne les manquements \u00e0 l&rsquo;int\u00e9grit\u00e9 commis par Child-Help asbl, y compris par ses administrateurs, ses employ\u00e9s et ses b\u00e9n\u00e9voles dans l&rsquo;exercice de leurs fonctions;<\/li>\n<li>la plainte ou le rapport a \u00e9t\u00e9 d\u00e9pos\u00e9 par une partie int\u00e9ress\u00e9e, telle que chaque employ\u00e9, directeur, partenaire et b\u00e9n\u00e9ficiaire de Child-Help asbl;<\/li>\n<li>la plainte a \u00e9t\u00e9 d\u00e9pos\u00e9e via le formulaire de plainte sur le site web de Child-Help asbl ou via le num\u00e9ro de t\u00e9l\u00e9phone indiqu\u00e9 sur la page du site web de la ligne d&rsquo;assistance t\u00e9l\u00e9phonique;<\/li>\n<li>la plainte n&rsquo;a pas \u00e9t\u00e9 d\u00e9pos\u00e9e de mani\u00e8re anonyme;<\/li>\n<li>il ne s&rsquo;agit pas d&rsquo;une plainte concernant une violation qui a d\u00e9j\u00e0 \u00e9t\u00e9 signal\u00e9e et pour laquelle des mesures ad\u00e9quates ont \u00e9t\u00e9 prises.<\/li>\n<\/ul>\n<p>La recevabilit\u00e9 est \u00e9valu\u00e9e par le gestionnaire des plaintes. La d\u00e9cision de recevabilit\u00e9 n&rsquo;est pas susceptible de recours. Le rapporteur est libre d&rsquo;introduire une nouvelle plainte ou un nouveau rapport en vue d&rsquo;obtenir la recevabilit\u00e9.<\/p>\n<h3><b>Confirmation de la r\u00e9ception<\/b><\/h3>\n<p><span style=\"font-weight: 400\">Apr\u00e8s avoir re\u00e7u la plainte ou la notification, le gestionnaire des plaintes envoie un accus\u00e9 de r\u00e9ception au rapporteur.\u00a0 <\/span><\/p>\n<h3><b>L&rsquo;enqu\u00eate pr\u00e9liminaire<\/b><\/h3>\n<p>L&rsquo;enqu\u00eate pr\u00e9liminaire est men\u00e9e par Jan Goossens, responsable des plaintes et coordinatrice de Child-Help asbl. Dans le cadre de l&rsquo;enqu\u00eate pr\u00e9liminaire, elle d\u00e9termine si une enqu\u00eate doit \u00eatre men\u00e9e \u00e0 la suite d&rsquo;un signalement et \u00e9value la recevabilit\u00e9 de la plainte ou du signalement.<\/p>\n<p>Le gestionnaire des plaintes r\u00e9dige un rapport sur l&rsquo;enqu\u00eate pr\u00e9liminaire. Sur la base de ses conclusions concernant l&rsquo;admissibilit\u00e9, l&rsquo;authenticit\u00e9 et la prouvabilit\u00e9 des faits all\u00e9gu\u00e9s, le gestionnaire des plaintes fait une proposition d&rsquo;enqu\u00eate ou non.<\/p>\n<p>La responsable des plaintes proc\u00e8de toujours \u00e0 une analyse ind\u00e9pendante et fournit un retour d&rsquo;information en temps utile au lanceur d\u2019alerte. Si n\u00e9cessaire, il examine la situation avec le responsable de l&rsquo;int\u00e9grit\u00e9 ou les membres du conseil d&rsquo;administration, mais uniquement apr\u00e8s accord avec le lanceur d\u2019alerte. Le conseiller en int\u00e9grit\u00e9 n&rsquo;est pas inform\u00e9 de l&rsquo;enqu\u00eate pr\u00e9liminaire ni de l&rsquo;examen de la plainte ou du rapport.<\/p>\n<p>Si l&rsquo;enqu\u00eate pr\u00e9liminaire montre qu&rsquo;il n&rsquo;y a pas lieu d&rsquo;ouvrir une enqu\u00eate, le gestionnaire des plaintes en informe le lanceur d\u2019alerte en lui fournissant une br\u00e8ve justification.<\/p>\n<h3><b>L&rsquo;\u00e9tude<\/b><\/h3>\n<p>En fonction des faits et des donn\u00e9es de l&rsquo;enqu\u00eate, il est d\u00e9cid\u00e9 quelles personnes seront impliqu\u00e9es et si l&rsquo;enqu\u00eate sera men\u00e9e en interne ou en externe. La discr\u00e9tion et la confidentialit\u00e9 sont garanties au maximum.<\/p>\n<p>Le gestionnaire des plaintes applique toujours les principes suivants:<\/p>\n<ul>\n<li>la confidentialit\u00e9 des informations;<\/li>\n<li>la proportionnalit\u00e9;<\/li>\n<li>le traitement dans un d\u00e9lai raisonnable;<\/li>\n<li>l&rsquo;absence de parti pris;<\/li>\n<li>la protection des parties concern\u00e9es.<\/li>\n<\/ul>\n<p>Les faits, la sensibilit\u00e9, le risque et la complexit\u00e9 de la plainte ou du rapport sont toujours \u00e9valu\u00e9s \u00e0 l&rsquo;aune de ces principes. Le gestionnaire des plaintes adopte toujours une position ind\u00e9pendante, confidentielle et respectueuse \u00e0 l&rsquo;\u00e9gard de toutes les parties concern\u00e9es.<\/p>\n<p>La confidentialit\u00e9 de l&rsquo;identit\u00e9 du lanceur d\u2019alerte ne peut \u00eatre lev\u00e9e qu&rsquo;avec le consentement expr\u00e8s des parties concern\u00e9es ou lorsque la loi l&rsquo;exige.<\/p>\n<h3><b>Traitement et suivi de l&rsquo;enqu\u00eate<\/b><\/h3>\n<p>Si l&rsquo;enqu\u00eate montre que des infractions p\u00e9nales ont pu \u00eatre commises, l&rsquo;avis d&rsquo;un expert interne ou externe peut \u00eatre demand\u00e9, apr\u00e8s quoi une action en justice peut \u00eatre engag\u00e9e. Si l&rsquo;enqu\u00eate montre qu&rsquo;aucune violation de l&rsquo;int\u00e9grit\u00e9 n&rsquo;a \u00e9t\u00e9 commise, aucune mesure ne sera impos\u00e9e.<\/p>\n<p>Des mesures appropri\u00e9es sont prises \u00e0 l&rsquo;\u00e9gard de l&rsquo;auteur de l&rsquo;infraction. Elles d\u00e9pendent \u00e9videmment de l&rsquo;enqu\u00eate et peuvent varier consid\u00e9rablement. Les mesures appropri\u00e9es comprennent un bl\u00e2me ou un avertissement, un licenciement imm\u00e9diat, une m\u00e9diation ou un r\u00e8glement \u00e0 l&rsquo;amiable.<\/p>\n<p>La sanction est d\u00e9termin\u00e9e par le gestionnaire des plaintes, \u00e9ventuellement apr\u00e8s avis interne ou externe.<\/p>\n<p>Les r\u00e9sultats de l&rsquo;enqu\u00eate sur la plainte sont communiqu\u00e9s au rapporteur et, le cas \u00e9ch\u00e9ant, \u00e0 la victime de la violation. Un d\u00e9lai raisonnable doit \u00eatre respect\u00e9 \u00e0 cette fin. La forme exacte du suivi de la victime d\u00e9pend des faits, des circonstances et des r\u00e9sultats de l&rsquo;enqu\u00eate. En tout \u00e9tat de cause, le gestionnaire des plaintes continuera de suivre de pr\u00e8s l\u2019\u00e9volution apr\u00e8s la fin de la proc\u00e9dure de plainte.<\/p>\n","protected":false},"excerpt":{"rendered":"<p>INTRODUCTION L&rsquo;int\u00e9grit\u00e9 est une valeur essentielle dans le secteur belge de la solidarit\u00e9 internationale, tant sur le plan financier que moral. L&rsquo;int\u00e9grit\u00e9 morale concerne l&rsquo;absence de harc\u00e8lement, de comportement transgressif, de discrimination, d&rsquo;abus de pouvoir et de conflits d&rsquo;int\u00e9r\u00eats. L&rsquo;int\u00e9grit\u00e9 financi\u00e8re concerne l&rsquo;acquisition et l&rsquo;utilisation responsables des ressources, l&rsquo;absence de fraude et de corruption, etc. [&hellip;]<\/p>\n","protected":false},"author":15,"featured_media":0,"parent":2988,"menu_order":0,"comment_status":"closed","ping_status":"closed","template":"","meta":{"_acf_changed":false,"inline_featured_image":false,"footnotes":""},"class_list":["post-4200","page","type-page","status-publish","hentry"],"acf":[],"yoast_head":"<!-- This site is optimized with the Yoast SEO plugin v27.0 - https:\/\/yoast.com\/product\/yoast-seo-wordpress\/ -->\n<title>Politique d&#039;int\u00e9grit\u00e9 - Child-Help Belgi\u00eb<\/title>\n<meta name=\"robots\" content=\"index, follow, max-snippet:-1, max-image-preview:large, max-video-preview:-1\" \/>\n<link rel=\"canonical\" href=\"https:\/\/child-help.be\/fr\/a-propos-de-nous\/integriteitsbeleid\/\" \/>\n<meta property=\"og:locale\" content=\"fr_FR\" \/>\n<meta property=\"og:type\" content=\"article\" \/>\n<meta property=\"og:title\" content=\"Politique d&#039;int\u00e9grit\u00e9 - Child-Help Belgi\u00eb\" \/>\n<meta property=\"og:description\" content=\"INTRODUCTION L&rsquo;int\u00e9grit\u00e9 est une valeur essentielle dans le secteur belge de la solidarit\u00e9 internationale, tant sur le plan financier que moral. L&rsquo;int\u00e9grit\u00e9 morale concerne l&rsquo;absence de harc\u00e8lement, de comportement transgressif, de discrimination, d&rsquo;abus de pouvoir et de conflits d&rsquo;int\u00e9r\u00eats. L&rsquo;int\u00e9grit\u00e9 financi\u00e8re concerne l&rsquo;acquisition et l&rsquo;utilisation responsables des ressources, l&rsquo;absence de fraude et de corruption, etc. [&hellip;]\" \/>\n<meta property=\"og:url\" content=\"https:\/\/child-help.be\/fr\/a-propos-de-nous\/integriteitsbeleid\/\" \/>\n<meta property=\"og:site_name\" content=\"Child-Help Belgi\u00eb\" \/>\n<meta property=\"article:publisher\" content=\"https:\/\/www.facebook.com\/CHInternational\/\" \/>\n<meta property=\"article:modified_time\" content=\"2026-03-09T13:37:08+00:00\" \/>\n<meta property=\"og:image\" content=\"https:\/\/child-help.be\/wp-content\/uploads\/sites\/7\/2024\/02\/IF_Kenya-50-crop-1.jpg\" \/>\n\t<meta property=\"og:image:width\" content=\"1367\" \/>\n\t<meta property=\"og:image:height\" content=\"911\" \/>\n\t<meta property=\"og:image:type\" content=\"image\/jpeg\" \/>\n<meta name=\"twitter:card\" content=\"summary_large_image\" \/>\n<meta name=\"twitter:label1\" content=\"Dur\u00e9e de lecture est.\" \/>\n\t<meta name=\"twitter:data1\" content=\"6 minutes\" \/>\n<script type=\"application\/ld+json\" class=\"yoast-schema-graph\">{\"@context\":\"https:\/\/schema.org\",\"@graph\":[{\"@type\":\"WebPage\",\"@id\":\"https:\/\/child-help.be\/fr\/a-propos-de-nous\/integriteitsbeleid\/\",\"url\":\"https:\/\/child-help.be\/fr\/a-propos-de-nous\/integriteitsbeleid\/\",\"name\":\"Politique d'int\u00e9grit\u00e9 - Child-Help Belgi\u00eb\",\"isPartOf\":{\"@id\":\"https:\/\/child-help.be\/fr\/#website\"},\"datePublished\":\"2024-06-25T08:16:56+00:00\",\"dateModified\":\"2026-03-09T13:37:08+00:00\",\"breadcrumb\":{\"@id\":\"https:\/\/child-help.be\/fr\/a-propos-de-nous\/integriteitsbeleid\/#breadcrumb\"},\"inLanguage\":\"fr-BE\",\"potentialAction\":[{\"@type\":\"ReadAction\",\"target\":[\"https:\/\/child-help.be\/fr\/a-propos-de-nous\/integriteitsbeleid\/\"]}]},{\"@type\":\"BreadcrumbList\",\"@id\":\"https:\/\/child-help.be\/fr\/a-propos-de-nous\/integriteitsbeleid\/#breadcrumb\",\"itemListElement\":[{\"@type\":\"ListItem\",\"position\":1,\"name\":\"Home\",\"item\":\"https:\/\/child-help.be\/fr\/\"},{\"@type\":\"ListItem\",\"position\":2,\"name\":\"A propos de nous\",\"item\":\"https:\/\/child-help.be\/fr\/a-propos-de-nous\/\"},{\"@type\":\"ListItem\",\"position\":3,\"name\":\"Politique d&#8217;int\u00e9grit\u00e9\"}]},{\"@type\":\"WebSite\",\"@id\":\"https:\/\/child-help.be\/fr\/#website\",\"url\":\"https:\/\/child-help.be\/fr\/\",\"name\":\"Child-Help Belgium\",\"description\":\"\",\"publisher\":{\"@id\":\"https:\/\/child-help.be\/fr\/#organization\"},\"potentialAction\":[{\"@type\":\"SearchAction\",\"target\":{\"@type\":\"EntryPoint\",\"urlTemplate\":\"https:\/\/child-help.be\/fr\/?s={search_term_string}\"},\"query-input\":{\"@type\":\"PropertyValueSpecification\",\"valueRequired\":true,\"valueName\":\"search_term_string\"}}],\"inLanguage\":\"fr-BE\"},{\"@type\":\"Organization\",\"@id\":\"https:\/\/child-help.be\/fr\/#organization\",\"name\":\"Child-Help Belgium\",\"url\":\"https:\/\/child-help.be\/fr\/\",\"logo\":{\"@type\":\"ImageObject\",\"inLanguage\":\"fr-BE\",\"@id\":\"https:\/\/child-help.be\/fr\/#\/schema\/logo\/image\/\",\"url\":\"https:\/\/staging.child-help.be\/wp-content\/uploads\/sites\/7\/2023\/10\/logo.png\",\"contentUrl\":\"https:\/\/staging.child-help.be\/wp-content\/uploads\/sites\/7\/2023\/10\/logo.png\",\"width\":100,\"height\":58,\"caption\":\"Child-Help Belgium\"},\"image\":{\"@id\":\"https:\/\/child-help.be\/fr\/#\/schema\/logo\/image\/\"},\"sameAs\":[\"https:\/\/www.facebook.com\/CHInternational\/\",\"https:\/\/www.instagram.com\/child_help.be\/\"]}]}<\/script>\n<!-- \/ Yoast SEO plugin. -->","yoast_head_json":{"title":"Politique d'int\u00e9grit\u00e9 - Child-Help Belgi\u00eb","robots":{"index":"index","follow":"follow","max-snippet":"max-snippet:-1","max-image-preview":"max-image-preview:large","max-video-preview":"max-video-preview:-1"},"canonical":"https:\/\/child-help.be\/fr\/a-propos-de-nous\/integriteitsbeleid\/","og_locale":"fr_FR","og_type":"article","og_title":"Politique d'int\u00e9grit\u00e9 - Child-Help Belgi\u00eb","og_description":"INTRODUCTION L&rsquo;int\u00e9grit\u00e9 est une valeur essentielle dans le secteur belge de la solidarit\u00e9 internationale, tant sur le plan financier que moral. L&rsquo;int\u00e9grit\u00e9 morale concerne l&rsquo;absence de harc\u00e8lement, de comportement transgressif, de discrimination, d&rsquo;abus de pouvoir et de conflits d&rsquo;int\u00e9r\u00eats. L&rsquo;int\u00e9grit\u00e9 financi\u00e8re concerne l&rsquo;acquisition et l&rsquo;utilisation responsables des ressources, l&rsquo;absence de fraude et de corruption, etc. [&hellip;]","og_url":"https:\/\/child-help.be\/fr\/a-propos-de-nous\/integriteitsbeleid\/","og_site_name":"Child-Help Belgi\u00eb","article_publisher":"https:\/\/www.facebook.com\/CHInternational\/","article_modified_time":"2026-03-09T13:37:08+00:00","og_image":[{"width":1367,"height":911,"url":"https:\/\/child-help.be\/wp-content\/uploads\/sites\/7\/2024\/02\/IF_Kenya-50-crop-1.jpg","type":"image\/jpeg"}],"twitter_card":"summary_large_image","twitter_misc":{"Dur\u00e9e de lecture est.":"6 minutes"},"schema":{"@context":"https:\/\/schema.org","@graph":[{"@type":"WebPage","@id":"https:\/\/child-help.be\/fr\/a-propos-de-nous\/integriteitsbeleid\/","url":"https:\/\/child-help.be\/fr\/a-propos-de-nous\/integriteitsbeleid\/","name":"Politique d'int\u00e9grit\u00e9 - Child-Help Belgi\u00eb","isPartOf":{"@id":"https:\/\/child-help.be\/fr\/#website"},"datePublished":"2024-06-25T08:16:56+00:00","dateModified":"2026-03-09T13:37:08+00:00","breadcrumb":{"@id":"https:\/\/child-help.be\/fr\/a-propos-de-nous\/integriteitsbeleid\/#breadcrumb"},"inLanguage":"fr-BE","potentialAction":[{"@type":"ReadAction","target":["https:\/\/child-help.be\/fr\/a-propos-de-nous\/integriteitsbeleid\/"]}]},{"@type":"BreadcrumbList","@id":"https:\/\/child-help.be\/fr\/a-propos-de-nous\/integriteitsbeleid\/#breadcrumb","itemListElement":[{"@type":"ListItem","position":1,"name":"Home","item":"https:\/\/child-help.be\/fr\/"},{"@type":"ListItem","position":2,"name":"A propos de nous","item":"https:\/\/child-help.be\/fr\/a-propos-de-nous\/"},{"@type":"ListItem","position":3,"name":"Politique d&#8217;int\u00e9grit\u00e9"}]},{"@type":"WebSite","@id":"https:\/\/child-help.be\/fr\/#website","url":"https:\/\/child-help.be\/fr\/","name":"Child-Help Belgium","description":"","publisher":{"@id":"https:\/\/child-help.be\/fr\/#organization"},"potentialAction":[{"@type":"SearchAction","target":{"@type":"EntryPoint","urlTemplate":"https:\/\/child-help.be\/fr\/?s={search_term_string}"},"query-input":{"@type":"PropertyValueSpecification","valueRequired":true,"valueName":"search_term_string"}}],"inLanguage":"fr-BE"},{"@type":"Organization","@id":"https:\/\/child-help.be\/fr\/#organization","name":"Child-Help Belgium","url":"https:\/\/child-help.be\/fr\/","logo":{"@type":"ImageObject","inLanguage":"fr-BE","@id":"https:\/\/child-help.be\/fr\/#\/schema\/logo\/image\/","url":"https:\/\/staging.child-help.be\/wp-content\/uploads\/sites\/7\/2023\/10\/logo.png","contentUrl":"https:\/\/staging.child-help.be\/wp-content\/uploads\/sites\/7\/2023\/10\/logo.png","width":100,"height":58,"caption":"Child-Help Belgium"},"image":{"@id":"https:\/\/child-help.be\/fr\/#\/schema\/logo\/image\/"},"sameAs":["https:\/\/www.facebook.com\/CHInternational\/","https:\/\/www.instagram.com\/child_help.be\/"]}]}},"_links":{"self":[{"href":"https:\/\/child-help.be\/fr\/wp-json\/wp\/v2\/pages\/4200","targetHints":{"allow":["GET"]}}],"collection":[{"href":"https:\/\/child-help.be\/fr\/wp-json\/wp\/v2\/pages"}],"about":[{"href":"https:\/\/child-help.be\/fr\/wp-json\/wp\/v2\/types\/page"}],"author":[{"embeddable":true,"href":"https:\/\/child-help.be\/fr\/wp-json\/wp\/v2\/users\/15"}],"replies":[{"embeddable":true,"href":"https:\/\/child-help.be\/fr\/wp-json\/wp\/v2\/comments?post=4200"}],"version-history":[{"count":4,"href":"https:\/\/child-help.be\/fr\/wp-json\/wp\/v2\/pages\/4200\/revisions"}],"predecessor-version":[{"id":4202,"href":"https:\/\/child-help.be\/fr\/wp-json\/wp\/v2\/pages\/4200\/revisions\/4202"}],"up":[{"embeddable":true,"href":"https:\/\/child-help.be\/fr\/wp-json\/wp\/v2\/pages\/2988"}],"wp:attachment":[{"href":"https:\/\/child-help.be\/fr\/wp-json\/wp\/v2\/media?parent=4200"}],"curies":[{"name":"wp","href":"https:\/\/api.w.org\/{rel}","templated":true}]}}