{"id":4139,"date":"2026-01-30T11:10:51","date_gmt":"2026-01-30T11:10:51","guid":{"rendered":"https:\/\/child-help.be\/?page_id=4139"},"modified":"2026-02-19T12:45:22","modified_gmt":"2026-02-19T12:45:22","slug":"hydrocephalie-origine-et-traitement","status":"publish","type":"page","link":"https:\/\/child-help.be\/fr\/hydrocefalie-ontstaan-en-behandeling-2\/","title":{"rendered":"Hydroc\u00e9phalie : origine et traitement"},"content":{"rendered":"<p style=\"text-align: center\"><b>L&rsquo;hydroc\u00e9phalie (eau dans le cerveau) survient lorsque le liquide c\u00e9phalo-rachidien ne peut pas s&rsquo;\u00e9couler correctement. Un petit tube (shunt) plac\u00e9 sous l&rsquo;os du cr\u00e2ne permet d&rsquo;\u00e9vacuer le liquide et d&rsquo;\u00e9viter ainsi des cons\u00e9quences n\u00e9fastes et des douleurs.<\/b><\/p>\n<p style=\"text-align: center\"><b>On estime qu&rsquo;il y a chaque ann\u00e9e environ 600 000 \u00e0 900 000 cas d&rsquo;hydroc\u00e9phalie dans le monde, dont la plupart dans l&rsquo;h\u00e9misph\u00e8re sud.<\/b><\/p>\n<p style=\"text-align: center\"><span style=\"font-weight: 400\">L&rsquo;hydroc\u00e9phalie (eau dans la t\u00eate) survient lorsque le liquide, produit en continu par le cerveau, ne peut pas s&rsquo;\u00e9couler correctement. Nous produisons tous chaque jour <\/span><b>plus d&rsquo;un demi-litre de liquide c\u00e9phalo-rachidien<\/b><span style=\"font-weight: 400\">. Ce liquide enveloppe le cerveau et l&#8217;emp\u00eache de heurter la vo\u00fbte cr\u00e2nienne lors des mouvements, ce qui \u00e9vite les commotions c\u00e9r\u00e9brales. <\/span><b>Normalement, le liquide c\u00e9phalo-rachidien est absorb\u00e9 par notre circulation sanguine. <\/b><span style=\"font-weight: 400\">M\u00eame si <\/span><b>l&rsquo;\u00e9coulement <\/b><span style=\"font-weight: 400\">est <\/span><b>bloqu\u00e9<\/b><span style=\"font-weight: 400\"> \u00e0 un certain point par une obstruction, le cerveau continue \u00e0 produire sans cesse davantage de liquide.<\/span><\/p>\n","protected":false},"excerpt":{"rendered":"<p>L&rsquo;hydroc\u00e9phalie (eau dans le cerveau) survient lorsque le liquide c\u00e9phalo-rachidien ne peut pas s&rsquo;\u00e9couler correctement. Un petit tube (shunt) plac\u00e9 sous l&rsquo;os du cr\u00e2ne permet d&rsquo;\u00e9vacuer le liquide et d&rsquo;\u00e9viter ainsi des cons\u00e9quences n\u00e9fastes et des douleurs. On estime qu&rsquo;il y a chaque ann\u00e9e environ 600 000 \u00e0 900 000 cas d&rsquo;hydroc\u00e9phalie dans le monde, [&hellip;]<\/p>\n","protected":false},"author":15,"featured_media":0,"parent":0,"menu_order":0,"comment_status":"closed","ping_status":"closed","template":"","meta":{"_acf_changed":false,"inline_featured_image":false,"footnotes":""},"class_list":["post-4139","page","type-page","status-publish","hentry"],"acf":[],"yoast_head":"<!-- This site is optimized with the Yoast SEO plugin v27.0 - https:\/\/yoast.com\/product\/yoast-seo-wordpress\/ -->\n<title>Hydroc\u00e9phalie : origine et traitement - Child-Help Belgi\u00eb<\/title>\n<meta name=\"robots\" content=\"index, follow, max-snippet:-1, max-image-preview:large, max-video-preview:-1\" \/>\n<link rel=\"canonical\" href=\"https:\/\/child-help.be\/fr\/hydrocefalie-ontstaan-en-behandeling-2\/\" \/>\n<meta property=\"og:locale\" content=\"fr_FR\" \/>\n<meta property=\"og:type\" content=\"article\" \/>\n<meta property=\"og:title\" content=\"Hydroc\u00e9phalie : origine et traitement - Child-Help Belgi\u00eb\" \/>\n<meta property=\"og:description\" content=\"L&rsquo;hydroc\u00e9phalie (eau dans le cerveau) survient lorsque le liquide c\u00e9phalo-rachidien ne peut pas s&rsquo;\u00e9couler correctement. Un petit tube (shunt) plac\u00e9 sous l&rsquo;os du cr\u00e2ne permet d&rsquo;\u00e9vacuer le liquide et d&rsquo;\u00e9viter ainsi des cons\u00e9quences n\u00e9fastes et des douleurs. On estime qu&rsquo;il y a chaque ann\u00e9e environ 600 000 \u00e0 900 000 cas d&rsquo;hydroc\u00e9phalie dans le monde, [&hellip;]\" \/>\n<meta property=\"og:url\" content=\"https:\/\/child-help.be\/fr\/hydrocefalie-ontstaan-en-behandeling-2\/\" \/>\n<meta property=\"og:site_name\" content=\"Child-Help Belgi\u00eb\" \/>\n<meta property=\"article:publisher\" content=\"https:\/\/www.facebook.com\/CHInternational\/\" \/>\n<meta property=\"article:modified_time\" content=\"2026-02-19T12:45:22+00:00\" \/>\n<meta property=\"og:image\" content=\"https:\/\/child-help.be\/wp-content\/uploads\/sites\/7\/2024\/02\/IF_Kenya-50-crop-1.jpg\" \/>\n\t<meta property=\"og:image:width\" content=\"1367\" \/>\n\t<meta property=\"og:image:height\" content=\"911\" \/>\n\t<meta property=\"og:image:type\" content=\"image\/jpeg\" \/>\n<meta name=\"twitter:card\" content=\"summary_large_image\" \/>\n<meta name=\"twitter:label1\" content=\"Dur\u00e9e de lecture est.\" \/>\n\t<meta name=\"twitter:data1\" content=\"1 minute\" \/>\n<script type=\"application\/ld+json\" class=\"yoast-schema-graph\">{\"@context\":\"https:\/\/schema.org\",\"@graph\":[{\"@type\":\"WebPage\",\"@id\":\"https:\/\/child-help.be\/fr\/hydrocefalie-ontstaan-en-behandeling-2\/\",\"url\":\"https:\/\/child-help.be\/fr\/hydrocefalie-ontstaan-en-behandeling-2\/\",\"name\":\"Hydroc\u00e9phalie : origine et traitement - Child-Help Belgi\u00eb\",\"isPartOf\":{\"@id\":\"https:\/\/child-help.be\/fr\/#website\"},\"datePublished\":\"2026-01-30T11:10:51+00:00\",\"dateModified\":\"2026-02-19T12:45:22+00:00\",\"breadcrumb\":{\"@id\":\"https:\/\/child-help.be\/fr\/hydrocefalie-ontstaan-en-behandeling-2\/#breadcrumb\"},\"inLanguage\":\"fr-BE\",\"potentialAction\":[{\"@type\":\"ReadAction\",\"target\":[\"https:\/\/child-help.be\/fr\/hydrocefalie-ontstaan-en-behandeling-2\/\"]}]},{\"@type\":\"BreadcrumbList\",\"@id\":\"https:\/\/child-help.be\/fr\/hydrocefalie-ontstaan-en-behandeling-2\/#breadcrumb\",\"itemListElement\":[{\"@type\":\"ListItem\",\"position\":1,\"name\":\"Home\",\"item\":\"https:\/\/child-help.be\/fr\/\"},{\"@type\":\"ListItem\",\"position\":2,\"name\":\"Hydroc\u00e9phalie : origine et traitement\"}]},{\"@type\":\"WebSite\",\"@id\":\"https:\/\/child-help.be\/fr\/#website\",\"url\":\"https:\/\/child-help.be\/fr\/\",\"name\":\"Child-Help Belgium\",\"description\":\"\",\"publisher\":{\"@id\":\"https:\/\/child-help.be\/fr\/#organization\"},\"potentialAction\":[{\"@type\":\"SearchAction\",\"target\":{\"@type\":\"EntryPoint\",\"urlTemplate\":\"https:\/\/child-help.be\/fr\/?s={search_term_string}\"},\"query-input\":{\"@type\":\"PropertyValueSpecification\",\"valueRequired\":true,\"valueName\":\"search_term_string\"}}],\"inLanguage\":\"fr-BE\"},{\"@type\":\"Organization\",\"@id\":\"https:\/\/child-help.be\/fr\/#organization\",\"name\":\"Child-Help Belgium\",\"url\":\"https:\/\/child-help.be\/fr\/\",\"logo\":{\"@type\":\"ImageObject\",\"inLanguage\":\"fr-BE\",\"@id\":\"https:\/\/child-help.be\/fr\/#\/schema\/logo\/image\/\",\"url\":\"https:\/\/staging.child-help.be\/wp-content\/uploads\/sites\/7\/2023\/10\/logo.png\",\"contentUrl\":\"https:\/\/staging.child-help.be\/wp-content\/uploads\/sites\/7\/2023\/10\/logo.png\",\"width\":100,\"height\":58,\"caption\":\"Child-Help Belgium\"},\"image\":{\"@id\":\"https:\/\/child-help.be\/fr\/#\/schema\/logo\/image\/\"},\"sameAs\":[\"https:\/\/www.facebook.com\/CHInternational\/\",\"https:\/\/www.instagram.com\/child_help.be\/\"]}]}<\/script>\n<!-- \/ Yoast SEO plugin. -->","yoast_head_json":{"title":"Hydroc\u00e9phalie : origine et traitement - Child-Help Belgi\u00eb","robots":{"index":"index","follow":"follow","max-snippet":"max-snippet:-1","max-image-preview":"max-image-preview:large","max-video-preview":"max-video-preview:-1"},"canonical":"https:\/\/child-help.be\/fr\/hydrocefalie-ontstaan-en-behandeling-2\/","og_locale":"fr_FR","og_type":"article","og_title":"Hydroc\u00e9phalie : origine et traitement - Child-Help Belgi\u00eb","og_description":"L&rsquo;hydroc\u00e9phalie (eau dans le cerveau) survient lorsque le liquide c\u00e9phalo-rachidien ne peut pas s&rsquo;\u00e9couler correctement. Un petit tube (shunt) plac\u00e9 sous l&rsquo;os du cr\u00e2ne permet d&rsquo;\u00e9vacuer le liquide et d&rsquo;\u00e9viter ainsi des cons\u00e9quences n\u00e9fastes et des douleurs. On estime qu&rsquo;il y a chaque ann\u00e9e environ 600 000 \u00e0 900 000 cas d&rsquo;hydroc\u00e9phalie dans le monde, [&hellip;]","og_url":"https:\/\/child-help.be\/fr\/hydrocefalie-ontstaan-en-behandeling-2\/","og_site_name":"Child-Help Belgi\u00eb","article_publisher":"https:\/\/www.facebook.com\/CHInternational\/","article_modified_time":"2026-02-19T12:45:22+00:00","og_image":[{"width":1367,"height":911,"url":"https:\/\/child-help.be\/wp-content\/uploads\/sites\/7\/2024\/02\/IF_Kenya-50-crop-1.jpg","type":"image\/jpeg"}],"twitter_card":"summary_large_image","twitter_misc":{"Dur\u00e9e de lecture est.":"1 minute"},"schema":{"@context":"https:\/\/schema.org","@graph":[{"@type":"WebPage","@id":"https:\/\/child-help.be\/fr\/hydrocefalie-ontstaan-en-behandeling-2\/","url":"https:\/\/child-help.be\/fr\/hydrocefalie-ontstaan-en-behandeling-2\/","name":"Hydroc\u00e9phalie : origine et traitement - Child-Help Belgi\u00eb","isPartOf":{"@id":"https:\/\/child-help.be\/fr\/#website"},"datePublished":"2026-01-30T11:10:51+00:00","dateModified":"2026-02-19T12:45:22+00:00","breadcrumb":{"@id":"https:\/\/child-help.be\/fr\/hydrocefalie-ontstaan-en-behandeling-2\/#breadcrumb"},"inLanguage":"fr-BE","potentialAction":[{"@type":"ReadAction","target":["https:\/\/child-help.be\/fr\/hydrocefalie-ontstaan-en-behandeling-2\/"]}]},{"@type":"BreadcrumbList","@id":"https:\/\/child-help.be\/fr\/hydrocefalie-ontstaan-en-behandeling-2\/#breadcrumb","itemListElement":[{"@type":"ListItem","position":1,"name":"Home","item":"https:\/\/child-help.be\/fr\/"},{"@type":"ListItem","position":2,"name":"Hydroc\u00e9phalie : origine et traitement"}]},{"@type":"WebSite","@id":"https:\/\/child-help.be\/fr\/#website","url":"https:\/\/child-help.be\/fr\/","name":"Child-Help Belgium","description":"","publisher":{"@id":"https:\/\/child-help.be\/fr\/#organization"},"potentialAction":[{"@type":"SearchAction","target":{"@type":"EntryPoint","urlTemplate":"https:\/\/child-help.be\/fr\/?s={search_term_string}"},"query-input":{"@type":"PropertyValueSpecification","valueRequired":true,"valueName":"search_term_string"}}],"inLanguage":"fr-BE"},{"@type":"Organization","@id":"https:\/\/child-help.be\/fr\/#organization","name":"Child-Help Belgium","url":"https:\/\/child-help.be\/fr\/","logo":{"@type":"ImageObject","inLanguage":"fr-BE","@id":"https:\/\/child-help.be\/fr\/#\/schema\/logo\/image\/","url":"https:\/\/staging.child-help.be\/wp-content\/uploads\/sites\/7\/2023\/10\/logo.png","contentUrl":"https:\/\/staging.child-help.be\/wp-content\/uploads\/sites\/7\/2023\/10\/logo.png","width":100,"height":58,"caption":"Child-Help Belgium"},"image":{"@id":"https:\/\/child-help.be\/fr\/#\/schema\/logo\/image\/"},"sameAs":["https:\/\/www.facebook.com\/CHInternational\/","https:\/\/www.instagram.com\/child_help.be\/"]}]}},"_links":{"self":[{"href":"https:\/\/child-help.be\/fr\/wp-json\/wp\/v2\/pages\/4139","targetHints":{"allow":["GET"]}}],"collection":[{"href":"https:\/\/child-help.be\/fr\/wp-json\/wp\/v2\/pages"}],"about":[{"href":"https:\/\/child-help.be\/fr\/wp-json\/wp\/v2\/types\/page"}],"author":[{"embeddable":true,"href":"https:\/\/child-help.be\/fr\/wp-json\/wp\/v2\/users\/15"}],"replies":[{"embeddable":true,"href":"https:\/\/child-help.be\/fr\/wp-json\/wp\/v2\/comments?post=4139"}],"version-history":[{"count":3,"href":"https:\/\/child-help.be\/fr\/wp-json\/wp\/v2\/pages\/4139\/revisions"}],"predecessor-version":[{"id":4183,"href":"https:\/\/child-help.be\/fr\/wp-json\/wp\/v2\/pages\/4139\/revisions\/4183"}],"wp:attachment":[{"href":"https:\/\/child-help.be\/fr\/wp-json\/wp\/v2\/media?parent=4139"}],"curies":[{"name":"wp","href":"https:\/\/api.w.org\/{rel}","templated":true}]}}