{"id":4133,"date":"2026-01-30T10:22:47","date_gmt":"2026-01-30T10:22:47","guid":{"rendered":"https:\/\/child-help.be\/spina-bifida-ontstaan-gevolgen-en-behandeling\/"},"modified":"2026-02-19T12:49:22","modified_gmt":"2026-02-19T12:49:22","slug":"spina-bifida-ontstaan-gevolgen-en-behandeling","status":"publish","type":"page","link":"https:\/\/child-help.be\/fr\/spina-bifida-ontstaan-gevolgen-en-behandeling\/","title":{"rendered":"Spina bifida : origine, cons\u00e9quences et traitement"},"content":{"rendered":"<p><b>Suivant les estimations, on recense chaque ann\u00e9e quelque 320 000 cas de spina bifida (malformation cong\u00e9nitale de la colonne vert\u00e9brale) dans le monde. La plupart des b\u00e9b\u00e9s atteints de cette malformation naissent dans l&rsquo;h\u00e9misph\u00e8re sud. Pour seulement trois euros par an, nous pouvons pr\u00e9venir cette maladie.<\/b><\/p>\n","protected":false},"excerpt":{"rendered":"<p>Suivant les estimations, on recense chaque ann\u00e9e quelque 320 000 cas de spina bifida (malformation cong\u00e9nitale de la colonne vert\u00e9brale) dans le monde. La plupart des b\u00e9b\u00e9s atteints de cette malformation naissent dans l&rsquo;h\u00e9misph\u00e8re sud. Pour seulement trois euros par an, nous pouvons pr\u00e9venir cette maladie.<\/p>\n","protected":false},"author":15,"featured_media":0,"parent":0,"menu_order":0,"comment_status":"closed","ping_status":"closed","template":"","meta":{"_acf_changed":false,"inline_featured_image":false,"footnotes":""},"class_list":["post-4133","page","type-page","status-publish","hentry"],"acf":[],"yoast_head":"<!-- This site is optimized with the Yoast SEO plugin v27.0 - https:\/\/yoast.com\/product\/yoast-seo-wordpress\/ -->\n<title>Spina bifida : origine, cons\u00e9quences et traitement - Child-Help Belgi\u00eb<\/title>\n<meta name=\"robots\" content=\"index, follow, max-snippet:-1, max-image-preview:large, max-video-preview:-1\" \/>\n<link rel=\"canonical\" href=\"https:\/\/child-help.be\/fr\/spina-bifida-ontstaan-gevolgen-en-behandeling\/\" \/>\n<meta property=\"og:locale\" content=\"fr_FR\" \/>\n<meta property=\"og:type\" content=\"article\" \/>\n<meta property=\"og:title\" content=\"Spina bifida : origine, cons\u00e9quences et traitement - Child-Help Belgi\u00eb\" \/>\n<meta property=\"og:description\" content=\"Suivant les estimations, on recense chaque ann\u00e9e quelque 320 000 cas de spina bifida (malformation cong\u00e9nitale de la colonne vert\u00e9brale) dans le monde. La plupart des b\u00e9b\u00e9s atteints de cette malformation naissent dans l&rsquo;h\u00e9misph\u00e8re sud. Pour seulement trois euros par an, nous pouvons pr\u00e9venir cette maladie.\" \/>\n<meta property=\"og:url\" content=\"https:\/\/child-help.be\/fr\/spina-bifida-ontstaan-gevolgen-en-behandeling\/\" \/>\n<meta property=\"og:site_name\" content=\"Child-Help Belgi\u00eb\" \/>\n<meta property=\"article:publisher\" content=\"https:\/\/www.facebook.com\/CHInternational\/\" \/>\n<meta property=\"article:modified_time\" content=\"2026-02-19T12:49:22+00:00\" \/>\n<meta property=\"og:image\" content=\"https:\/\/child-help.be\/wp-content\/uploads\/sites\/7\/2024\/02\/IF_Kenya-50-crop-1.jpg\" \/>\n\t<meta property=\"og:image:width\" content=\"1367\" \/>\n\t<meta property=\"og:image:height\" content=\"911\" \/>\n\t<meta property=\"og:image:type\" content=\"image\/jpeg\" \/>\n<meta name=\"twitter:card\" content=\"summary_large_image\" \/>\n<meta name=\"twitter:label1\" content=\"Dur\u00e9e de lecture est.\" \/>\n\t<meta name=\"twitter:data1\" content=\"1 minute\" \/>\n<script type=\"application\/ld+json\" class=\"yoast-schema-graph\">{\"@context\":\"https:\/\/schema.org\",\"@graph\":[{\"@type\":\"WebPage\",\"@id\":\"https:\/\/child-help.be\/fr\/spina-bifida-ontstaan-gevolgen-en-behandeling\/\",\"url\":\"https:\/\/child-help.be\/fr\/spina-bifida-ontstaan-gevolgen-en-behandeling\/\",\"name\":\"Spina bifida : origine, cons\u00e9quences et traitement - Child-Help Belgi\u00eb\",\"isPartOf\":{\"@id\":\"https:\/\/child-help.be\/fr\/#website\"},\"datePublished\":\"2026-01-30T10:22:47+00:00\",\"dateModified\":\"2026-02-19T12:49:22+00:00\",\"breadcrumb\":{\"@id\":\"https:\/\/child-help.be\/fr\/spina-bifida-ontstaan-gevolgen-en-behandeling\/#breadcrumb\"},\"inLanguage\":\"fr-BE\",\"potentialAction\":[{\"@type\":\"ReadAction\",\"target\":[\"https:\/\/child-help.be\/fr\/spina-bifida-ontstaan-gevolgen-en-behandeling\/\"]}]},{\"@type\":\"BreadcrumbList\",\"@id\":\"https:\/\/child-help.be\/fr\/spina-bifida-ontstaan-gevolgen-en-behandeling\/#breadcrumb\",\"itemListElement\":[{\"@type\":\"ListItem\",\"position\":1,\"name\":\"Home\",\"item\":\"https:\/\/child-help.be\/fr\/\"},{\"@type\":\"ListItem\",\"position\":2,\"name\":\"Spina bifida : origine, cons\u00e9quences et traitement\"}]},{\"@type\":\"WebSite\",\"@id\":\"https:\/\/child-help.be\/fr\/#website\",\"url\":\"https:\/\/child-help.be\/fr\/\",\"name\":\"Child-Help Belgium\",\"description\":\"\",\"publisher\":{\"@id\":\"https:\/\/child-help.be\/fr\/#organization\"},\"potentialAction\":[{\"@type\":\"SearchAction\",\"target\":{\"@type\":\"EntryPoint\",\"urlTemplate\":\"https:\/\/child-help.be\/fr\/?s={search_term_string}\"},\"query-input\":{\"@type\":\"PropertyValueSpecification\",\"valueRequired\":true,\"valueName\":\"search_term_string\"}}],\"inLanguage\":\"fr-BE\"},{\"@type\":\"Organization\",\"@id\":\"https:\/\/child-help.be\/fr\/#organization\",\"name\":\"Child-Help Belgium\",\"url\":\"https:\/\/child-help.be\/fr\/\",\"logo\":{\"@type\":\"ImageObject\",\"inLanguage\":\"fr-BE\",\"@id\":\"https:\/\/child-help.be\/fr\/#\/schema\/logo\/image\/\",\"url\":\"https:\/\/staging.child-help.be\/wp-content\/uploads\/sites\/7\/2023\/10\/logo.png\",\"contentUrl\":\"https:\/\/staging.child-help.be\/wp-content\/uploads\/sites\/7\/2023\/10\/logo.png\",\"width\":100,\"height\":58,\"caption\":\"Child-Help Belgium\"},\"image\":{\"@id\":\"https:\/\/child-help.be\/fr\/#\/schema\/logo\/image\/\"},\"sameAs\":[\"https:\/\/www.facebook.com\/CHInternational\/\",\"https:\/\/www.instagram.com\/child_help.be\/\"]}]}<\/script>\n<!-- \/ Yoast SEO plugin. -->","yoast_head_json":{"title":"Spina bifida : origine, cons\u00e9quences et traitement - Child-Help Belgi\u00eb","robots":{"index":"index","follow":"follow","max-snippet":"max-snippet:-1","max-image-preview":"max-image-preview:large","max-video-preview":"max-video-preview:-1"},"canonical":"https:\/\/child-help.be\/fr\/spina-bifida-ontstaan-gevolgen-en-behandeling\/","og_locale":"fr_FR","og_type":"article","og_title":"Spina bifida : origine, cons\u00e9quences et traitement - Child-Help Belgi\u00eb","og_description":"Suivant les estimations, on recense chaque ann\u00e9e quelque 320 000 cas de spina bifida (malformation cong\u00e9nitale de la colonne vert\u00e9brale) dans le monde. La plupart des b\u00e9b\u00e9s atteints de cette malformation naissent dans l&rsquo;h\u00e9misph\u00e8re sud. Pour seulement trois euros par an, nous pouvons pr\u00e9venir cette maladie.","og_url":"https:\/\/child-help.be\/fr\/spina-bifida-ontstaan-gevolgen-en-behandeling\/","og_site_name":"Child-Help Belgi\u00eb","article_publisher":"https:\/\/www.facebook.com\/CHInternational\/","article_modified_time":"2026-02-19T12:49:22+00:00","og_image":[{"width":1367,"height":911,"url":"https:\/\/child-help.be\/wp-content\/uploads\/sites\/7\/2024\/02\/IF_Kenya-50-crop-1.jpg","type":"image\/jpeg"}],"twitter_card":"summary_large_image","twitter_misc":{"Dur\u00e9e de lecture est.":"1 minute"},"schema":{"@context":"https:\/\/schema.org","@graph":[{"@type":"WebPage","@id":"https:\/\/child-help.be\/fr\/spina-bifida-ontstaan-gevolgen-en-behandeling\/","url":"https:\/\/child-help.be\/fr\/spina-bifida-ontstaan-gevolgen-en-behandeling\/","name":"Spina bifida : origine, cons\u00e9quences et traitement - Child-Help Belgi\u00eb","isPartOf":{"@id":"https:\/\/child-help.be\/fr\/#website"},"datePublished":"2026-01-30T10:22:47+00:00","dateModified":"2026-02-19T12:49:22+00:00","breadcrumb":{"@id":"https:\/\/child-help.be\/fr\/spina-bifida-ontstaan-gevolgen-en-behandeling\/#breadcrumb"},"inLanguage":"fr-BE","potentialAction":[{"@type":"ReadAction","target":["https:\/\/child-help.be\/fr\/spina-bifida-ontstaan-gevolgen-en-behandeling\/"]}]},{"@type":"BreadcrumbList","@id":"https:\/\/child-help.be\/fr\/spina-bifida-ontstaan-gevolgen-en-behandeling\/#breadcrumb","itemListElement":[{"@type":"ListItem","position":1,"name":"Home","item":"https:\/\/child-help.be\/fr\/"},{"@type":"ListItem","position":2,"name":"Spina bifida : origine, cons\u00e9quences et traitement"}]},{"@type":"WebSite","@id":"https:\/\/child-help.be\/fr\/#website","url":"https:\/\/child-help.be\/fr\/","name":"Child-Help Belgium","description":"","publisher":{"@id":"https:\/\/child-help.be\/fr\/#organization"},"potentialAction":[{"@type":"SearchAction","target":{"@type":"EntryPoint","urlTemplate":"https:\/\/child-help.be\/fr\/?s={search_term_string}"},"query-input":{"@type":"PropertyValueSpecification","valueRequired":true,"valueName":"search_term_string"}}],"inLanguage":"fr-BE"},{"@type":"Organization","@id":"https:\/\/child-help.be\/fr\/#organization","name":"Child-Help Belgium","url":"https:\/\/child-help.be\/fr\/","logo":{"@type":"ImageObject","inLanguage":"fr-BE","@id":"https:\/\/child-help.be\/fr\/#\/schema\/logo\/image\/","url":"https:\/\/staging.child-help.be\/wp-content\/uploads\/sites\/7\/2023\/10\/logo.png","contentUrl":"https:\/\/staging.child-help.be\/wp-content\/uploads\/sites\/7\/2023\/10\/logo.png","width":100,"height":58,"caption":"Child-Help Belgium"},"image":{"@id":"https:\/\/child-help.be\/fr\/#\/schema\/logo\/image\/"},"sameAs":["https:\/\/www.facebook.com\/CHInternational\/","https:\/\/www.instagram.com\/child_help.be\/"]}]}},"_links":{"self":[{"href":"https:\/\/child-help.be\/fr\/wp-json\/wp\/v2\/pages\/4133","targetHints":{"allow":["GET"]}}],"collection":[{"href":"https:\/\/child-help.be\/fr\/wp-json\/wp\/v2\/pages"}],"about":[{"href":"https:\/\/child-help.be\/fr\/wp-json\/wp\/v2\/types\/page"}],"author":[{"embeddable":true,"href":"https:\/\/child-help.be\/fr\/wp-json\/wp\/v2\/users\/15"}],"replies":[{"embeddable":true,"href":"https:\/\/child-help.be\/fr\/wp-json\/wp\/v2\/comments?post=4133"}],"version-history":[{"count":3,"href":"https:\/\/child-help.be\/fr\/wp-json\/wp\/v2\/pages\/4133\/revisions"}],"predecessor-version":[{"id":4184,"href":"https:\/\/child-help.be\/fr\/wp-json\/wp\/v2\/pages\/4133\/revisions\/4184"}],"wp:attachment":[{"href":"https:\/\/child-help.be\/fr\/wp-json\/wp\/v2\/media?parent=4133"}],"curies":[{"name":"wp","href":"https:\/\/api.w.org\/{rel}","templated":true}]}}