{"id":3816,"date":"2025-10-14T09:20:31","date_gmt":"2025-10-14T09:20:31","guid":{"rendered":"https:\/\/child-help.be\/?page_id=3816"},"modified":"2025-10-14T09:23:41","modified_gmt":"2025-10-14T09:23:41","slug":"journee-mondiale-du-spina-bifida-et-de-lhydrocephalie-wsbhd","status":"publish","type":"page","link":"https:\/\/child-help.be\/fr\/journee-mondiale-du-spina-bifida-et-de-lhydrocephalie-wsbhd\/","title":{"rendered":"Journ\u00e9e mondiale du spina bifida et de l&rsquo;hydroc\u00e9phalie (WSBHD)"},"content":{"rendered":"<p><span style=\"font-weight: 400\">Le <strong>25 octobre<\/strong> est la Journ\u00e9e mondiale du spina bifida et de l&rsquo;hydroc\u00e9phalie. Cette journ\u00e9e rassemble des personnes du monde entier afin d&rsquo;attirer l&rsquo;attention sur ces deux maladies graves, mais souvent n\u00e9glig\u00e9es. Elle a \u00e9t\u00e9 cr\u00e9\u00e9e en 2011 par <\/span><a href=\"https:\/\/ifglobal.org\/\"><span style=\"font-weight: 400\">la F\u00e9d\u00e9ration internationale pour le spina bifida et l&rsquo;hydroc\u00e9phalie (<\/span><\/a><span style=\"font-weight: 400\">IF<\/span><a href=\"https:\/\/ifglobal.org\/\"><span style=\"font-weight: 400\">)<\/span><\/a><span style=\"font-weight: 400\"> pour sensibiliser le public aux besoins des personnes touch\u00e9es et de leurs familles et pour am\u00e9liorer leur qualit\u00e9 de vie.<\/span><\/p>\n","protected":false},"excerpt":{"rendered":"<p>Le 25 octobre est la Journ\u00e9e mondiale du spina bifida et de l&rsquo;hydroc\u00e9phalie. Cette journ\u00e9e rassemble des personnes du monde entier afin d&rsquo;attirer l&rsquo;attention sur ces deux maladies graves, mais souvent n\u00e9glig\u00e9es. Elle a \u00e9t\u00e9 cr\u00e9\u00e9e en 2011 par la F\u00e9d\u00e9ration internationale pour le spina bifida et l&rsquo;hydroc\u00e9phalie (IF) pour sensibiliser le public aux besoins [&hellip;]<\/p>\n","protected":false},"author":15,"featured_media":3687,"parent":0,"menu_order":0,"comment_status":"closed","ping_status":"closed","template":"","meta":{"_acf_changed":false,"inline_featured_image":false,"footnotes":""},"class_list":["post-3816","page","type-page","status-publish","has-post-thumbnail","hentry"],"acf":[],"yoast_head":"<!-- This site is optimized with the Yoast SEO plugin v27.0 - https:\/\/yoast.com\/product\/yoast-seo-wordpress\/ -->\n<title>Journ\u00e9e mondiale du spina bifida et de l&#039;hydroc\u00e9phalie (WSBHD) - Child-Help Belgi\u00eb<\/title>\n<meta name=\"robots\" content=\"index, follow, max-snippet:-1, max-image-preview:large, max-video-preview:-1\" \/>\n<link rel=\"canonical\" href=\"https:\/\/child-help.be\/fr\/journee-mondiale-du-spina-bifida-et-de-lhydrocephalie-wsbhd\/\" \/>\n<meta property=\"og:locale\" content=\"fr_FR\" \/>\n<meta property=\"og:type\" content=\"article\" \/>\n<meta property=\"og:title\" content=\"Journ\u00e9e mondiale du spina bifida et de l&#039;hydroc\u00e9phalie (WSBHD) - Child-Help Belgi\u00eb\" \/>\n<meta property=\"og:description\" content=\"Le 25 octobre est la Journ\u00e9e mondiale du spina bifida et de l&rsquo;hydroc\u00e9phalie. Cette journ\u00e9e rassemble des personnes du monde entier afin d&rsquo;attirer l&rsquo;attention sur ces deux maladies graves, mais souvent n\u00e9glig\u00e9es. Elle a \u00e9t\u00e9 cr\u00e9\u00e9e en 2011 par la F\u00e9d\u00e9ration internationale pour le spina bifida et l&rsquo;hydroc\u00e9phalie (IF) pour sensibiliser le public aux besoins [&hellip;]\" \/>\n<meta property=\"og:url\" content=\"https:\/\/child-help.be\/fr\/journee-mondiale-du-spina-bifida-et-de-lhydrocephalie-wsbhd\/\" \/>\n<meta property=\"og:site_name\" content=\"Child-Help Belgi\u00eb\" \/>\n<meta property=\"article:publisher\" content=\"https:\/\/www.facebook.com\/CHInternational\/\" \/>\n<meta property=\"article:modified_time\" content=\"2025-10-14T09:23:41+00:00\" \/>\n<meta property=\"og:image\" content=\"https:\/\/child-help.be\/wp-content\/uploads\/sites\/7\/2025\/09\/WSBHD-banner-scaled-1-e1760433814873.png\" \/>\n\t<meta property=\"og:image:width\" content=\"1200\" \/>\n\t<meta property=\"og:image:height\" content=\"600\" \/>\n\t<meta property=\"og:image:type\" content=\"image\/png\" \/>\n<meta name=\"twitter:card\" content=\"summary_large_image\" \/>\n<meta name=\"twitter:label1\" content=\"Dur\u00e9e de lecture est.\" \/>\n\t<meta name=\"twitter:data1\" content=\"1 minute\" \/>\n<script type=\"application\/ld+json\" class=\"yoast-schema-graph\">{\"@context\":\"https:\/\/schema.org\",\"@graph\":[{\"@type\":\"WebPage\",\"@id\":\"https:\/\/child-help.be\/fr\/journee-mondiale-du-spina-bifida-et-de-lhydrocephalie-wsbhd\/\",\"url\":\"https:\/\/child-help.be\/fr\/journee-mondiale-du-spina-bifida-et-de-lhydrocephalie-wsbhd\/\",\"name\":\"Journ\u00e9e mondiale du spina bifida et de l'hydroc\u00e9phalie (WSBHD) - Child-Help Belgi\u00eb\",\"isPartOf\":{\"@id\":\"https:\/\/child-help.be\/fr\/#website\"},\"primaryImageOfPage\":{\"@id\":\"https:\/\/child-help.be\/fr\/journee-mondiale-du-spina-bifida-et-de-lhydrocephalie-wsbhd\/#primaryimage\"},\"image\":{\"@id\":\"https:\/\/child-help.be\/fr\/journee-mondiale-du-spina-bifida-et-de-lhydrocephalie-wsbhd\/#primaryimage\"},\"thumbnailUrl\":\"https:\/\/child-help.be\/wp-content\/uploads\/sites\/7\/2025\/09\/WSBHD-banner-scaled-1-e1760433814873.png\",\"datePublished\":\"2025-10-14T09:20:31+00:00\",\"dateModified\":\"2025-10-14T09:23:41+00:00\",\"breadcrumb\":{\"@id\":\"https:\/\/child-help.be\/fr\/journee-mondiale-du-spina-bifida-et-de-lhydrocephalie-wsbhd\/#breadcrumb\"},\"inLanguage\":\"fr-BE\",\"potentialAction\":[{\"@type\":\"ReadAction\",\"target\":[\"https:\/\/child-help.be\/fr\/journee-mondiale-du-spina-bifida-et-de-lhydrocephalie-wsbhd\/\"]}]},{\"@type\":\"ImageObject\",\"inLanguage\":\"fr-BE\",\"@id\":\"https:\/\/child-help.be\/fr\/journee-mondiale-du-spina-bifida-et-de-lhydrocephalie-wsbhd\/#primaryimage\",\"url\":\"https:\/\/child-help.be\/wp-content\/uploads\/sites\/7\/2025\/09\/WSBHD-banner-scaled-1-e1760433814873.png\",\"contentUrl\":\"https:\/\/child-help.be\/wp-content\/uploads\/sites\/7\/2025\/09\/WSBHD-banner-scaled-1-e1760433814873.png\",\"width\":1200,\"height\":600},{\"@type\":\"BreadcrumbList\",\"@id\":\"https:\/\/child-help.be\/fr\/journee-mondiale-du-spina-bifida-et-de-lhydrocephalie-wsbhd\/#breadcrumb\",\"itemListElement\":[{\"@type\":\"ListItem\",\"position\":1,\"name\":\"Home\",\"item\":\"https:\/\/child-help.be\/fr\/\"},{\"@type\":\"ListItem\",\"position\":2,\"name\":\"Journ\u00e9e mondiale du spina bifida et de l&#8217;hydroc\u00e9phalie (WSBHD)\"}]},{\"@type\":\"WebSite\",\"@id\":\"https:\/\/child-help.be\/fr\/#website\",\"url\":\"https:\/\/child-help.be\/fr\/\",\"name\":\"Child-Help Belgium\",\"description\":\"\",\"publisher\":{\"@id\":\"https:\/\/child-help.be\/fr\/#organization\"},\"potentialAction\":[{\"@type\":\"SearchAction\",\"target\":{\"@type\":\"EntryPoint\",\"urlTemplate\":\"https:\/\/child-help.be\/fr\/?s={search_term_string}\"},\"query-input\":{\"@type\":\"PropertyValueSpecification\",\"valueRequired\":true,\"valueName\":\"search_term_string\"}}],\"inLanguage\":\"fr-BE\"},{\"@type\":\"Organization\",\"@id\":\"https:\/\/child-help.be\/fr\/#organization\",\"name\":\"Child-Help Belgium\",\"url\":\"https:\/\/child-help.be\/fr\/\",\"logo\":{\"@type\":\"ImageObject\",\"inLanguage\":\"fr-BE\",\"@id\":\"https:\/\/child-help.be\/fr\/#\/schema\/logo\/image\/\",\"url\":\"https:\/\/staging.child-help.be\/wp-content\/uploads\/sites\/7\/2023\/10\/logo.png\",\"contentUrl\":\"https:\/\/staging.child-help.be\/wp-content\/uploads\/sites\/7\/2023\/10\/logo.png\",\"width\":100,\"height\":58,\"caption\":\"Child-Help Belgium\"},\"image\":{\"@id\":\"https:\/\/child-help.be\/fr\/#\/schema\/logo\/image\/\"},\"sameAs\":[\"https:\/\/www.facebook.com\/CHInternational\/\",\"https:\/\/www.instagram.com\/child_help.be\/\"]}]}<\/script>\n<!-- \/ Yoast SEO plugin. -->","yoast_head_json":{"title":"Journ\u00e9e mondiale du spina bifida et de l'hydroc\u00e9phalie (WSBHD) - Child-Help Belgi\u00eb","robots":{"index":"index","follow":"follow","max-snippet":"max-snippet:-1","max-image-preview":"max-image-preview:large","max-video-preview":"max-video-preview:-1"},"canonical":"https:\/\/child-help.be\/fr\/journee-mondiale-du-spina-bifida-et-de-lhydrocephalie-wsbhd\/","og_locale":"fr_FR","og_type":"article","og_title":"Journ\u00e9e mondiale du spina bifida et de l'hydroc\u00e9phalie (WSBHD) - Child-Help Belgi\u00eb","og_description":"Le 25 octobre est la Journ\u00e9e mondiale du spina bifida et de l&rsquo;hydroc\u00e9phalie. Cette journ\u00e9e rassemble des personnes du monde entier afin d&rsquo;attirer l&rsquo;attention sur ces deux maladies graves, mais souvent n\u00e9glig\u00e9es. Elle a \u00e9t\u00e9 cr\u00e9\u00e9e en 2011 par la F\u00e9d\u00e9ration internationale pour le spina bifida et l&rsquo;hydroc\u00e9phalie (IF) pour sensibiliser le public aux besoins [&hellip;]","og_url":"https:\/\/child-help.be\/fr\/journee-mondiale-du-spina-bifida-et-de-lhydrocephalie-wsbhd\/","og_site_name":"Child-Help Belgi\u00eb","article_publisher":"https:\/\/www.facebook.com\/CHInternational\/","article_modified_time":"2025-10-14T09:23:41+00:00","og_image":[{"width":1200,"height":600,"url":"https:\/\/child-help.be\/wp-content\/uploads\/sites\/7\/2025\/09\/WSBHD-banner-scaled-1-e1760433814873.png","type":"image\/png"}],"twitter_card":"summary_large_image","twitter_misc":{"Dur\u00e9e de lecture est.":"1 minute"},"schema":{"@context":"https:\/\/schema.org","@graph":[{"@type":"WebPage","@id":"https:\/\/child-help.be\/fr\/journee-mondiale-du-spina-bifida-et-de-lhydrocephalie-wsbhd\/","url":"https:\/\/child-help.be\/fr\/journee-mondiale-du-spina-bifida-et-de-lhydrocephalie-wsbhd\/","name":"Journ\u00e9e mondiale du spina bifida et de l'hydroc\u00e9phalie (WSBHD) - Child-Help Belgi\u00eb","isPartOf":{"@id":"https:\/\/child-help.be\/fr\/#website"},"primaryImageOfPage":{"@id":"https:\/\/child-help.be\/fr\/journee-mondiale-du-spina-bifida-et-de-lhydrocephalie-wsbhd\/#primaryimage"},"image":{"@id":"https:\/\/child-help.be\/fr\/journee-mondiale-du-spina-bifida-et-de-lhydrocephalie-wsbhd\/#primaryimage"},"thumbnailUrl":"https:\/\/child-help.be\/wp-content\/uploads\/sites\/7\/2025\/09\/WSBHD-banner-scaled-1-e1760433814873.png","datePublished":"2025-10-14T09:20:31+00:00","dateModified":"2025-10-14T09:23:41+00:00","breadcrumb":{"@id":"https:\/\/child-help.be\/fr\/journee-mondiale-du-spina-bifida-et-de-lhydrocephalie-wsbhd\/#breadcrumb"},"inLanguage":"fr-BE","potentialAction":[{"@type":"ReadAction","target":["https:\/\/child-help.be\/fr\/journee-mondiale-du-spina-bifida-et-de-lhydrocephalie-wsbhd\/"]}]},{"@type":"ImageObject","inLanguage":"fr-BE","@id":"https:\/\/child-help.be\/fr\/journee-mondiale-du-spina-bifida-et-de-lhydrocephalie-wsbhd\/#primaryimage","url":"https:\/\/child-help.be\/wp-content\/uploads\/sites\/7\/2025\/09\/WSBHD-banner-scaled-1-e1760433814873.png","contentUrl":"https:\/\/child-help.be\/wp-content\/uploads\/sites\/7\/2025\/09\/WSBHD-banner-scaled-1-e1760433814873.png","width":1200,"height":600},{"@type":"BreadcrumbList","@id":"https:\/\/child-help.be\/fr\/journee-mondiale-du-spina-bifida-et-de-lhydrocephalie-wsbhd\/#breadcrumb","itemListElement":[{"@type":"ListItem","position":1,"name":"Home","item":"https:\/\/child-help.be\/fr\/"},{"@type":"ListItem","position":2,"name":"Journ\u00e9e mondiale du spina bifida et de l&#8217;hydroc\u00e9phalie (WSBHD)"}]},{"@type":"WebSite","@id":"https:\/\/child-help.be\/fr\/#website","url":"https:\/\/child-help.be\/fr\/","name":"Child-Help Belgium","description":"","publisher":{"@id":"https:\/\/child-help.be\/fr\/#organization"},"potentialAction":[{"@type":"SearchAction","target":{"@type":"EntryPoint","urlTemplate":"https:\/\/child-help.be\/fr\/?s={search_term_string}"},"query-input":{"@type":"PropertyValueSpecification","valueRequired":true,"valueName":"search_term_string"}}],"inLanguage":"fr-BE"},{"@type":"Organization","@id":"https:\/\/child-help.be\/fr\/#organization","name":"Child-Help Belgium","url":"https:\/\/child-help.be\/fr\/","logo":{"@type":"ImageObject","inLanguage":"fr-BE","@id":"https:\/\/child-help.be\/fr\/#\/schema\/logo\/image\/","url":"https:\/\/staging.child-help.be\/wp-content\/uploads\/sites\/7\/2023\/10\/logo.png","contentUrl":"https:\/\/staging.child-help.be\/wp-content\/uploads\/sites\/7\/2023\/10\/logo.png","width":100,"height":58,"caption":"Child-Help Belgium"},"image":{"@id":"https:\/\/child-help.be\/fr\/#\/schema\/logo\/image\/"},"sameAs":["https:\/\/www.facebook.com\/CHInternational\/","https:\/\/www.instagram.com\/child_help.be\/"]}]}},"_links":{"self":[{"href":"https:\/\/child-help.be\/fr\/wp-json\/wp\/v2\/pages\/3816","targetHints":{"allow":["GET"]}}],"collection":[{"href":"https:\/\/child-help.be\/fr\/wp-json\/wp\/v2\/pages"}],"about":[{"href":"https:\/\/child-help.be\/fr\/wp-json\/wp\/v2\/types\/page"}],"author":[{"embeddable":true,"href":"https:\/\/child-help.be\/fr\/wp-json\/wp\/v2\/users\/15"}],"replies":[{"embeddable":true,"href":"https:\/\/child-help.be\/fr\/wp-json\/wp\/v2\/comments?post=3816"}],"version-history":[{"count":3,"href":"https:\/\/child-help.be\/fr\/wp-json\/wp\/v2\/pages\/3816\/revisions"}],"predecessor-version":[{"id":3844,"href":"https:\/\/child-help.be\/fr\/wp-json\/wp\/v2\/pages\/3816\/revisions\/3844"}],"wp:featuredmedia":[{"embeddable":true,"href":"https:\/\/child-help.be\/fr\/wp-json\/wp\/v2\/media\/3687"}],"wp:attachment":[{"href":"https:\/\/child-help.be\/fr\/wp-json\/wp\/v2\/media?parent=3816"}],"curies":[{"name":"wp","href":"https:\/\/api.w.org\/{rel}","templated":true}]}}