{"id":3056,"date":"2023-10-26T20:23:37","date_gmt":"2023-10-26T20:23:37","guid":{"rendered":"https:\/\/child-help.be\/contact\/"},"modified":"2025-05-06T13:54:45","modified_gmt":"2025-05-06T13:54:45","slug":"contact","status":"publish","type":"page","link":"https:\/\/child-help.be\/fr\/contact\/","title":{"rendered":"Contact"},"content":{"rendered":"<div class=\"wpforms-container wpforms-container-full\" id=\"wpforms-3060\"><form id=\"wpforms-form-3060\" class=\"wpforms-validate wpforms-form\" data-formid=\"3060\" method=\"post\" enctype=\"multipart\/form-data\" action=\"\/fr\/wp-json\/wp\/v2\/pages\/3056\" data-token=\"81d49c5d540ba4f96b8b27a8fc6fd6fd\" data-token-time=\"1775731979\"><noscript class=\"wpforms-error-noscript\">Veuillez activer JavaScript dans votre navigateur pour remplir ce formulaire.<\/noscript><div class=\"wpforms-field-container\"><div id=\"wpforms-3060-field_0-container\" class=\"wpforms-field wpforms-field-name\" data-field-id=\"0\"><label class=\"wpforms-field-label\" for=\"wpforms-3060-field_0\">Nom <span class=\"wpforms-required-label\">*<\/span><\/label><div class=\"wpforms-field-row wpforms-field-large\"><div class=\"wpforms-field-row-block wpforms-first wpforms-one-half\"><input type=\"text\" id=\"wpforms-3060-field_0\" class=\"wpforms-field-name-first wpforms-field-required\" name=\"wpforms[fields][0][first]\" placeholder=\"Pr\u00e9nom\" required><label for=\"wpforms-3060-field_0\" class=\"wpforms-field-sublabel after wpforms-sublabel-hide\">Voornaam<\/label><\/div><div class=\"wpforms-field-row-block wpforms-one-half\"><input type=\"text\" id=\"wpforms-3060-field_0-last\" class=\"wpforms-field-name-last wpforms-field-required\" name=\"wpforms[fields][0][last]\" placeholder=\"Nom\" required><label for=\"wpforms-3060-field_0-last\" class=\"wpforms-field-sublabel after wpforms-sublabel-hide\">Achternaam<\/label><\/div><\/div><\/div><div id=\"wpforms-3060-field_6-container\" class=\"wpforms-field wpforms-field-layout\" data-field-id=\"6\"><div class=\"wpforms-field-layout-columns wpforms-field-layout-preset-50-50\"><div class=\"wpforms-layout-column wpforms-layout-column-50\" ><div id=\"wpforms-3060-field_5-container\" class=\"wpforms-field wpforms-field-text\" data-field-id=\"5\"><label class=\"wpforms-field-label\" for=\"wpforms-3060-field_5\">Num\u00e9ro de t\u00e9l\u00e9phone<\/label><input type=\"text\" id=\"wpforms-3060-field_5\" class=\"wpforms-field-large\" name=\"wpforms[fields][5]\" placeholder=\"Ex. +32 470 12 34 56\" ><\/div><\/div><div class=\"wpforms-layout-column wpforms-layout-column-50\" ><div id=\"wpforms-3060-field_1-container\" class=\"wpforms-field wpforms-field-email\" data-field-id=\"1\"><label class=\"wpforms-field-label\" for=\"wpforms-3060-field_1\">Adresse e-mail <span class=\"wpforms-required-label\">*<\/span><\/label><input type=\"email\" id=\"wpforms-3060-field_1\" class=\"wpforms-field-large wpforms-field-required\" name=\"wpforms[fields][1]\" spellcheck=\"false\" required><\/div><\/div><\/div><\/div><div id=\"wpforms-3060-field_7-container\" class=\"wpforms-field wpforms-field-text\" data-field-id=\"7\"><label class=\"wpforms-field-label\" for=\"wpforms-3060-field_7\">Sujet<\/label><input type=\"text\" id=\"wpforms-3060-field_7\" class=\"wpforms-field-large\" name=\"wpforms[fields][7]\" placeholder=\"Ex. information\" ><\/div><div id=\"wpforms-3060-field_8-container\" class=\"wpforms-field wpforms-field-select wpforms-field-select-style-classic\" data-field-id=\"8\"><label class=\"wpforms-field-label\" for=\"wpforms-3060-field_8\">Pays<\/label><select id=\"wpforms-3060-field_8\" class=\"wpforms-field-large\" name=\"wpforms[fields][8]\"><option value=\"Belgique\" >Belgique<\/option><option value=\"France\" >France<\/option><option value=\"Pays Bas\" >Pays Bas<\/option><option value=\"Allemagne\" >Allemagne<\/option><option value=\"Autres\" >Autres<\/option><\/select><\/div><div id=\"wpforms-3060-field_2-container\" class=\"wpforms-field wpforms-field-textarea\" data-field-id=\"2\"><label class=\"wpforms-field-label\" for=\"wpforms-3060-field_2\">Votre message <span class=\"wpforms-required-label\">*<\/span><\/label><textarea id=\"wpforms-3060-field_2\" class=\"wpforms-field-medium wpforms-field-required\" name=\"wpforms[fields][2]\" placeholder=\"Message\" required><\/textarea><\/div><div id=\"wpforms-3060-field_9-container\" class=\"wpforms-field wpforms-field-html\" data-field-id=\"9\"><div id=\"wpforms-3060-field_9\">Nous respectons votre vie priv\u00e9e. Vos donn\u00e9es seront toujours trait\u00e9es de mani\u00e8re confidentielle.<\/div><\/div><\/div><!-- .wpforms-field-container --><div class=\"wpforms-field wpforms-field-hp\"><label for=\"wpforms-3060-field-hp\" class=\"wpforms-field-label\">Website<\/label><input type=\"text\" name=\"wpforms[hp]\" id=\"wpforms-3060-field-hp\" class=\"wpforms-field-medium\"><\/div><div class=\"wpforms-submit-container\" ><input type=\"hidden\" name=\"wpforms[id]\" value=\"3060\"><input type=\"hidden\" name=\"page_title\" value=\"\"><input type=\"hidden\" name=\"page_url\" value=\"https:\/\/child-help.be\/fr\/wp-json\/wp\/v2\/pages\/3056\"><button type=\"submit\" name=\"wpforms[submit]\" id=\"wpforms-submit-3060\" class=\"wpforms-submit button\" data-alt-text=\"en cours d\u2019envoi...\" data-submit-text=\"Envoyez votre message\" aria-live=\"assertive\" value=\"wpforms-submit\">Envoyez votre message<\/button><\/div><\/form><\/div>  <!-- .wpforms-container -->\n<p>&nbsp;<\/p>\n<p>Child-Help asbl &#8211; De Keyserlei 60C bte 1301 &#8211; 2018 Anvers<\/p>\n<p>Tel.: +32 477 76 95 99 (Jan) ou +32 478 94 16 33 (Lies)<\/p>\n<p>E-mail: <a href=\"mailto:info@child-help.be\">info@child-help.be<\/a><\/p>\n<p>IBAN: BE56 7380 1971 7088<br \/>\nBIC: KREDBEBB<\/p>\n<p>Num\u00e9ro d\u2019entreprise d\u2019asbl:\u00a0 0883.566.169<\/p>\n","protected":false},"excerpt":{"rendered":"<p>&nbsp; Child-Help asbl &#8211; De Keyserlei 60C bte 1301 &#8211; 2018 Anvers Tel.: +32 477 76 95 99 (Jan) ou +32 478 94 16 33 (Lies) E-mail: info@child-help.be IBAN: BE56 7380 1971 7088 BIC: KREDBEBB Num\u00e9ro d\u2019entreprise d\u2019asbl:\u00a0 0883.566.169<\/p>\n","protected":false},"author":2,"featured_media":3057,"parent":0,"menu_order":0,"comment_status":"closed","ping_status":"closed","template":"template-contact.php","meta":{"_acf_changed":false,"inline_featured_image":false,"footnotes":""},"class_list":["post-3056","page","type-page","status-publish","has-post-thumbnail","hentry"],"acf":[],"yoast_head":"<!-- This site is optimized with the Yoast SEO plugin v27.0 - https:\/\/yoast.com\/product\/yoast-seo-wordpress\/ -->\n<title>Contact - Child-Help Belgi\u00eb<\/title>\n<meta name=\"robots\" content=\"index, follow, max-snippet:-1, max-image-preview:large, max-video-preview:-1\" \/>\n<link rel=\"canonical\" href=\"https:\/\/child-help.be\/fr\/contact\/\" \/>\n<meta property=\"og:locale\" content=\"fr_FR\" \/>\n<meta property=\"og:type\" content=\"article\" \/>\n<meta property=\"og:title\" content=\"Contact - Child-Help Belgi\u00eb\" \/>\n<meta property=\"og:description\" content=\"&nbsp; Child-Help asbl &#8211; De Keyserlei 60C bte 1301 &#8211; 2018 Anvers Tel.: +32 477 76 95 99 (Jan) ou +32 478 94 16 33 (Lies) E-mail: info@child-help.be IBAN: BE56 7380 1971 7088 BIC: KREDBEBB Num\u00e9ro d\u2019entreprise d\u2019asbl:\u00a0 0883.566.169\" \/>\n<meta property=\"og:url\" content=\"https:\/\/child-help.be\/fr\/contact\/\" \/>\n<meta property=\"og:site_name\" content=\"Child-Help Belgi\u00eb\" \/>\n<meta property=\"article:publisher\" content=\"https:\/\/www.facebook.com\/CHInternational\/\" \/>\n<meta property=\"article:modified_time\" content=\"2025-05-06T13:54:45+00:00\" \/>\n<meta property=\"og:image\" content=\"https:\/\/child-help.be\/wp-content\/uploads\/sites\/7\/2023\/12\/contact.jpg\" \/>\n\t<meta property=\"og:image:width\" content=\"625\" \/>\n\t<meta property=\"og:image:height\" content=\"860\" \/>\n\t<meta property=\"og:image:type\" content=\"image\/jpeg\" \/>\n<meta name=\"twitter:card\" content=\"summary_large_image\" \/>\n<meta name=\"twitter:label1\" content=\"Dur\u00e9e de lecture est.\" \/>\n\t<meta name=\"twitter:data1\" content=\"1 minute\" \/>\n<script type=\"application\/ld+json\" class=\"yoast-schema-graph\">{\"@context\":\"https:\/\/schema.org\",\"@graph\":[{\"@type\":\"WebPage\",\"@id\":\"https:\/\/child-help.be\/fr\/contact\/\",\"url\":\"https:\/\/child-help.be\/fr\/contact\/\",\"name\":\"Contact - Child-Help Belgi\u00eb\",\"isPartOf\":{\"@id\":\"https:\/\/child-help.be\/fr\/#website\"},\"primaryImageOfPage\":{\"@id\":\"https:\/\/child-help.be\/fr\/contact\/#primaryimage\"},\"image\":{\"@id\":\"https:\/\/child-help.be\/fr\/contact\/#primaryimage\"},\"thumbnailUrl\":\"https:\/\/child-help.be\/wp-content\/uploads\/sites\/7\/2023\/12\/contact.jpg\",\"datePublished\":\"2023-10-26T20:23:37+00:00\",\"dateModified\":\"2025-05-06T13:54:45+00:00\",\"breadcrumb\":{\"@id\":\"https:\/\/child-help.be\/fr\/contact\/#breadcrumb\"},\"inLanguage\":\"fr-BE\",\"potentialAction\":[{\"@type\":\"ReadAction\",\"target\":[\"https:\/\/child-help.be\/fr\/contact\/\"]}]},{\"@type\":\"ImageObject\",\"inLanguage\":\"fr-BE\",\"@id\":\"https:\/\/child-help.be\/fr\/contact\/#primaryimage\",\"url\":\"https:\/\/child-help.be\/wp-content\/uploads\/sites\/7\/2023\/12\/contact.jpg\",\"contentUrl\":\"https:\/\/child-help.be\/wp-content\/uploads\/sites\/7\/2023\/12\/contact.jpg\",\"width\":625,\"height\":860},{\"@type\":\"BreadcrumbList\",\"@id\":\"https:\/\/child-help.be\/fr\/contact\/#breadcrumb\",\"itemListElement\":[{\"@type\":\"ListItem\",\"position\":1,\"name\":\"Home\",\"item\":\"https:\/\/child-help.be\/fr\/\"},{\"@type\":\"ListItem\",\"position\":2,\"name\":\"Contact\"}]},{\"@type\":\"WebSite\",\"@id\":\"https:\/\/child-help.be\/fr\/#website\",\"url\":\"https:\/\/child-help.be\/fr\/\",\"name\":\"Child-Help Belgium\",\"description\":\"\",\"publisher\":{\"@id\":\"https:\/\/child-help.be\/fr\/#organization\"},\"potentialAction\":[{\"@type\":\"SearchAction\",\"target\":{\"@type\":\"EntryPoint\",\"urlTemplate\":\"https:\/\/child-help.be\/fr\/?s={search_term_string}\"},\"query-input\":{\"@type\":\"PropertyValueSpecification\",\"valueRequired\":true,\"valueName\":\"search_term_string\"}}],\"inLanguage\":\"fr-BE\"},{\"@type\":\"Organization\",\"@id\":\"https:\/\/child-help.be\/fr\/#organization\",\"name\":\"Child-Help Belgium\",\"url\":\"https:\/\/child-help.be\/fr\/\",\"logo\":{\"@type\":\"ImageObject\",\"inLanguage\":\"fr-BE\",\"@id\":\"https:\/\/child-help.be\/fr\/#\/schema\/logo\/image\/\",\"url\":\"https:\/\/staging.child-help.be\/wp-content\/uploads\/sites\/7\/2023\/10\/logo.png\",\"contentUrl\":\"https:\/\/staging.child-help.be\/wp-content\/uploads\/sites\/7\/2023\/10\/logo.png\",\"width\":100,\"height\":58,\"caption\":\"Child-Help Belgium\"},\"image\":{\"@id\":\"https:\/\/child-help.be\/fr\/#\/schema\/logo\/image\/\"},\"sameAs\":[\"https:\/\/www.facebook.com\/CHInternational\/\",\"https:\/\/www.instagram.com\/child_help.be\/\"]}]}<\/script>\n<!-- \/ Yoast SEO plugin. -->","yoast_head_json":{"title":"Contact - Child-Help Belgi\u00eb","robots":{"index":"index","follow":"follow","max-snippet":"max-snippet:-1","max-image-preview":"max-image-preview:large","max-video-preview":"max-video-preview:-1"},"canonical":"https:\/\/child-help.be\/fr\/contact\/","og_locale":"fr_FR","og_type":"article","og_title":"Contact - Child-Help Belgi\u00eb","og_description":"&nbsp; Child-Help asbl &#8211; De Keyserlei 60C bte 1301 &#8211; 2018 Anvers Tel.: +32 477 76 95 99 (Jan) ou +32 478 94 16 33 (Lies) E-mail: info@child-help.be IBAN: BE56 7380 1971 7088 BIC: KREDBEBB Num\u00e9ro d\u2019entreprise d\u2019asbl:\u00a0 0883.566.169","og_url":"https:\/\/child-help.be\/fr\/contact\/","og_site_name":"Child-Help Belgi\u00eb","article_publisher":"https:\/\/www.facebook.com\/CHInternational\/","article_modified_time":"2025-05-06T13:54:45+00:00","og_image":[{"width":625,"height":860,"url":"https:\/\/child-help.be\/wp-content\/uploads\/sites\/7\/2023\/12\/contact.jpg","type":"image\/jpeg"}],"twitter_card":"summary_large_image","twitter_misc":{"Dur\u00e9e de lecture est.":"1 minute"},"schema":{"@context":"https:\/\/schema.org","@graph":[{"@type":"WebPage","@id":"https:\/\/child-help.be\/fr\/contact\/","url":"https:\/\/child-help.be\/fr\/contact\/","name":"Contact - Child-Help Belgi\u00eb","isPartOf":{"@id":"https:\/\/child-help.be\/fr\/#website"},"primaryImageOfPage":{"@id":"https:\/\/child-help.be\/fr\/contact\/#primaryimage"},"image":{"@id":"https:\/\/child-help.be\/fr\/contact\/#primaryimage"},"thumbnailUrl":"https:\/\/child-help.be\/wp-content\/uploads\/sites\/7\/2023\/12\/contact.jpg","datePublished":"2023-10-26T20:23:37+00:00","dateModified":"2025-05-06T13:54:45+00:00","breadcrumb":{"@id":"https:\/\/child-help.be\/fr\/contact\/#breadcrumb"},"inLanguage":"fr-BE","potentialAction":[{"@type":"ReadAction","target":["https:\/\/child-help.be\/fr\/contact\/"]}]},{"@type":"ImageObject","inLanguage":"fr-BE","@id":"https:\/\/child-help.be\/fr\/contact\/#primaryimage","url":"https:\/\/child-help.be\/wp-content\/uploads\/sites\/7\/2023\/12\/contact.jpg","contentUrl":"https:\/\/child-help.be\/wp-content\/uploads\/sites\/7\/2023\/12\/contact.jpg","width":625,"height":860},{"@type":"BreadcrumbList","@id":"https:\/\/child-help.be\/fr\/contact\/#breadcrumb","itemListElement":[{"@type":"ListItem","position":1,"name":"Home","item":"https:\/\/child-help.be\/fr\/"},{"@type":"ListItem","position":2,"name":"Contact"}]},{"@type":"WebSite","@id":"https:\/\/child-help.be\/fr\/#website","url":"https:\/\/child-help.be\/fr\/","name":"Child-Help Belgium","description":"","publisher":{"@id":"https:\/\/child-help.be\/fr\/#organization"},"potentialAction":[{"@type":"SearchAction","target":{"@type":"EntryPoint","urlTemplate":"https:\/\/child-help.be\/fr\/?s={search_term_string}"},"query-input":{"@type":"PropertyValueSpecification","valueRequired":true,"valueName":"search_term_string"}}],"inLanguage":"fr-BE"},{"@type":"Organization","@id":"https:\/\/child-help.be\/fr\/#organization","name":"Child-Help Belgium","url":"https:\/\/child-help.be\/fr\/","logo":{"@type":"ImageObject","inLanguage":"fr-BE","@id":"https:\/\/child-help.be\/fr\/#\/schema\/logo\/image\/","url":"https:\/\/staging.child-help.be\/wp-content\/uploads\/sites\/7\/2023\/10\/logo.png","contentUrl":"https:\/\/staging.child-help.be\/wp-content\/uploads\/sites\/7\/2023\/10\/logo.png","width":100,"height":58,"caption":"Child-Help Belgium"},"image":{"@id":"https:\/\/child-help.be\/fr\/#\/schema\/logo\/image\/"},"sameAs":["https:\/\/www.facebook.com\/CHInternational\/","https:\/\/www.instagram.com\/child_help.be\/"]}]}},"_links":{"self":[{"href":"https:\/\/child-help.be\/fr\/wp-json\/wp\/v2\/pages\/3056","targetHints":{"allow":["GET"]}}],"collection":[{"href":"https:\/\/child-help.be\/fr\/wp-json\/wp\/v2\/pages"}],"about":[{"href":"https:\/\/child-help.be\/fr\/wp-json\/wp\/v2\/types\/page"}],"author":[{"embeddable":true,"href":"https:\/\/child-help.be\/fr\/wp-json\/wp\/v2\/users\/2"}],"replies":[{"embeddable":true,"href":"https:\/\/child-help.be\/fr\/wp-json\/wp\/v2\/comments?post=3056"}],"version-history":[{"count":4,"href":"https:\/\/child-help.be\/fr\/wp-json\/wp\/v2\/pages\/3056\/revisions"}],"predecessor-version":[{"id":3449,"href":"https:\/\/child-help.be\/fr\/wp-json\/wp\/v2\/pages\/3056\/revisions\/3449"}],"wp:featuredmedia":[{"embeddable":true,"href":"https:\/\/child-help.be\/fr\/wp-json\/wp\/v2\/media\/3057"}],"wp:attachment":[{"href":"https:\/\/child-help.be\/fr\/wp-json\/wp\/v2\/media?parent=3056"}],"curies":[{"name":"wp","href":"https:\/\/api.w.org\/{rel}","templated":true}]}}