{"id":2965,"date":"2023-12-19T09:08:46","date_gmt":"2023-12-19T09:08:46","guid":{"rendered":"https:\/\/child-help.be\/jaarverslagen\/"},"modified":"2026-01-29T11:00:34","modified_gmt":"2026-01-29T11:00:34","slug":"jaarverslagen","status":"publish","type":"page","link":"https:\/\/child-help.be\/fr\/jaarverslagen\/","title":{"rendered":"Rapports annuels"},"content":{"rendered":"<p><span style=\"font-weight: 400\">Nous tenons \u00e0 vous informer de nos activit\u00e9s et de nos projets dans le Sud et en Belgique. Dans notre rapport annuel, nous vous donnons \u00e9galement un aper\u00e7u de notre situation financi\u00e8re. Si vous souhaitez recevoir un exemplaire du rapport annuel le plus r\u00e9cent de Child-Help, contactez-nous \u00e0 l&rsquo;adresse <a href=\"mailto:info@child-help.be\">info@child-help.be<\/a>.<\/span><\/p>\n","protected":false},"excerpt":{"rendered":"<p>Nous tenons \u00e0 vous informer de nos activit\u00e9s et de nos projets dans le Sud et en Belgique. Dans notre rapport annuel, nous vous donnons \u00e9galement un aper\u00e7u de notre situation financi\u00e8re. Si vous souhaitez recevoir un exemplaire du rapport annuel le plus r\u00e9cent de Child-Help, contactez-nous \u00e0 l&rsquo;adresse info@child-help.be.<\/p>\n","protected":false},"author":4,"featured_media":0,"parent":0,"menu_order":0,"comment_status":"closed","ping_status":"closed","template":"","meta":{"_acf_changed":false,"inline_featured_image":false,"footnotes":""},"class_list":["post-2965","page","type-page","status-publish","hentry"],"acf":[],"yoast_head":"<!-- This site is optimized with the Yoast SEO plugin v27.0 - https:\/\/yoast.com\/product\/yoast-seo-wordpress\/ -->\n<title>Rapports annuels - Child-Help Belgi\u00eb<\/title>\n<meta name=\"robots\" content=\"index, follow, max-snippet:-1, max-image-preview:large, max-video-preview:-1\" \/>\n<link rel=\"canonical\" href=\"https:\/\/child-help.be\/fr\/jaarverslagen\/\" \/>\n<meta property=\"og:locale\" content=\"fr_FR\" \/>\n<meta property=\"og:type\" content=\"article\" \/>\n<meta property=\"og:title\" content=\"Rapports annuels - Child-Help Belgi\u00eb\" \/>\n<meta property=\"og:description\" content=\"Nous tenons \u00e0 vous informer de nos activit\u00e9s et de nos projets dans le Sud et en Belgique. Dans notre rapport annuel, nous vous donnons \u00e9galement un aper\u00e7u de notre situation financi\u00e8re. Si vous souhaitez recevoir un exemplaire du rapport annuel le plus r\u00e9cent de Child-Help, contactez-nous \u00e0 l&rsquo;adresse info@child-help.be.\" \/>\n<meta property=\"og:url\" content=\"https:\/\/child-help.be\/fr\/jaarverslagen\/\" \/>\n<meta property=\"og:site_name\" content=\"Child-Help Belgi\u00eb\" \/>\n<meta property=\"article:publisher\" content=\"https:\/\/www.facebook.com\/CHInternational\/\" \/>\n<meta property=\"article:modified_time\" content=\"2026-01-29T11:00:34+00:00\" \/>\n<meta property=\"og:image\" content=\"https:\/\/child-help.be\/wp-content\/uploads\/sites\/7\/2024\/02\/IF_Kenya-50-crop-1.jpg\" \/>\n\t<meta property=\"og:image:width\" content=\"1367\" \/>\n\t<meta property=\"og:image:height\" content=\"911\" \/>\n\t<meta property=\"og:image:type\" content=\"image\/jpeg\" \/>\n<meta name=\"twitter:card\" content=\"summary_large_image\" \/>\n<meta name=\"twitter:label1\" content=\"Dur\u00e9e de lecture est.\" \/>\n\t<meta name=\"twitter:data1\" content=\"1 minute\" \/>\n<script type=\"application\/ld+json\" class=\"yoast-schema-graph\">{\"@context\":\"https:\/\/schema.org\",\"@graph\":[{\"@type\":\"WebPage\",\"@id\":\"https:\/\/child-help.be\/fr\/jaarverslagen\/\",\"url\":\"https:\/\/child-help.be\/fr\/jaarverslagen\/\",\"name\":\"Rapports annuels - Child-Help Belgi\u00eb\",\"isPartOf\":{\"@id\":\"https:\/\/child-help.be\/fr\/#website\"},\"datePublished\":\"2023-12-19T09:08:46+00:00\",\"dateModified\":\"2026-01-29T11:00:34+00:00\",\"breadcrumb\":{\"@id\":\"https:\/\/child-help.be\/fr\/jaarverslagen\/#breadcrumb\"},\"inLanguage\":\"fr-BE\",\"potentialAction\":[{\"@type\":\"ReadAction\",\"target\":[\"https:\/\/child-help.be\/fr\/jaarverslagen\/\"]}]},{\"@type\":\"BreadcrumbList\",\"@id\":\"https:\/\/child-help.be\/fr\/jaarverslagen\/#breadcrumb\",\"itemListElement\":[{\"@type\":\"ListItem\",\"position\":1,\"name\":\"Home\",\"item\":\"https:\/\/child-help.be\/fr\/\"},{\"@type\":\"ListItem\",\"position\":2,\"name\":\"Rapports annuels\"}]},{\"@type\":\"WebSite\",\"@id\":\"https:\/\/child-help.be\/fr\/#website\",\"url\":\"https:\/\/child-help.be\/fr\/\",\"name\":\"Child-Help Belgium\",\"description\":\"\",\"publisher\":{\"@id\":\"https:\/\/child-help.be\/fr\/#organization\"},\"potentialAction\":[{\"@type\":\"SearchAction\",\"target\":{\"@type\":\"EntryPoint\",\"urlTemplate\":\"https:\/\/child-help.be\/fr\/?s={search_term_string}\"},\"query-input\":{\"@type\":\"PropertyValueSpecification\",\"valueRequired\":true,\"valueName\":\"search_term_string\"}}],\"inLanguage\":\"fr-BE\"},{\"@type\":\"Organization\",\"@id\":\"https:\/\/child-help.be\/fr\/#organization\",\"name\":\"Child-Help Belgium\",\"url\":\"https:\/\/child-help.be\/fr\/\",\"logo\":{\"@type\":\"ImageObject\",\"inLanguage\":\"fr-BE\",\"@id\":\"https:\/\/child-help.be\/fr\/#\/schema\/logo\/image\/\",\"url\":\"https:\/\/staging.child-help.be\/wp-content\/uploads\/sites\/7\/2023\/10\/logo.png\",\"contentUrl\":\"https:\/\/staging.child-help.be\/wp-content\/uploads\/sites\/7\/2023\/10\/logo.png\",\"width\":100,\"height\":58,\"caption\":\"Child-Help Belgium\"},\"image\":{\"@id\":\"https:\/\/child-help.be\/fr\/#\/schema\/logo\/image\/\"},\"sameAs\":[\"https:\/\/www.facebook.com\/CHInternational\/\",\"https:\/\/www.instagram.com\/child_help.be\/\"]}]}<\/script>\n<!-- \/ Yoast SEO plugin. -->","yoast_head_json":{"title":"Rapports annuels - Child-Help Belgi\u00eb","robots":{"index":"index","follow":"follow","max-snippet":"max-snippet:-1","max-image-preview":"max-image-preview:large","max-video-preview":"max-video-preview:-1"},"canonical":"https:\/\/child-help.be\/fr\/jaarverslagen\/","og_locale":"fr_FR","og_type":"article","og_title":"Rapports annuels - Child-Help Belgi\u00eb","og_description":"Nous tenons \u00e0 vous informer de nos activit\u00e9s et de nos projets dans le Sud et en Belgique. Dans notre rapport annuel, nous vous donnons \u00e9galement un aper\u00e7u de notre situation financi\u00e8re. Si vous souhaitez recevoir un exemplaire du rapport annuel le plus r\u00e9cent de Child-Help, contactez-nous \u00e0 l&rsquo;adresse info@child-help.be.","og_url":"https:\/\/child-help.be\/fr\/jaarverslagen\/","og_site_name":"Child-Help Belgi\u00eb","article_publisher":"https:\/\/www.facebook.com\/CHInternational\/","article_modified_time":"2026-01-29T11:00:34+00:00","og_image":[{"width":1367,"height":911,"url":"https:\/\/child-help.be\/wp-content\/uploads\/sites\/7\/2024\/02\/IF_Kenya-50-crop-1.jpg","type":"image\/jpeg"}],"twitter_card":"summary_large_image","twitter_misc":{"Dur\u00e9e de lecture est.":"1 minute"},"schema":{"@context":"https:\/\/schema.org","@graph":[{"@type":"WebPage","@id":"https:\/\/child-help.be\/fr\/jaarverslagen\/","url":"https:\/\/child-help.be\/fr\/jaarverslagen\/","name":"Rapports annuels - Child-Help Belgi\u00eb","isPartOf":{"@id":"https:\/\/child-help.be\/fr\/#website"},"datePublished":"2023-12-19T09:08:46+00:00","dateModified":"2026-01-29T11:00:34+00:00","breadcrumb":{"@id":"https:\/\/child-help.be\/fr\/jaarverslagen\/#breadcrumb"},"inLanguage":"fr-BE","potentialAction":[{"@type":"ReadAction","target":["https:\/\/child-help.be\/fr\/jaarverslagen\/"]}]},{"@type":"BreadcrumbList","@id":"https:\/\/child-help.be\/fr\/jaarverslagen\/#breadcrumb","itemListElement":[{"@type":"ListItem","position":1,"name":"Home","item":"https:\/\/child-help.be\/fr\/"},{"@type":"ListItem","position":2,"name":"Rapports annuels"}]},{"@type":"WebSite","@id":"https:\/\/child-help.be\/fr\/#website","url":"https:\/\/child-help.be\/fr\/","name":"Child-Help Belgium","description":"","publisher":{"@id":"https:\/\/child-help.be\/fr\/#organization"},"potentialAction":[{"@type":"SearchAction","target":{"@type":"EntryPoint","urlTemplate":"https:\/\/child-help.be\/fr\/?s={search_term_string}"},"query-input":{"@type":"PropertyValueSpecification","valueRequired":true,"valueName":"search_term_string"}}],"inLanguage":"fr-BE"},{"@type":"Organization","@id":"https:\/\/child-help.be\/fr\/#organization","name":"Child-Help Belgium","url":"https:\/\/child-help.be\/fr\/","logo":{"@type":"ImageObject","inLanguage":"fr-BE","@id":"https:\/\/child-help.be\/fr\/#\/schema\/logo\/image\/","url":"https:\/\/staging.child-help.be\/wp-content\/uploads\/sites\/7\/2023\/10\/logo.png","contentUrl":"https:\/\/staging.child-help.be\/wp-content\/uploads\/sites\/7\/2023\/10\/logo.png","width":100,"height":58,"caption":"Child-Help Belgium"},"image":{"@id":"https:\/\/child-help.be\/fr\/#\/schema\/logo\/image\/"},"sameAs":["https:\/\/www.facebook.com\/CHInternational\/","https:\/\/www.instagram.com\/child_help.be\/"]}]}},"_links":{"self":[{"href":"https:\/\/child-help.be\/fr\/wp-json\/wp\/v2\/pages\/2965","targetHints":{"allow":["GET"]}}],"collection":[{"href":"https:\/\/child-help.be\/fr\/wp-json\/wp\/v2\/pages"}],"about":[{"href":"https:\/\/child-help.be\/fr\/wp-json\/wp\/v2\/types\/page"}],"author":[{"embeddable":true,"href":"https:\/\/child-help.be\/fr\/wp-json\/wp\/v2\/users\/4"}],"replies":[{"embeddable":true,"href":"https:\/\/child-help.be\/fr\/wp-json\/wp\/v2\/comments?post=2965"}],"version-history":[{"count":5,"href":"https:\/\/child-help.be\/fr\/wp-json\/wp\/v2\/pages\/2965\/revisions"}],"predecessor-version":[{"id":4097,"href":"https:\/\/child-help.be\/fr\/wp-json\/wp\/v2\/pages\/2965\/revisions\/4097"}],"wp:attachment":[{"href":"https:\/\/child-help.be\/fr\/wp-json\/wp\/v2\/media?parent=2965"}],"curies":[{"name":"wp","href":"https:\/\/api.w.org\/{rel}","templated":true}]}}