{"id":2961,"date":"2024-01-30T10:47:18","date_gmt":"2024-01-30T10:47:18","guid":{"rendered":"https:\/\/child-help.be\/links\/"},"modified":"2025-02-04T14:13:51","modified_gmt":"2025-02-04T14:13:51","slug":"links","status":"publish","type":"page","link":"https:\/\/child-help.be\/fr\/links\/","title":{"rendered":"Liens"},"content":{"rendered":"<p><strong><a title=\"child-help international\" href=\"https:\/\/child-help.international\/\" target=\"_blank\" rel=\"noreferrer noopener\">Child-Help International<\/a><\/strong><\/p>\n<p><span style=\"font-weight: 400\">Outre Child-Help Belgique, Child-Help a \u00e9t\u00e9 lanc\u00e9 en Italie et aux Pays-Bas en 2014. Child-Help Allemagne a \u00e9t\u00e9 fond\u00e9 en 2015 et Child-Help France en 2016. En 2019, Child-Help Tanzanie a \u00e9t\u00e9 lanc\u00e9.<\/span><\/p>\n<p><span style=\"font-weight: 400\">Ensemble, ces associations forment l&rsquo;organisation fa\u00eeti\u00e8re<\/span>\u00a0<a title=\"child-help international\" href=\"https:\/\/child-help.international\/\" target=\"_blank\" rel=\"noreferrer noopener\">Child-Help International<\/a>.<\/p>\n<p><strong><a href=\"https:\/\/ifchildhelp.wordpress.com\/\">Seppe en Afrique<\/a><\/strong><\/p>\n<p><span style=\"font-weight: 400\">Pierre Mertens, directeur de Child-Help, et son fils Maarten, auteur et acteur, par exemple Seppe Cremer de Kaat&amp;Co (un), ont visit\u00e9 des projets de Child-Help en Afrique de l&rsquo;Est.<\/span><\/p>\n<p><strong><a href=\"https:\/\/www.ifglobal.org\/\" target=\"_blank\" rel=\"noreferrer noopener\">IF Global<\/a><\/strong><\/p>\n<p><span style=\"font-weight: 400\">La F\u00e9d\u00e9ration internationale pour le spina-bifida et l&rsquo;hydroc\u00e9phalie (FI) est l&rsquo;organisation fa\u00eeti\u00e8re mondiale pour le spina-bifida et l&rsquo;hydroc\u00e9phalie. Elle a \u00e9t\u00e9 fond\u00e9e en 1979 par des organisations nationales repr\u00e9sentant les personnes atteintes de ces handicaps et leurs parents.<\/span><\/p>\n<p><strong><a href=\"https:\/\/www.spinabifida.be\/\" target=\"_blank\" rel=\"noreferrer noopener\">Vlaamse Vereniging voor Spina Bifida en Hydrocephalus<\/a><\/strong><\/p>\n<p><span style=\"font-weight: 400\">L&rsquo;association a \u00e9t\u00e9 cr\u00e9\u00e9e en 1979 en tant que groupe d&rsquo;entraide par et pour les personnes atteintes de spina bifida et leurs familles. La mission de l&rsquo;association est d&rsquo;am\u00e9liorer la qualit\u00e9 de vie et les soins des personnes atteintes de spina bifida et de r\u00e9duire l&rsquo;incidence de la maladie.<\/span><\/p>\n","protected":false},"excerpt":{"rendered":"<p>Child-Help International Outre Child-Help Belgique, Child-Help a \u00e9t\u00e9 lanc\u00e9 en Italie et aux Pays-Bas en 2014. Child-Help Allemagne a \u00e9t\u00e9 fond\u00e9 en 2015 et Child-Help France en 2016. En 2019, Child-Help Tanzanie a \u00e9t\u00e9 lanc\u00e9. Ensemble, ces associations forment l&rsquo;organisation fa\u00eeti\u00e8re\u00a0Child-Help International. Seppe en Afrique Pierre Mertens, directeur de Child-Help, et son fils Maarten, auteur [&hellip;]<\/p>\n","protected":false},"author":4,"featured_media":0,"parent":2988,"menu_order":0,"comment_status":"closed","ping_status":"closed","template":"","meta":{"_acf_changed":false,"inline_featured_image":false,"footnotes":""},"class_list":["post-2961","page","type-page","status-publish","hentry"],"acf":[],"yoast_head":"<!-- This site is optimized with the Yoast SEO plugin v27.0 - https:\/\/yoast.com\/product\/yoast-seo-wordpress\/ -->\n<title>Liens - Child-Help Belgi\u00eb<\/title>\n<meta name=\"robots\" content=\"index, follow, max-snippet:-1, max-image-preview:large, max-video-preview:-1\" \/>\n<link rel=\"canonical\" href=\"https:\/\/child-help.be\/fr\/links\/\" \/>\n<meta property=\"og:locale\" content=\"fr_FR\" \/>\n<meta property=\"og:type\" content=\"article\" \/>\n<meta property=\"og:title\" content=\"Liens - Child-Help Belgi\u00eb\" \/>\n<meta property=\"og:description\" content=\"Child-Help International Outre Child-Help Belgique, Child-Help a \u00e9t\u00e9 lanc\u00e9 en Italie et aux Pays-Bas en 2014. Child-Help Allemagne a \u00e9t\u00e9 fond\u00e9 en 2015 et Child-Help France en 2016. En 2019, Child-Help Tanzanie a \u00e9t\u00e9 lanc\u00e9. Ensemble, ces associations forment l&rsquo;organisation fa\u00eeti\u00e8re\u00a0Child-Help International. Seppe en Afrique Pierre Mertens, directeur de Child-Help, et son fils Maarten, auteur [&hellip;]\" \/>\n<meta property=\"og:url\" content=\"https:\/\/child-help.be\/fr\/links\/\" \/>\n<meta property=\"og:site_name\" content=\"Child-Help Belgi\u00eb\" \/>\n<meta property=\"article:publisher\" content=\"https:\/\/www.facebook.com\/CHInternational\/\" \/>\n<meta property=\"article:modified_time\" content=\"2025-02-04T14:13:51+00:00\" \/>\n<meta property=\"og:image\" content=\"https:\/\/child-help.be\/wp-content\/uploads\/sites\/7\/2024\/02\/IF_Kenya-50-crop-1.jpg\" \/>\n\t<meta property=\"og:image:width\" content=\"1367\" \/>\n\t<meta property=\"og:image:height\" content=\"911\" \/>\n\t<meta property=\"og:image:type\" content=\"image\/jpeg\" \/>\n<meta name=\"twitter:card\" content=\"summary_large_image\" \/>\n<meta name=\"twitter:label1\" content=\"Dur\u00e9e de lecture est.\" \/>\n\t<meta name=\"twitter:data1\" content=\"1 minute\" \/>\n<script type=\"application\/ld+json\" class=\"yoast-schema-graph\">{\"@context\":\"https:\/\/schema.org\",\"@graph\":[{\"@type\":\"WebPage\",\"@id\":\"https:\/\/child-help.be\/fr\/links\/\",\"url\":\"https:\/\/child-help.be\/fr\/links\/\",\"name\":\"Liens - Child-Help Belgi\u00eb\",\"isPartOf\":{\"@id\":\"https:\/\/child-help.be\/fr\/#website\"},\"datePublished\":\"2024-01-30T10:47:18+00:00\",\"dateModified\":\"2025-02-04T14:13:51+00:00\",\"breadcrumb\":{\"@id\":\"https:\/\/child-help.be\/fr\/links\/#breadcrumb\"},\"inLanguage\":\"fr-BE\",\"potentialAction\":[{\"@type\":\"ReadAction\",\"target\":[\"https:\/\/child-help.be\/fr\/links\/\"]}]},{\"@type\":\"BreadcrumbList\",\"@id\":\"https:\/\/child-help.be\/fr\/links\/#breadcrumb\",\"itemListElement\":[{\"@type\":\"ListItem\",\"position\":1,\"name\":\"Home\",\"item\":\"https:\/\/child-help.be\/fr\/\"},{\"@type\":\"ListItem\",\"position\":2,\"name\":\"Liens\"}]},{\"@type\":\"WebSite\",\"@id\":\"https:\/\/child-help.be\/fr\/#website\",\"url\":\"https:\/\/child-help.be\/fr\/\",\"name\":\"Child-Help Belgium\",\"description\":\"\",\"publisher\":{\"@id\":\"https:\/\/child-help.be\/fr\/#organization\"},\"potentialAction\":[{\"@type\":\"SearchAction\",\"target\":{\"@type\":\"EntryPoint\",\"urlTemplate\":\"https:\/\/child-help.be\/fr\/?s={search_term_string}\"},\"query-input\":{\"@type\":\"PropertyValueSpecification\",\"valueRequired\":true,\"valueName\":\"search_term_string\"}}],\"inLanguage\":\"fr-BE\"},{\"@type\":\"Organization\",\"@id\":\"https:\/\/child-help.be\/fr\/#organization\",\"name\":\"Child-Help Belgium\",\"url\":\"https:\/\/child-help.be\/fr\/\",\"logo\":{\"@type\":\"ImageObject\",\"inLanguage\":\"fr-BE\",\"@id\":\"https:\/\/child-help.be\/fr\/#\/schema\/logo\/image\/\",\"url\":\"https:\/\/staging.child-help.be\/wp-content\/uploads\/sites\/7\/2023\/10\/logo.png\",\"contentUrl\":\"https:\/\/staging.child-help.be\/wp-content\/uploads\/sites\/7\/2023\/10\/logo.png\",\"width\":100,\"height\":58,\"caption\":\"Child-Help Belgium\"},\"image\":{\"@id\":\"https:\/\/child-help.be\/fr\/#\/schema\/logo\/image\/\"},\"sameAs\":[\"https:\/\/www.facebook.com\/CHInternational\/\",\"https:\/\/www.instagram.com\/child_help.be\/\"]}]}<\/script>\n<!-- \/ Yoast SEO plugin. -->","yoast_head_json":{"title":"Liens - Child-Help Belgi\u00eb","robots":{"index":"index","follow":"follow","max-snippet":"max-snippet:-1","max-image-preview":"max-image-preview:large","max-video-preview":"max-video-preview:-1"},"canonical":"https:\/\/child-help.be\/fr\/links\/","og_locale":"fr_FR","og_type":"article","og_title":"Liens - Child-Help Belgi\u00eb","og_description":"Child-Help International Outre Child-Help Belgique, Child-Help a \u00e9t\u00e9 lanc\u00e9 en Italie et aux Pays-Bas en 2014. Child-Help Allemagne a \u00e9t\u00e9 fond\u00e9 en 2015 et Child-Help France en 2016. En 2019, Child-Help Tanzanie a \u00e9t\u00e9 lanc\u00e9. Ensemble, ces associations forment l&rsquo;organisation fa\u00eeti\u00e8re\u00a0Child-Help International. Seppe en Afrique Pierre Mertens, directeur de Child-Help, et son fils Maarten, auteur [&hellip;]","og_url":"https:\/\/child-help.be\/fr\/links\/","og_site_name":"Child-Help Belgi\u00eb","article_publisher":"https:\/\/www.facebook.com\/CHInternational\/","article_modified_time":"2025-02-04T14:13:51+00:00","og_image":[{"width":1367,"height":911,"url":"https:\/\/child-help.be\/wp-content\/uploads\/sites\/7\/2024\/02\/IF_Kenya-50-crop-1.jpg","type":"image\/jpeg"}],"twitter_card":"summary_large_image","twitter_misc":{"Dur\u00e9e de lecture est.":"1 minute"},"schema":{"@context":"https:\/\/schema.org","@graph":[{"@type":"WebPage","@id":"https:\/\/child-help.be\/fr\/links\/","url":"https:\/\/child-help.be\/fr\/links\/","name":"Liens - Child-Help Belgi\u00eb","isPartOf":{"@id":"https:\/\/child-help.be\/fr\/#website"},"datePublished":"2024-01-30T10:47:18+00:00","dateModified":"2025-02-04T14:13:51+00:00","breadcrumb":{"@id":"https:\/\/child-help.be\/fr\/links\/#breadcrumb"},"inLanguage":"fr-BE","potentialAction":[{"@type":"ReadAction","target":["https:\/\/child-help.be\/fr\/links\/"]}]},{"@type":"BreadcrumbList","@id":"https:\/\/child-help.be\/fr\/links\/#breadcrumb","itemListElement":[{"@type":"ListItem","position":1,"name":"Home","item":"https:\/\/child-help.be\/fr\/"},{"@type":"ListItem","position":2,"name":"Liens"}]},{"@type":"WebSite","@id":"https:\/\/child-help.be\/fr\/#website","url":"https:\/\/child-help.be\/fr\/","name":"Child-Help Belgium","description":"","publisher":{"@id":"https:\/\/child-help.be\/fr\/#organization"},"potentialAction":[{"@type":"SearchAction","target":{"@type":"EntryPoint","urlTemplate":"https:\/\/child-help.be\/fr\/?s={search_term_string}"},"query-input":{"@type":"PropertyValueSpecification","valueRequired":true,"valueName":"search_term_string"}}],"inLanguage":"fr-BE"},{"@type":"Organization","@id":"https:\/\/child-help.be\/fr\/#organization","name":"Child-Help Belgium","url":"https:\/\/child-help.be\/fr\/","logo":{"@type":"ImageObject","inLanguage":"fr-BE","@id":"https:\/\/child-help.be\/fr\/#\/schema\/logo\/image\/","url":"https:\/\/staging.child-help.be\/wp-content\/uploads\/sites\/7\/2023\/10\/logo.png","contentUrl":"https:\/\/staging.child-help.be\/wp-content\/uploads\/sites\/7\/2023\/10\/logo.png","width":100,"height":58,"caption":"Child-Help Belgium"},"image":{"@id":"https:\/\/child-help.be\/fr\/#\/schema\/logo\/image\/"},"sameAs":["https:\/\/www.facebook.com\/CHInternational\/","https:\/\/www.instagram.com\/child_help.be\/"]}]}},"_links":{"self":[{"href":"https:\/\/child-help.be\/fr\/wp-json\/wp\/v2\/pages\/2961","targetHints":{"allow":["GET"]}}],"collection":[{"href":"https:\/\/child-help.be\/fr\/wp-json\/wp\/v2\/pages"}],"about":[{"href":"https:\/\/child-help.be\/fr\/wp-json\/wp\/v2\/types\/page"}],"author":[{"embeddable":true,"href":"https:\/\/child-help.be\/fr\/wp-json\/wp\/v2\/users\/4"}],"replies":[{"embeddable":true,"href":"https:\/\/child-help.be\/fr\/wp-json\/wp\/v2\/comments?post=2961"}],"version-history":[{"count":1,"href":"https:\/\/child-help.be\/fr\/wp-json\/wp\/v2\/pages\/2961\/revisions"}],"predecessor-version":[{"id":2962,"href":"https:\/\/child-help.be\/fr\/wp-json\/wp\/v2\/pages\/2961\/revisions\/2962"}],"up":[{"embeddable":true,"href":"https:\/\/child-help.be\/fr\/wp-json\/wp\/v2\/pages\/2988"}],"wp:attachment":[{"href":"https:\/\/child-help.be\/fr\/wp-json\/wp\/v2\/media?parent=2961"}],"curies":[{"name":"wp","href":"https:\/\/api.w.org\/{rel}","templated":true}]}}