{"id":2883,"date":"2023-12-19T09:14:06","date_gmt":"2023-12-19T09:14:06","guid":{"rendered":"https:\/\/child-help.be\/?page_id=2883"},"modified":"2025-02-04T12:37:32","modified_gmt":"2025-02-04T12:37:32","slug":"30-ans-de-child-help","status":"publish","type":"page","link":"https:\/\/child-help.be\/fr\/30-ans-de-child-help\/","title":{"rendered":"30 ans de Child-Help"},"content":{"rendered":"<p><span style=\"font-weight: 400\">Child-Help est issu de la F\u00e9d\u00e9ration Internationale pour le spina-bifida et l&rsquo;hydroc\u00e9phalie ou IF (<\/span><a href=\"http:\/\/www.ifglobal.org\/\"><span style=\"font-weight: 400\">www.ifglobal.org<\/span><\/a><span style=\"font-weight: 400\">).IF \u00e9tait et est toujours la f\u00e9d\u00e9ration mondiale de toutes les organisations nationales de personnes atteintes de spina-bifida et d&rsquo;hydroc\u00e9phalie et de leurs familles. C&rsquo;est une f\u00e9d\u00e9ration internationale de personnes atteintes de spina-bifida et\/ou d&rsquo;hydroc\u00e9phalie (SB&amp;H). IF est une organisation internationale de personnes avec handicap (I.DPO).<\/span><\/p>\n<p><span style=\"font-weight: 400\">En 1992, le pr\u00e9sident d\u2019IF, Bj\u00f6rn Rundstr\u00f6m, et son vice-pr\u00e9sident, Pierre Mertens, ont organis\u00e9 avec succ\u00e8s un atelier sur le spina-bifida et l&rsquo;hydroc\u00e9phalie lors du congr\u00e8s mondial de Rehabilitation International \u00e0 Nairobi. Ce fut le premier pas d\u2019IF vers le Sud. En 1995, Pierre Mertens a succ\u00e9d\u00e9 \u00e0 son pr\u00e9d\u00e9cesseur Bj\u00f6rn Rundstr\u00f6m \u00e0 la pr\u00e9sidence d\u2019IF. Pour r\u00e9pondre aux besoins importants de leurs pairs dans le monde entier, il a cr\u00e9\u00e9 au sein d\u2019IF un d\u00e9partement appel\u00e9 IF-Child-Help.<\/span><\/p>\n<p><span style=\"font-weight: 400\">En collaboration avec l&rsquo;\u00e9quipe spina bifida de Louvain, IF-Child-Help a organis\u00e9 des sessions de formation et a encourag\u00e9 les groupes de parents locaux \u00e0 s&rsquo;organiser. IF-Child-Help a trouv\u00e9 des ressources en Norv\u00e8ge puis en Su\u00e8de pour son travail en Afrique. Pour continuer \u00e0 d\u00e9velopper le r\u00e9seau europ\u00e9en d\u2019IF, le financement est venu de l&rsquo;Europe.<\/span><\/p>\n<p><span style=\"font-weight: 400\">IF-Child-Help a commenc\u00e9 \u00e0 travailler avec des h\u00f4pitaux et des centres de r\u00e9\u00e9ducation au Kenya, en Tanzanie, au Malawi, en Zambie, en Ouganda et au Soudan. Chaque projet a donn\u00e9 lieu \u00e0 l&rsquo;\u00e9mergence d&rsquo;un groupe d&rsquo;entraide qui s&rsquo;est transform\u00e9 en une organisation solide luttant pour des soins et des traitements de meilleure qualit\u00e9 et plus accessibles dans leurs pays. En collaboration avec ces organisations nationales de personnes handicap\u00e9es, IF-Child-Help a \u00e9t\u00e9 en mesure de d\u00e9finir les besoins du groupe cible dans les pays du Sud.<\/span><\/p>\n<p><span style=\"font-weight: 400\">Dans un premier temps, IF-Child-Help s&rsquo;est principalement appuy\u00e9 sur des initiatives existantes dans le Sud pour travailler avec des partenaires locaux afin de d\u00e9velopper des connaissances sur le traitement et les soins du groupe cible.<\/span><\/p>\n<p><span style=\"font-weight: 400\">Pour r\u00e9pondre \u00e0 la demande et aux besoins croissants dans le Sud, Child-Help International est devenu une organisation ind\u00e9pendante en 2006, avec un si\u00e8ge en Belgique et un bureau r\u00e9gional \u00e0 Dar es Salaam. Child-Help a continu\u00e9 \u00e0 travailler en \u00e9troite collaboration avec IF dont Pierre Mertens a \u00e9t\u00e9 le pr\u00e9sident jusqu&rsquo;en 2013. Apr\u00e8s avoir quitt\u00e9 IF, Pierre Mertens a pris la direction de Child-Help International et a cr\u00e9\u00e9 des antennes en Belgique, en Allemagne, aux Pays-Bas, en Tanzanie et en Italie. Le nouveau conseil d&rsquo;administration d&rsquo;IF lui a demand\u00e9 de continuer \u00e0 promouvoir IF dans le monde entier en tant qu&rsquo;ambassadeur mondial.<\/span><\/p>\n<p><span style=\"font-weight: 400\">Dans le m\u00eame esprit que IF, Child-Help International implique activement son groupe cible dans ses politiques et soutient et renforce le fonctionnement de ses organisations repr\u00e9sentatives. Elle les encourage \u00e0 devenir membres d\u2019IF et, le cas \u00e9ch\u00e9ant, \u00e0 payer les cotisations d\u2019IF si cela pose probl\u00e8me.<\/span><\/p>\n<p><span style=\"font-weight: 400\">IF et Child-Help ont beaucoup en commun parce qu&rsquo;ils sont devenus des acteurs mondiaux au service du m\u00eame public cible. Leurs missions et leurs visions sont les m\u00eames. Child-Help reconna\u00eet IF comme l&rsquo;organisation mondiale repr\u00e9sentant la voix des personnes atteintes de spina-bifida et d&rsquo;hydroc\u00e9phalie. Child-Help se concentre davantage sur l&rsquo;am\u00e9lioration de la qualit\u00e9 de vie des personnes atteintes de spina-bifida et d&rsquo;hydroc\u00e9phalie dans le Sud. Child-Help prend des initiatives en collaboration avec le groupe cible et les soignants professionnels pour rendre les soins et les traitements opportuns accessibles dans le Sud.<\/span><\/p>\n<p><span style=\"font-weight: 400\">Child-Help est devenu un expert dans la mise en application des connaissances mondiales sur le spina-bifida et l&rsquo;hydroc\u00e9phalie en solutions viables pour son groupe cible dans le Sud. Ces connaissances sont dynamiques et n\u00e9cessitent une mise \u00e0 jour constante. Dans le domaine de la neurochirurgie, Child-Help International collabore avec des r\u00e9seaux de chirurgiens tels que PAPSA, AFNS, GAPSBIF et des ONGI telles que Cure ne NeuroKids.<\/span><\/p>\n<p><span style=\"font-weight: 400\">Pour permettre un traitement rapide du spina-bifida et de l&rsquo;hydroc\u00e9phalie dans le Sud, Child-Help a commenc\u00e9 \u00e0 importer et \u00e0 fournir l&rsquo;\u00e9quipement m\u00e9dical manquant pour traiter le groupe cible.<\/span><\/p>\n<p><span style=\"font-weight: 400\">Child-Help a d\u00e9j\u00e0 contribu\u00e9 au traitement chirurgical d&rsquo;environ 100 000 enfants atteints de spina-bifida et d&rsquo;hydroc\u00e9phalie.<\/span><\/p>\n<p><span style=\"font-weight: 400\">Rendre les soins accessibles signifie parfois faire moins, mais mieux. L&rsquo;acc\u00e8s aux soins pour la population cible ne peut s&rsquo;am\u00e9liorer que si les soins restent abordables pour les patients et pour la soci\u00e9t\u00e9.<\/span><\/p>\n<p><span style=\"font-weight: 400\">Par exemple, Child-Help a mis au point, pour le spina-bifida, un programme abordable de gestion de l\u2019incontinence qui permet aussi de limiter les risques d\u2019infections r\u00e9nales. Child-Help a initi\u00e9 et contribu\u00e9 au d\u00e9veloppement de l&rsquo;ETV\/CPC, un traitement alternatif de l&rsquo;hydroc\u00e9phalie.<\/span><\/p>\n<p><span style=\"font-weight: 400\">Pour accueillir et soutenir les parents sur le chemin du traitement, Child-Help a d\u00e9velopp\u00e9 des refuges \u00e0 proximit\u00e9 des h\u00f4pitaux de r\u00e9f\u00e9rence. D\u00e9j\u00e0 16 Maisons de l&rsquo;espoir, du Vietnam au Guatemala en passant par l&rsquo;Afrique, offrent non seulement un abri mais aussi un soutien aux parents dans les soins qu&rsquo;ils prodiguent \u00e0 leurs enfants.<\/span><\/p>\n<p><span style=\"font-weight: 400\">Avec ses partenaires du monde entier, Child-Help a d\u00e9montr\u00e9 que la prise en charge de notre groupe cible est \u00e9galement possible dans le Sud, avec pour r\u00e9sultat un nombre important d&rsquo;adultes atteints de spina-bifida et d&rsquo;hydroc\u00e9phalie en bonne sant\u00e9 qui ont surv\u00e9cu et qui m\u00e8nent une vie de qualit\u00e9.<\/span><\/p>\n<p><span style=\"font-weight: 400\">Child-Help promeut la pr\u00e9vention primaire des ATN par le biais de suppl\u00e9ments et de l&rsquo;enrichissement des aliments de base. Child-Help, en collaboration avec la Fondation Bo Hjelt, a soutenu la recherche scientifique sur les causes du spina-bifida et de l&rsquo;hydroc\u00e9phalie et sur l&rsquo;am\u00e9lioration des traitements dans le Sud.<\/span><\/p>\n<p><span style=\"font-weight: 400\">Child-Help a financ\u00e9 tout cela principalement gr\u00e2ce \u00e0 la collecte de fonds aupr\u00e8s de donateurs individuels en Europe.<\/span><\/p>\n<p><span style=\"font-weight: 400\">Pour r\u00e9pondre \u00e0 la demande croissante, Child-Help International vise \u00e0 diversifier ses ressources en faisant appel \u00e0 des subventions structurelles nationales et internationales, \u00e0 des fondations et \u00e0 des fonds d&rsquo;entreprise. Child-Help souhaite s&rsquo;associer \u00e0 des ONG nationales et internationales dans le cadre d&rsquo;un programme pluriannuel pour mener \u00e0 bien sa mission.<\/span><\/p>\n","protected":false},"excerpt":{"rendered":"<p>Child-Help est issu de la F\u00e9d\u00e9ration Internationale pour le spina-bifida et l&rsquo;hydroc\u00e9phalie ou IF (www.ifglobal.org).IF \u00e9tait et est toujours la f\u00e9d\u00e9ration mondiale de toutes les organisations nationales de personnes atteintes de spina-bifida et d&rsquo;hydroc\u00e9phalie et de leurs familles. C&rsquo;est une f\u00e9d\u00e9ration internationale de personnes atteintes de spina-bifida et\/ou d&rsquo;hydroc\u00e9phalie (SB&amp;H). IF est une organisation internationale [&hellip;]<\/p>\n","protected":false},"author":15,"featured_media":0,"parent":2988,"menu_order":0,"comment_status":"closed","ping_status":"closed","template":"","meta":{"_acf_changed":false,"inline_featured_image":false,"footnotes":""},"class_list":["post-2883","page","type-page","status-publish","hentry"],"acf":[],"yoast_head":"<!-- This site is optimized with the Yoast SEO plugin v27.0 - https:\/\/yoast.com\/product\/yoast-seo-wordpress\/ -->\n<title>30 ans de Child-Help - Child-Help Belgi\u00eb<\/title>\n<meta name=\"robots\" content=\"index, follow, max-snippet:-1, max-image-preview:large, max-video-preview:-1\" \/>\n<link rel=\"canonical\" href=\"https:\/\/child-help.be\/fr\/30-ans-de-child-help\/\" \/>\n<meta property=\"og:locale\" content=\"fr_FR\" \/>\n<meta property=\"og:type\" content=\"article\" \/>\n<meta property=\"og:title\" content=\"30 ans de Child-Help - Child-Help Belgi\u00eb\" \/>\n<meta property=\"og:description\" content=\"Child-Help est issu de la F\u00e9d\u00e9ration Internationale pour le spina-bifida et l&rsquo;hydroc\u00e9phalie ou IF (www.ifglobal.org).IF \u00e9tait et est toujours la f\u00e9d\u00e9ration mondiale de toutes les organisations nationales de personnes atteintes de spina-bifida et d&rsquo;hydroc\u00e9phalie et de leurs familles. C&rsquo;est une f\u00e9d\u00e9ration internationale de personnes atteintes de spina-bifida et\/ou d&rsquo;hydroc\u00e9phalie (SB&amp;H). IF est une organisation internationale [&hellip;]\" \/>\n<meta property=\"og:url\" content=\"https:\/\/child-help.be\/fr\/30-ans-de-child-help\/\" \/>\n<meta property=\"og:site_name\" content=\"Child-Help Belgi\u00eb\" \/>\n<meta property=\"article:publisher\" content=\"https:\/\/www.facebook.com\/CHInternational\/\" \/>\n<meta property=\"article:modified_time\" content=\"2025-02-04T12:37:32+00:00\" \/>\n<meta property=\"og:image\" content=\"https:\/\/child-help.be\/wp-content\/uploads\/sites\/7\/2024\/02\/IF_Kenya-50-crop-1.jpg\" \/>\n\t<meta property=\"og:image:width\" content=\"1367\" \/>\n\t<meta property=\"og:image:height\" content=\"911\" \/>\n\t<meta property=\"og:image:type\" content=\"image\/jpeg\" \/>\n<meta name=\"twitter:card\" content=\"summary_large_image\" \/>\n<meta name=\"twitter:label1\" content=\"Dur\u00e9e de lecture est.\" \/>\n\t<meta name=\"twitter:data1\" content=\"5 minutes\" \/>\n<script type=\"application\/ld+json\" class=\"yoast-schema-graph\">{\"@context\":\"https:\/\/schema.org\",\"@graph\":[{\"@type\":\"WebPage\",\"@id\":\"https:\/\/child-help.be\/fr\/30-ans-de-child-help\/\",\"url\":\"https:\/\/child-help.be\/fr\/30-ans-de-child-help\/\",\"name\":\"30 ans de Child-Help - Child-Help Belgi\u00eb\",\"isPartOf\":{\"@id\":\"https:\/\/child-help.be\/fr\/#website\"},\"datePublished\":\"2023-12-19T09:14:06+00:00\",\"dateModified\":\"2025-02-04T12:37:32+00:00\",\"breadcrumb\":{\"@id\":\"https:\/\/child-help.be\/fr\/30-ans-de-child-help\/#breadcrumb\"},\"inLanguage\":\"fr-BE\",\"potentialAction\":[{\"@type\":\"ReadAction\",\"target\":[\"https:\/\/child-help.be\/fr\/30-ans-de-child-help\/\"]}]},{\"@type\":\"BreadcrumbList\",\"@id\":\"https:\/\/child-help.be\/fr\/30-ans-de-child-help\/#breadcrumb\",\"itemListElement\":[{\"@type\":\"ListItem\",\"position\":1,\"name\":\"Home\",\"item\":\"https:\/\/child-help.be\/fr\/\"},{\"@type\":\"ListItem\",\"position\":2,\"name\":\"30 ans de Child-Help\"}]},{\"@type\":\"WebSite\",\"@id\":\"https:\/\/child-help.be\/fr\/#website\",\"url\":\"https:\/\/child-help.be\/fr\/\",\"name\":\"Child-Help Belgium\",\"description\":\"\",\"publisher\":{\"@id\":\"https:\/\/child-help.be\/fr\/#organization\"},\"potentialAction\":[{\"@type\":\"SearchAction\",\"target\":{\"@type\":\"EntryPoint\",\"urlTemplate\":\"https:\/\/child-help.be\/fr\/?s={search_term_string}\"},\"query-input\":{\"@type\":\"PropertyValueSpecification\",\"valueRequired\":true,\"valueName\":\"search_term_string\"}}],\"inLanguage\":\"fr-BE\"},{\"@type\":\"Organization\",\"@id\":\"https:\/\/child-help.be\/fr\/#organization\",\"name\":\"Child-Help Belgium\",\"url\":\"https:\/\/child-help.be\/fr\/\",\"logo\":{\"@type\":\"ImageObject\",\"inLanguage\":\"fr-BE\",\"@id\":\"https:\/\/child-help.be\/fr\/#\/schema\/logo\/image\/\",\"url\":\"https:\/\/staging.child-help.be\/wp-content\/uploads\/sites\/7\/2023\/10\/logo.png\",\"contentUrl\":\"https:\/\/staging.child-help.be\/wp-content\/uploads\/sites\/7\/2023\/10\/logo.png\",\"width\":100,\"height\":58,\"caption\":\"Child-Help Belgium\"},\"image\":{\"@id\":\"https:\/\/child-help.be\/fr\/#\/schema\/logo\/image\/\"},\"sameAs\":[\"https:\/\/www.facebook.com\/CHInternational\/\",\"https:\/\/www.instagram.com\/child_help.be\/\"]}]}<\/script>\n<!-- \/ Yoast SEO plugin. -->","yoast_head_json":{"title":"30 ans de Child-Help - Child-Help Belgi\u00eb","robots":{"index":"index","follow":"follow","max-snippet":"max-snippet:-1","max-image-preview":"max-image-preview:large","max-video-preview":"max-video-preview:-1"},"canonical":"https:\/\/child-help.be\/fr\/30-ans-de-child-help\/","og_locale":"fr_FR","og_type":"article","og_title":"30 ans de Child-Help - Child-Help Belgi\u00eb","og_description":"Child-Help est issu de la F\u00e9d\u00e9ration Internationale pour le spina-bifida et l&rsquo;hydroc\u00e9phalie ou IF (www.ifglobal.org).IF \u00e9tait et est toujours la f\u00e9d\u00e9ration mondiale de toutes les organisations nationales de personnes atteintes de spina-bifida et d&rsquo;hydroc\u00e9phalie et de leurs familles. C&rsquo;est une f\u00e9d\u00e9ration internationale de personnes atteintes de spina-bifida et\/ou d&rsquo;hydroc\u00e9phalie (SB&amp;H). IF est une organisation internationale [&hellip;]","og_url":"https:\/\/child-help.be\/fr\/30-ans-de-child-help\/","og_site_name":"Child-Help Belgi\u00eb","article_publisher":"https:\/\/www.facebook.com\/CHInternational\/","article_modified_time":"2025-02-04T12:37:32+00:00","og_image":[{"width":1367,"height":911,"url":"https:\/\/child-help.be\/wp-content\/uploads\/sites\/7\/2024\/02\/IF_Kenya-50-crop-1.jpg","type":"image\/jpeg"}],"twitter_card":"summary_large_image","twitter_misc":{"Dur\u00e9e de lecture est.":"5 minutes"},"schema":{"@context":"https:\/\/schema.org","@graph":[{"@type":"WebPage","@id":"https:\/\/child-help.be\/fr\/30-ans-de-child-help\/","url":"https:\/\/child-help.be\/fr\/30-ans-de-child-help\/","name":"30 ans de Child-Help - Child-Help Belgi\u00eb","isPartOf":{"@id":"https:\/\/child-help.be\/fr\/#website"},"datePublished":"2023-12-19T09:14:06+00:00","dateModified":"2025-02-04T12:37:32+00:00","breadcrumb":{"@id":"https:\/\/child-help.be\/fr\/30-ans-de-child-help\/#breadcrumb"},"inLanguage":"fr-BE","potentialAction":[{"@type":"ReadAction","target":["https:\/\/child-help.be\/fr\/30-ans-de-child-help\/"]}]},{"@type":"BreadcrumbList","@id":"https:\/\/child-help.be\/fr\/30-ans-de-child-help\/#breadcrumb","itemListElement":[{"@type":"ListItem","position":1,"name":"Home","item":"https:\/\/child-help.be\/fr\/"},{"@type":"ListItem","position":2,"name":"30 ans de Child-Help"}]},{"@type":"WebSite","@id":"https:\/\/child-help.be\/fr\/#website","url":"https:\/\/child-help.be\/fr\/","name":"Child-Help Belgium","description":"","publisher":{"@id":"https:\/\/child-help.be\/fr\/#organization"},"potentialAction":[{"@type":"SearchAction","target":{"@type":"EntryPoint","urlTemplate":"https:\/\/child-help.be\/fr\/?s={search_term_string}"},"query-input":{"@type":"PropertyValueSpecification","valueRequired":true,"valueName":"search_term_string"}}],"inLanguage":"fr-BE"},{"@type":"Organization","@id":"https:\/\/child-help.be\/fr\/#organization","name":"Child-Help Belgium","url":"https:\/\/child-help.be\/fr\/","logo":{"@type":"ImageObject","inLanguage":"fr-BE","@id":"https:\/\/child-help.be\/fr\/#\/schema\/logo\/image\/","url":"https:\/\/staging.child-help.be\/wp-content\/uploads\/sites\/7\/2023\/10\/logo.png","contentUrl":"https:\/\/staging.child-help.be\/wp-content\/uploads\/sites\/7\/2023\/10\/logo.png","width":100,"height":58,"caption":"Child-Help Belgium"},"image":{"@id":"https:\/\/child-help.be\/fr\/#\/schema\/logo\/image\/"},"sameAs":["https:\/\/www.facebook.com\/CHInternational\/","https:\/\/www.instagram.com\/child_help.be\/"]}]}},"_links":{"self":[{"href":"https:\/\/child-help.be\/fr\/wp-json\/wp\/v2\/pages\/2883","targetHints":{"allow":["GET"]}}],"collection":[{"href":"https:\/\/child-help.be\/fr\/wp-json\/wp\/v2\/pages"}],"about":[{"href":"https:\/\/child-help.be\/fr\/wp-json\/wp\/v2\/types\/page"}],"author":[{"embeddable":true,"href":"https:\/\/child-help.be\/fr\/wp-json\/wp\/v2\/users\/15"}],"replies":[{"embeddable":true,"href":"https:\/\/child-help.be\/fr\/wp-json\/wp\/v2\/comments?post=2883"}],"version-history":[{"count":1,"href":"https:\/\/child-help.be\/fr\/wp-json\/wp\/v2\/pages\/2883\/revisions"}],"predecessor-version":[{"id":2884,"href":"https:\/\/child-help.be\/fr\/wp-json\/wp\/v2\/pages\/2883\/revisions\/2884"}],"up":[{"embeddable":true,"href":"https:\/\/child-help.be\/fr\/wp-json\/wp\/v2\/pages\/2988"}],"wp:attachment":[{"href":"https:\/\/child-help.be\/fr\/wp-json\/wp\/v2\/media?parent=2883"}],"curies":[{"name":"wp","href":"https:\/\/api.w.org\/{rel}","templated":true}]}}