{"id":2880,"date":"2024-02-19T19:15:04","date_gmt":"2024-02-19T19:15:04","guid":{"rendered":"https:\/\/child-help.be\/?page_id=2880"},"modified":"2025-02-04T12:16:02","modified_gmt":"2025-02-04T12:16:02","slug":"ce-que-nous-faisons","status":"publish","type":"page","link":"https:\/\/child-help.be\/fr\/ce-que-nous-faisons\/","title":{"rendered":"Ce que nous faisons"},"content":{"rendered":"<p><span style=\"font-weight: 400\">Child-Help est tout particuli\u00e8rement engag\u00e9 dans l\u2019aide \u00e0 apporter aux enfants atteints de spina-bifida et d&rsquo;hydroc\u00e9phalie dans les pays en d\u00e9veloppement. Une intervention chirurgicale s\u2019impose d\u00e8s apr\u00e8s la naissance.<\/span><\/p>\n<p><span style=\"font-weight: 400\">En cas de spina-bifida, le dos doit \u00eatre referm\u00e9 chirurgicalement et si le b\u00e9b\u00e9 d\u00e9veloppe une hydroc\u00e9phalie, une d\u00e9rivation doit \u00eatre implant\u00e9e dans sa t\u00eate pour drainer l&rsquo;exc\u00e8s de liquide c\u00e9phalo-rachidien. Pour garantir la qualit\u00e9 des soins, il faut former toutes les personnes impliqu\u00e9es : enfants, parents, organisations d&rsquo;entraide, infirmi\u00e8res, p\u00e9diatres, personnel param\u00e9dical et chirurgiens.<\/span><\/p>\n<p><img loading=\"lazy\" decoding=\"async\" class=\"wp-image-1114 size-full alignleft\" src=\"https:\/\/child-help.be\/wp-content\/uploads\/sites\/7\/2024\/02\/Child-Help-goede-doel-voor-kinderen.jpg\" alt=\"\" width=\"450\" height=\"300\" srcset=\"https:\/\/child-help.be\/wp-content\/uploads\/sites\/7\/2024\/02\/Child-Help-goede-doel-voor-kinderen.jpg 450w, https:\/\/child-help.be\/wp-content\/uploads\/sites\/7\/2024\/02\/Child-Help-goede-doel-voor-kinderen-300x200.jpg 300w\" sizes=\"auto, (max-width: 450px) 100vw, 450px\" \/><\/p>\n<p><span style=\"font-weight: 400\">Si n\u00e9cessaire, Child-Help fournit le mat\u00e9riel m\u00e9dical manquant et soutient les groupes de parents dans tous les projets.<\/span><\/p>\n<p><span style=\"font-weight: 400\">Child-Help travaille avec des partenaires locaux pour mettre en place des programmes qui aideront ces enfants et leurs parents leur vie durant.<\/span><\/p>\n<p><span style=\"font-weight: 400\">Trait\u00e9s \u00e0 temps, ces enfants peuvent mener une vie \u00e9panouie dans leur famille, leur quartier et \u00e0 l&rsquo;\u00e9cole.<\/span><\/p>\n<p><span style=\"font-weight: 400\">Child-Help contribue \u00e9galement \u00e0 la pr\u00e9vention du spina-bifida en distribuant des comprim\u00e9s d&rsquo;acide folique aux femmes enceintes et en faisant pression pour l\u2019enrichissement des aliments.\u00a0\u00a0<\/span><\/p>\n","protected":false},"excerpt":{"rendered":"<p>Child-Help est tout particuli\u00e8rement engag\u00e9 dans l\u2019aide \u00e0 apporter aux enfants atteints de spina-bifida et d&rsquo;hydroc\u00e9phalie dans les pays en d\u00e9veloppement. Une intervention chirurgicale s\u2019impose d\u00e8s apr\u00e8s la naissance. En cas de spina-bifida, le dos doit \u00eatre referm\u00e9 chirurgicalement et si le b\u00e9b\u00e9 d\u00e9veloppe une hydroc\u00e9phalie, une d\u00e9rivation doit \u00eatre implant\u00e9e dans sa t\u00eate pour [&hellip;]<\/p>\n","protected":false},"author":15,"featured_media":0,"parent":2988,"menu_order":0,"comment_status":"closed","ping_status":"closed","template":"","meta":{"_acf_changed":false,"inline_featured_image":false,"footnotes":""},"class_list":["post-2880","page","type-page","status-publish","hentry"],"acf":[],"yoast_head":"<!-- This site is optimized with the Yoast SEO plugin v27.0 - https:\/\/yoast.com\/product\/yoast-seo-wordpress\/ -->\n<title>Ce que nous faisons - Child-Help Belgi\u00eb<\/title>\n<meta name=\"robots\" content=\"index, follow, max-snippet:-1, max-image-preview:large, max-video-preview:-1\" \/>\n<link rel=\"canonical\" href=\"https:\/\/child-help.be\/fr\/ce-que-nous-faisons\/\" \/>\n<meta property=\"og:locale\" content=\"fr_FR\" \/>\n<meta property=\"og:type\" content=\"article\" \/>\n<meta property=\"og:title\" content=\"Ce que nous faisons - Child-Help Belgi\u00eb\" \/>\n<meta property=\"og:description\" content=\"Child-Help est tout particuli\u00e8rement engag\u00e9 dans l\u2019aide \u00e0 apporter aux enfants atteints de spina-bifida et d&rsquo;hydroc\u00e9phalie dans les pays en d\u00e9veloppement. Une intervention chirurgicale s\u2019impose d\u00e8s apr\u00e8s la naissance. En cas de spina-bifida, le dos doit \u00eatre referm\u00e9 chirurgicalement et si le b\u00e9b\u00e9 d\u00e9veloppe une hydroc\u00e9phalie, une d\u00e9rivation doit \u00eatre implant\u00e9e dans sa t\u00eate pour [&hellip;]\" \/>\n<meta property=\"og:url\" content=\"https:\/\/child-help.be\/fr\/ce-que-nous-faisons\/\" \/>\n<meta property=\"og:site_name\" content=\"Child-Help Belgi\u00eb\" \/>\n<meta property=\"article:publisher\" content=\"https:\/\/www.facebook.com\/CHInternational\/\" \/>\n<meta property=\"article:modified_time\" content=\"2025-02-04T12:16:02+00:00\" \/>\n<meta property=\"og:image\" content=\"https:\/\/child-help.be\/wp-content\/uploads\/sites\/7\/2024\/02\/Child-Help-goede-doel-voor-kinderen.jpg\" \/>\n\t<meta property=\"og:image:width\" content=\"450\" \/>\n\t<meta property=\"og:image:height\" content=\"300\" \/>\n\t<meta property=\"og:image:type\" content=\"image\/jpeg\" \/>\n<meta name=\"twitter:card\" content=\"summary_large_image\" \/>\n<meta name=\"twitter:label1\" content=\"Dur\u00e9e de lecture est.\" \/>\n\t<meta name=\"twitter:data1\" content=\"2 minutes\" \/>\n<script type=\"application\/ld+json\" class=\"yoast-schema-graph\">{\"@context\":\"https:\/\/schema.org\",\"@graph\":[{\"@type\":\"WebPage\",\"@id\":\"https:\/\/child-help.be\/fr\/ce-que-nous-faisons\/\",\"url\":\"https:\/\/child-help.be\/fr\/ce-que-nous-faisons\/\",\"name\":\"Ce que nous faisons - Child-Help Belgi\u00eb\",\"isPartOf\":{\"@id\":\"https:\/\/child-help.be\/fr\/#website\"},\"primaryImageOfPage\":{\"@id\":\"https:\/\/child-help.be\/fr\/ce-que-nous-faisons\/#primaryimage\"},\"image\":{\"@id\":\"https:\/\/child-help.be\/fr\/ce-que-nous-faisons\/#primaryimage\"},\"thumbnailUrl\":\"https:\/\/child-help.be\/wp-content\/uploads\/sites\/7\/2024\/02\/Child-Help-goede-doel-voor-kinderen.jpg\",\"datePublished\":\"2024-02-19T19:15:04+00:00\",\"dateModified\":\"2025-02-04T12:16:02+00:00\",\"breadcrumb\":{\"@id\":\"https:\/\/child-help.be\/fr\/ce-que-nous-faisons\/#breadcrumb\"},\"inLanguage\":\"fr-BE\",\"potentialAction\":[{\"@type\":\"ReadAction\",\"target\":[\"https:\/\/child-help.be\/fr\/ce-que-nous-faisons\/\"]}]},{\"@type\":\"ImageObject\",\"inLanguage\":\"fr-BE\",\"@id\":\"https:\/\/child-help.be\/fr\/ce-que-nous-faisons\/#primaryimage\",\"url\":\"https:\/\/child-help.be\/wp-content\/uploads\/sites\/7\/2024\/02\/Child-Help-goede-doel-voor-kinderen.jpg\",\"contentUrl\":\"https:\/\/child-help.be\/wp-content\/uploads\/sites\/7\/2024\/02\/Child-Help-goede-doel-voor-kinderen.jpg\"},{\"@type\":\"BreadcrumbList\",\"@id\":\"https:\/\/child-help.be\/fr\/ce-que-nous-faisons\/#breadcrumb\",\"itemListElement\":[{\"@type\":\"ListItem\",\"position\":1,\"name\":\"Home\",\"item\":\"https:\/\/child-help.be\/fr\/\"},{\"@type\":\"ListItem\",\"position\":2,\"name\":\"Ce que nous faisons\"}]},{\"@type\":\"WebSite\",\"@id\":\"https:\/\/child-help.be\/fr\/#website\",\"url\":\"https:\/\/child-help.be\/fr\/\",\"name\":\"Child-Help Belgium\",\"description\":\"\",\"publisher\":{\"@id\":\"https:\/\/child-help.be\/fr\/#organization\"},\"potentialAction\":[{\"@type\":\"SearchAction\",\"target\":{\"@type\":\"EntryPoint\",\"urlTemplate\":\"https:\/\/child-help.be\/fr\/?s={search_term_string}\"},\"query-input\":{\"@type\":\"PropertyValueSpecification\",\"valueRequired\":true,\"valueName\":\"search_term_string\"}}],\"inLanguage\":\"fr-BE\"},{\"@type\":\"Organization\",\"@id\":\"https:\/\/child-help.be\/fr\/#organization\",\"name\":\"Child-Help Belgium\",\"url\":\"https:\/\/child-help.be\/fr\/\",\"logo\":{\"@type\":\"ImageObject\",\"inLanguage\":\"fr-BE\",\"@id\":\"https:\/\/child-help.be\/fr\/#\/schema\/logo\/image\/\",\"url\":\"https:\/\/staging.child-help.be\/wp-content\/uploads\/sites\/7\/2023\/10\/logo.png\",\"contentUrl\":\"https:\/\/staging.child-help.be\/wp-content\/uploads\/sites\/7\/2023\/10\/logo.png\",\"width\":100,\"height\":58,\"caption\":\"Child-Help Belgium\"},\"image\":{\"@id\":\"https:\/\/child-help.be\/fr\/#\/schema\/logo\/image\/\"},\"sameAs\":[\"https:\/\/www.facebook.com\/CHInternational\/\",\"https:\/\/www.instagram.com\/child_help.be\/\"]}]}<\/script>\n<!-- \/ Yoast SEO plugin. -->","yoast_head_json":{"title":"Ce que nous faisons - Child-Help Belgi\u00eb","robots":{"index":"index","follow":"follow","max-snippet":"max-snippet:-1","max-image-preview":"max-image-preview:large","max-video-preview":"max-video-preview:-1"},"canonical":"https:\/\/child-help.be\/fr\/ce-que-nous-faisons\/","og_locale":"fr_FR","og_type":"article","og_title":"Ce que nous faisons - Child-Help Belgi\u00eb","og_description":"Child-Help est tout particuli\u00e8rement engag\u00e9 dans l\u2019aide \u00e0 apporter aux enfants atteints de spina-bifida et d&rsquo;hydroc\u00e9phalie dans les pays en d\u00e9veloppement. Une intervention chirurgicale s\u2019impose d\u00e8s apr\u00e8s la naissance. En cas de spina-bifida, le dos doit \u00eatre referm\u00e9 chirurgicalement et si le b\u00e9b\u00e9 d\u00e9veloppe une hydroc\u00e9phalie, une d\u00e9rivation doit \u00eatre implant\u00e9e dans sa t\u00eate pour [&hellip;]","og_url":"https:\/\/child-help.be\/fr\/ce-que-nous-faisons\/","og_site_name":"Child-Help Belgi\u00eb","article_publisher":"https:\/\/www.facebook.com\/CHInternational\/","article_modified_time":"2025-02-04T12:16:02+00:00","og_image":[{"width":450,"height":300,"url":"https:\/\/child-help.be\/wp-content\/uploads\/sites\/7\/2024\/02\/Child-Help-goede-doel-voor-kinderen.jpg","type":"image\/jpeg"}],"twitter_card":"summary_large_image","twitter_misc":{"Dur\u00e9e de lecture est.":"2 minutes"},"schema":{"@context":"https:\/\/schema.org","@graph":[{"@type":"WebPage","@id":"https:\/\/child-help.be\/fr\/ce-que-nous-faisons\/","url":"https:\/\/child-help.be\/fr\/ce-que-nous-faisons\/","name":"Ce que nous faisons - Child-Help Belgi\u00eb","isPartOf":{"@id":"https:\/\/child-help.be\/fr\/#website"},"primaryImageOfPage":{"@id":"https:\/\/child-help.be\/fr\/ce-que-nous-faisons\/#primaryimage"},"image":{"@id":"https:\/\/child-help.be\/fr\/ce-que-nous-faisons\/#primaryimage"},"thumbnailUrl":"https:\/\/child-help.be\/wp-content\/uploads\/sites\/7\/2024\/02\/Child-Help-goede-doel-voor-kinderen.jpg","datePublished":"2024-02-19T19:15:04+00:00","dateModified":"2025-02-04T12:16:02+00:00","breadcrumb":{"@id":"https:\/\/child-help.be\/fr\/ce-que-nous-faisons\/#breadcrumb"},"inLanguage":"fr-BE","potentialAction":[{"@type":"ReadAction","target":["https:\/\/child-help.be\/fr\/ce-que-nous-faisons\/"]}]},{"@type":"ImageObject","inLanguage":"fr-BE","@id":"https:\/\/child-help.be\/fr\/ce-que-nous-faisons\/#primaryimage","url":"https:\/\/child-help.be\/wp-content\/uploads\/sites\/7\/2024\/02\/Child-Help-goede-doel-voor-kinderen.jpg","contentUrl":"https:\/\/child-help.be\/wp-content\/uploads\/sites\/7\/2024\/02\/Child-Help-goede-doel-voor-kinderen.jpg"},{"@type":"BreadcrumbList","@id":"https:\/\/child-help.be\/fr\/ce-que-nous-faisons\/#breadcrumb","itemListElement":[{"@type":"ListItem","position":1,"name":"Home","item":"https:\/\/child-help.be\/fr\/"},{"@type":"ListItem","position":2,"name":"Ce que nous faisons"}]},{"@type":"WebSite","@id":"https:\/\/child-help.be\/fr\/#website","url":"https:\/\/child-help.be\/fr\/","name":"Child-Help Belgium","description":"","publisher":{"@id":"https:\/\/child-help.be\/fr\/#organization"},"potentialAction":[{"@type":"SearchAction","target":{"@type":"EntryPoint","urlTemplate":"https:\/\/child-help.be\/fr\/?s={search_term_string}"},"query-input":{"@type":"PropertyValueSpecification","valueRequired":true,"valueName":"search_term_string"}}],"inLanguage":"fr-BE"},{"@type":"Organization","@id":"https:\/\/child-help.be\/fr\/#organization","name":"Child-Help Belgium","url":"https:\/\/child-help.be\/fr\/","logo":{"@type":"ImageObject","inLanguage":"fr-BE","@id":"https:\/\/child-help.be\/fr\/#\/schema\/logo\/image\/","url":"https:\/\/staging.child-help.be\/wp-content\/uploads\/sites\/7\/2023\/10\/logo.png","contentUrl":"https:\/\/staging.child-help.be\/wp-content\/uploads\/sites\/7\/2023\/10\/logo.png","width":100,"height":58,"caption":"Child-Help Belgium"},"image":{"@id":"https:\/\/child-help.be\/fr\/#\/schema\/logo\/image\/"},"sameAs":["https:\/\/www.facebook.com\/CHInternational\/","https:\/\/www.instagram.com\/child_help.be\/"]}]}},"_links":{"self":[{"href":"https:\/\/child-help.be\/fr\/wp-json\/wp\/v2\/pages\/2880","targetHints":{"allow":["GET"]}}],"collection":[{"href":"https:\/\/child-help.be\/fr\/wp-json\/wp\/v2\/pages"}],"about":[{"href":"https:\/\/child-help.be\/fr\/wp-json\/wp\/v2\/types\/page"}],"author":[{"embeddable":true,"href":"https:\/\/child-help.be\/fr\/wp-json\/wp\/v2\/users\/15"}],"replies":[{"embeddable":true,"href":"https:\/\/child-help.be\/fr\/wp-json\/wp\/v2\/comments?post=2880"}],"version-history":[{"count":1,"href":"https:\/\/child-help.be\/fr\/wp-json\/wp\/v2\/pages\/2880\/revisions"}],"predecessor-version":[{"id":2882,"href":"https:\/\/child-help.be\/fr\/wp-json\/wp\/v2\/pages\/2880\/revisions\/2882"}],"up":[{"embeddable":true,"href":"https:\/\/child-help.be\/fr\/wp-json\/wp\/v2\/pages\/2988"}],"wp:attachment":[{"href":"https:\/\/child-help.be\/fr\/wp-json\/wp\/v2\/media?parent=2880"}],"curies":[{"name":"wp","href":"https:\/\/api.w.org\/{rel}","templated":true}]}}