{"id":2865,"date":"2023-11-30T08:50:48","date_gmt":"2023-11-30T08:50:48","guid":{"rendered":"https:\/\/child-help.be\/?page_id=2865"},"modified":"2025-02-04T11:12:30","modified_gmt":"2025-02-04T11:12:30","slug":"pourquoi-aider","status":"publish","type":"page","link":"https:\/\/child-help.be\/fr\/pourquoi-aider\/","title":{"rendered":"Pourquoi aider ?"},"content":{"rendered":"<p><span style=\"font-weight: 400\">Child-Help organise l&rsquo;aide aux enfants atteints de spina bifida (spina bifida) et d&rsquo;hydroc\u00e9phalie (hydrocephalus) dans les pays en d\u00e9veloppement. Le renforcement des groupes d&rsquo;entraide et le soutien des initiatives locales sont au c\u0153ur de cette action.<\/span><\/p>\n<p><span style=\"font-weight: 400\">Child-Help n&rsquo;abandonne pas ces familles, il les aide \u00e0 prendre soin de leur enfant afin qu&rsquo;il puisse aller \u00e0 l&rsquo;\u00e9cole avec les autres, \u00e9tudier, puis travailler et fonder une famille.<\/span><\/p>\n<p><span style=\"font-weight: 400\">Nous sommes tr\u00e8s fiers de voir aujourd&rsquo;hui les premiers adultes atteints de spina-bifida qui se sont construits une vie stable gr\u00e2ce \u00e0 votre soutien.\u00a0<\/span><b>Cela montre que votre aide change des vies<\/b><span style=\"font-weight: 400\">. L&rsquo;histoire de Francesca en est une bonne illustration.<\/span><\/p>\n<p><span style=\"font-weight: 400\">Chaque ann\u00e9e, environ un million de familles dans le monde sont confront\u00e9es \u00e0 ces handicaps. L\u2019hydroc\u00e9phalie et le spina bifida sont parfois appel\u00e9s \u00ab\u00a0les tueurs silencieux comme le paludisme\u00a0\u00bb. Au niveau mondial, ces probl\u00e8mes de sant\u00e9 ne recueillent qu&rsquo;une attention tr\u00e8s limit\u00e9e.<\/span><\/p>\n<p><span style=\"font-weight: 400\">Avec votre contribution, en plus du financement des \u00e9quipements m\u00e9dicaux et des op\u00e9rations, vous investissez \u00e9galement dans la recherche fondamentale sur les causes de ces handicaps et encouragez la pr\u00e9vention primaire comme la promotion de l&rsquo;acide folique et d&rsquo;une alimentation saine et vari\u00e9e. <\/span><span style=\"font-weight: 400\">Ainsi, \u00e0 l&rsquo;avenir, vous pr\u00e9venez la survenance de ces handicaps<\/span><span style=\"font-weight: 400\">.<\/span><\/p>\n<h2><b>Les origines de Child-Help<\/b><\/h2>\n<p><span style=\"font-weight: 400\">Child-Help a \u00e9t\u00e9 cr\u00e9\u00e9 par des parents d&rsquo;enfants atteints du m\u00eame handicap en Belgique. Ils savent \u00e0 quel point les soins sont complexes. Les parents apprennent beaucoup de leurs semblables. C&rsquo;est pourquoi Child-Help soutient dans tous ses projets les groupes de parents, qui, \u00e0 leur tour se soutiennent mutuellement et luttent ensemble sur le plan politique pour des soins de sant\u00e9 accessibles.<\/span><\/p>\n<p><span style=\"font-weight: 400\">Aider les enfants atteints de spina-bifida ou d\u2019hydroc\u00e9phalie? Vous pouvez le faire ! Faites un\u00a0don <\/span><a href=\"https:\/\/childhelp.koalect.com\/fr-FR\/p\/chaque-enfant-a-droit-aux-soins-medicaux\/step-1\"><span style=\"font-weight: 400\">ou effectuez un versement mensuel<\/span><\/a><span style=\"font-weight: 400\">\u00a0pour soutenir l\u2019action de Child-Help et pr\u00e9venir ces handicaps.<\/span><\/p>\n","protected":false},"excerpt":{"rendered":"<p>Child-Help organise l&rsquo;aide aux enfants atteints de spina bifida (spina bifida) et d&rsquo;hydroc\u00e9phalie (hydrocephalus) dans les pays en d\u00e9veloppement. Le renforcement des groupes d&rsquo;entraide et le soutien des initiatives locales sont au c\u0153ur de cette action. Child-Help n&rsquo;abandonne pas ces familles, il les aide \u00e0 prendre soin de leur enfant afin qu&rsquo;il puisse aller \u00e0 [&hellip;]<\/p>\n","protected":false},"author":15,"featured_media":0,"parent":0,"menu_order":0,"comment_status":"closed","ping_status":"closed","template":"","meta":{"_acf_changed":false,"inline_featured_image":false,"footnotes":""},"class_list":["post-2865","page","type-page","status-publish","hentry"],"acf":[],"yoast_head":"<!-- This site is optimized with the Yoast SEO plugin v27.0 - https:\/\/yoast.com\/product\/yoast-seo-wordpress\/ -->\n<title>Pourquoi aider ? - Child-Help Belgi\u00eb<\/title>\n<meta name=\"robots\" content=\"index, follow, max-snippet:-1, max-image-preview:large, max-video-preview:-1\" \/>\n<link rel=\"canonical\" href=\"https:\/\/child-help.be\/fr\/pourquoi-aider\/\" \/>\n<meta property=\"og:locale\" content=\"fr_FR\" \/>\n<meta property=\"og:type\" content=\"article\" \/>\n<meta property=\"og:title\" content=\"Pourquoi aider ? - Child-Help Belgi\u00eb\" \/>\n<meta property=\"og:description\" content=\"Child-Help organise l&rsquo;aide aux enfants atteints de spina bifida (spina bifida) et d&rsquo;hydroc\u00e9phalie (hydrocephalus) dans les pays en d\u00e9veloppement. Le renforcement des groupes d&rsquo;entraide et le soutien des initiatives locales sont au c\u0153ur de cette action. Child-Help n&rsquo;abandonne pas ces familles, il les aide \u00e0 prendre soin de leur enfant afin qu&rsquo;il puisse aller \u00e0 [&hellip;]\" \/>\n<meta property=\"og:url\" content=\"https:\/\/child-help.be\/fr\/pourquoi-aider\/\" \/>\n<meta property=\"og:site_name\" content=\"Child-Help Belgi\u00eb\" \/>\n<meta property=\"article:publisher\" content=\"https:\/\/www.facebook.com\/CHInternational\/\" \/>\n<meta property=\"article:modified_time\" content=\"2025-02-04T11:12:30+00:00\" \/>\n<meta property=\"og:image\" content=\"https:\/\/child-help.be\/wp-content\/uploads\/sites\/7\/2024\/02\/IF_Kenya-50-crop-1.jpg\" \/>\n\t<meta property=\"og:image:width\" content=\"1367\" \/>\n\t<meta property=\"og:image:height\" content=\"911\" \/>\n\t<meta property=\"og:image:type\" content=\"image\/jpeg\" \/>\n<meta name=\"twitter:card\" content=\"summary_large_image\" \/>\n<meta name=\"twitter:label1\" content=\"Dur\u00e9e de lecture est.\" \/>\n\t<meta name=\"twitter:data1\" content=\"2 minutes\" \/>\n<script type=\"application\/ld+json\" class=\"yoast-schema-graph\">{\"@context\":\"https:\/\/schema.org\",\"@graph\":[{\"@type\":\"WebPage\",\"@id\":\"https:\/\/child-help.be\/fr\/pourquoi-aider\/\",\"url\":\"https:\/\/child-help.be\/fr\/pourquoi-aider\/\",\"name\":\"Pourquoi aider ? - Child-Help Belgi\u00eb\",\"isPartOf\":{\"@id\":\"https:\/\/child-help.be\/fr\/#website\"},\"datePublished\":\"2023-11-30T08:50:48+00:00\",\"dateModified\":\"2025-02-04T11:12:30+00:00\",\"breadcrumb\":{\"@id\":\"https:\/\/child-help.be\/fr\/pourquoi-aider\/#breadcrumb\"},\"inLanguage\":\"fr-BE\",\"potentialAction\":[{\"@type\":\"ReadAction\",\"target\":[\"https:\/\/child-help.be\/fr\/pourquoi-aider\/\"]}]},{\"@type\":\"BreadcrumbList\",\"@id\":\"https:\/\/child-help.be\/fr\/pourquoi-aider\/#breadcrumb\",\"itemListElement\":[{\"@type\":\"ListItem\",\"position\":1,\"name\":\"Home\",\"item\":\"https:\/\/child-help.be\/fr\/\"},{\"@type\":\"ListItem\",\"position\":2,\"name\":\"Pourquoi aider ?\"}]},{\"@type\":\"WebSite\",\"@id\":\"https:\/\/child-help.be\/fr\/#website\",\"url\":\"https:\/\/child-help.be\/fr\/\",\"name\":\"Child-Help Belgium\",\"description\":\"\",\"publisher\":{\"@id\":\"https:\/\/child-help.be\/fr\/#organization\"},\"potentialAction\":[{\"@type\":\"SearchAction\",\"target\":{\"@type\":\"EntryPoint\",\"urlTemplate\":\"https:\/\/child-help.be\/fr\/?s={search_term_string}\"},\"query-input\":{\"@type\":\"PropertyValueSpecification\",\"valueRequired\":true,\"valueName\":\"search_term_string\"}}],\"inLanguage\":\"fr-BE\"},{\"@type\":\"Organization\",\"@id\":\"https:\/\/child-help.be\/fr\/#organization\",\"name\":\"Child-Help Belgium\",\"url\":\"https:\/\/child-help.be\/fr\/\",\"logo\":{\"@type\":\"ImageObject\",\"inLanguage\":\"fr-BE\",\"@id\":\"https:\/\/child-help.be\/fr\/#\/schema\/logo\/image\/\",\"url\":\"https:\/\/staging.child-help.be\/wp-content\/uploads\/sites\/7\/2023\/10\/logo.png\",\"contentUrl\":\"https:\/\/staging.child-help.be\/wp-content\/uploads\/sites\/7\/2023\/10\/logo.png\",\"width\":100,\"height\":58,\"caption\":\"Child-Help Belgium\"},\"image\":{\"@id\":\"https:\/\/child-help.be\/fr\/#\/schema\/logo\/image\/\"},\"sameAs\":[\"https:\/\/www.facebook.com\/CHInternational\/\",\"https:\/\/www.instagram.com\/child_help.be\/\"]}]}<\/script>\n<!-- \/ Yoast SEO plugin. -->","yoast_head_json":{"title":"Pourquoi aider ? - Child-Help Belgi\u00eb","robots":{"index":"index","follow":"follow","max-snippet":"max-snippet:-1","max-image-preview":"max-image-preview:large","max-video-preview":"max-video-preview:-1"},"canonical":"https:\/\/child-help.be\/fr\/pourquoi-aider\/","og_locale":"fr_FR","og_type":"article","og_title":"Pourquoi aider ? - Child-Help Belgi\u00eb","og_description":"Child-Help organise l&rsquo;aide aux enfants atteints de spina bifida (spina bifida) et d&rsquo;hydroc\u00e9phalie (hydrocephalus) dans les pays en d\u00e9veloppement. Le renforcement des groupes d&rsquo;entraide et le soutien des initiatives locales sont au c\u0153ur de cette action. Child-Help n&rsquo;abandonne pas ces familles, il les aide \u00e0 prendre soin de leur enfant afin qu&rsquo;il puisse aller \u00e0 [&hellip;]","og_url":"https:\/\/child-help.be\/fr\/pourquoi-aider\/","og_site_name":"Child-Help Belgi\u00eb","article_publisher":"https:\/\/www.facebook.com\/CHInternational\/","article_modified_time":"2025-02-04T11:12:30+00:00","og_image":[{"width":1367,"height":911,"url":"https:\/\/child-help.be\/wp-content\/uploads\/sites\/7\/2024\/02\/IF_Kenya-50-crop-1.jpg","type":"image\/jpeg"}],"twitter_card":"summary_large_image","twitter_misc":{"Dur\u00e9e de lecture est.":"2 minutes"},"schema":{"@context":"https:\/\/schema.org","@graph":[{"@type":"WebPage","@id":"https:\/\/child-help.be\/fr\/pourquoi-aider\/","url":"https:\/\/child-help.be\/fr\/pourquoi-aider\/","name":"Pourquoi aider ? - Child-Help Belgi\u00eb","isPartOf":{"@id":"https:\/\/child-help.be\/fr\/#website"},"datePublished":"2023-11-30T08:50:48+00:00","dateModified":"2025-02-04T11:12:30+00:00","breadcrumb":{"@id":"https:\/\/child-help.be\/fr\/pourquoi-aider\/#breadcrumb"},"inLanguage":"fr-BE","potentialAction":[{"@type":"ReadAction","target":["https:\/\/child-help.be\/fr\/pourquoi-aider\/"]}]},{"@type":"BreadcrumbList","@id":"https:\/\/child-help.be\/fr\/pourquoi-aider\/#breadcrumb","itemListElement":[{"@type":"ListItem","position":1,"name":"Home","item":"https:\/\/child-help.be\/fr\/"},{"@type":"ListItem","position":2,"name":"Pourquoi aider ?"}]},{"@type":"WebSite","@id":"https:\/\/child-help.be\/fr\/#website","url":"https:\/\/child-help.be\/fr\/","name":"Child-Help Belgium","description":"","publisher":{"@id":"https:\/\/child-help.be\/fr\/#organization"},"potentialAction":[{"@type":"SearchAction","target":{"@type":"EntryPoint","urlTemplate":"https:\/\/child-help.be\/fr\/?s={search_term_string}"},"query-input":{"@type":"PropertyValueSpecification","valueRequired":true,"valueName":"search_term_string"}}],"inLanguage":"fr-BE"},{"@type":"Organization","@id":"https:\/\/child-help.be\/fr\/#organization","name":"Child-Help Belgium","url":"https:\/\/child-help.be\/fr\/","logo":{"@type":"ImageObject","inLanguage":"fr-BE","@id":"https:\/\/child-help.be\/fr\/#\/schema\/logo\/image\/","url":"https:\/\/staging.child-help.be\/wp-content\/uploads\/sites\/7\/2023\/10\/logo.png","contentUrl":"https:\/\/staging.child-help.be\/wp-content\/uploads\/sites\/7\/2023\/10\/logo.png","width":100,"height":58,"caption":"Child-Help Belgium"},"image":{"@id":"https:\/\/child-help.be\/fr\/#\/schema\/logo\/image\/"},"sameAs":["https:\/\/www.facebook.com\/CHInternational\/","https:\/\/www.instagram.com\/child_help.be\/"]}]}},"_links":{"self":[{"href":"https:\/\/child-help.be\/fr\/wp-json\/wp\/v2\/pages\/2865","targetHints":{"allow":["GET"]}}],"collection":[{"href":"https:\/\/child-help.be\/fr\/wp-json\/wp\/v2\/pages"}],"about":[{"href":"https:\/\/child-help.be\/fr\/wp-json\/wp\/v2\/types\/page"}],"author":[{"embeddable":true,"href":"https:\/\/child-help.be\/fr\/wp-json\/wp\/v2\/users\/15"}],"replies":[{"embeddable":true,"href":"https:\/\/child-help.be\/fr\/wp-json\/wp\/v2\/comments?post=2865"}],"version-history":[{"count":6,"href":"https:\/\/child-help.be\/fr\/wp-json\/wp\/v2\/pages\/2865\/revisions"}],"predecessor-version":[{"id":2872,"href":"https:\/\/child-help.be\/fr\/wp-json\/wp\/v2\/pages\/2865\/revisions\/2872"}],"wp:attachment":[{"href":"https:\/\/child-help.be\/fr\/wp-json\/wp\/v2\/media?parent=2865"}],"curies":[{"name":"wp","href":"https:\/\/api.w.org\/{rel}","templated":true}]}}