{"id":2859,"date":"2023-12-19T08:53:36","date_gmt":"2023-12-19T08:53:36","guid":{"rendered":"https:\/\/child-help.be\/?page_id=2859"},"modified":"2025-02-04T11:05:15","modified_gmt":"2025-02-04T11:05:15","slug":"leguer-par-testament","status":"publish","type":"page","link":"https:\/\/child-help.be\/fr\/leguer-par-testament\/","title":{"rendered":"L\u00e9guer par testament"},"content":{"rendered":"<p><b>Donner un sens \u00e0 sa vie<\/b><\/p>\n<p><span style=\"font-weight: 400\">T\u00f4t ou tard, nous nous posons la question suivante : quelle trace laisserais-je de mon passage sur terre? Et qu\u2019en restera-t-il apr\u00e8s\u00a0?<\/span><\/p>\n<p><span style=\"font-weight: 400\">Nous esp\u00e9rons que les choix que nous avons faits durant notre vie continueront de porter leurs fruits. En incluant Child-Help dans votre testament, ce souhait se r\u00e9alisera. Vous concr\u00e9tiserez votre engagement en faveur des plus faibles, des plus pauvres et des enfants porteurs d\u2019un handicap. Par cette seule d\u00e9cision vous sauverez dans le futur d&rsquo;innombrables vies d\u2019enfants vuln\u00e9rables.<\/span><\/p>\n<p><span style=\"font-weight: 400\">Si vous souhaitez obtenir de plus amples informations, veuillez contacter votre\u00a0<\/span><b>notaire<\/b><span style=\"font-weight: 400\">\u00a0ou Child-help :\u00a0<\/span><a href=\"mailto:testament@child-help.be\"><b>testament@child-help.be<\/b><\/a><span style=\"font-weight: 400\">.<\/span><\/p>\n","protected":false},"excerpt":{"rendered":"<p>Donner un sens \u00e0 sa vie T\u00f4t ou tard, nous nous posons la question suivante : quelle trace laisserais-je de mon passage sur terre? Et qu\u2019en restera-t-il apr\u00e8s\u00a0? Nous esp\u00e9rons que les choix que nous avons faits durant notre vie continueront de porter leurs fruits. En incluant Child-Help dans votre testament, ce souhait se r\u00e9alisera. [&hellip;]<\/p>\n","protected":false},"author":15,"featured_media":0,"parent":4213,"menu_order":0,"comment_status":"closed","ping_status":"closed","template":"","meta":{"_acf_changed":false,"inline_featured_image":false,"footnotes":""},"class_list":["post-2859","page","type-page","status-publish","hentry"],"acf":[],"yoast_head":"<!-- This site is optimized with the Yoast SEO plugin v27.0 - https:\/\/yoast.com\/product\/yoast-seo-wordpress\/ -->\n<title>L\u00e9guer par testament - Child-Help Belgi\u00eb<\/title>\n<meta name=\"robots\" content=\"index, follow, max-snippet:-1, max-image-preview:large, max-video-preview:-1\" \/>\n<link rel=\"canonical\" href=\"https:\/\/child-help.be\/fr\/leguer-par-testament\/\" \/>\n<meta property=\"og:locale\" content=\"fr_FR\" \/>\n<meta property=\"og:type\" content=\"article\" \/>\n<meta property=\"og:title\" content=\"L\u00e9guer par testament - Child-Help Belgi\u00eb\" \/>\n<meta property=\"og:description\" content=\"Donner un sens \u00e0 sa vie T\u00f4t ou tard, nous nous posons la question suivante : quelle trace laisserais-je de mon passage sur terre? Et qu\u2019en restera-t-il apr\u00e8s\u00a0? Nous esp\u00e9rons que les choix que nous avons faits durant notre vie continueront de porter leurs fruits. En incluant Child-Help dans votre testament, ce souhait se r\u00e9alisera. [&hellip;]\" \/>\n<meta property=\"og:url\" content=\"https:\/\/child-help.be\/fr\/leguer-par-testament\/\" \/>\n<meta property=\"og:site_name\" content=\"Child-Help Belgi\u00eb\" \/>\n<meta property=\"article:publisher\" content=\"https:\/\/www.facebook.com\/CHInternational\/\" \/>\n<meta property=\"article:modified_time\" content=\"2025-02-04T11:05:15+00:00\" \/>\n<meta property=\"og:image\" content=\"https:\/\/child-help.be\/wp-content\/uploads\/sites\/7\/2024\/02\/IF_Kenya-50-crop-1.jpg\" \/>\n\t<meta property=\"og:image:width\" content=\"1367\" \/>\n\t<meta property=\"og:image:height\" content=\"911\" \/>\n\t<meta property=\"og:image:type\" content=\"image\/jpeg\" \/>\n<meta name=\"twitter:card\" content=\"summary_large_image\" \/>\n<meta name=\"twitter:label1\" content=\"Dur\u00e9e de lecture est.\" \/>\n\t<meta name=\"twitter:data1\" content=\"1 minute\" \/>\n<script type=\"application\/ld+json\" class=\"yoast-schema-graph\">{\"@context\":\"https:\/\/schema.org\",\"@graph\":[{\"@type\":\"WebPage\",\"@id\":\"https:\/\/child-help.be\/fr\/leguer-par-testament\/\",\"url\":\"https:\/\/child-help.be\/fr\/leguer-par-testament\/\",\"name\":\"L\u00e9guer par testament - Child-Help Belgi\u00eb\",\"isPartOf\":{\"@id\":\"https:\/\/child-help.be\/fr\/#website\"},\"datePublished\":\"2023-12-19T08:53:36+00:00\",\"dateModified\":\"2025-02-04T11:05:15+00:00\",\"breadcrumb\":{\"@id\":\"https:\/\/child-help.be\/fr\/leguer-par-testament\/#breadcrumb\"},\"inLanguage\":\"fr-BE\",\"potentialAction\":[{\"@type\":\"ReadAction\",\"target\":[\"https:\/\/child-help.be\/fr\/leguer-par-testament\/\"]}]},{\"@type\":\"BreadcrumbList\",\"@id\":\"https:\/\/child-help.be\/fr\/leguer-par-testament\/#breadcrumb\",\"itemListElement\":[{\"@type\":\"ListItem\",\"position\":1,\"name\":\"Home\",\"item\":\"https:\/\/child-help.be\/fr\/\"},{\"@type\":\"ListItem\",\"position\":2,\"name\":\"L\u00e9guer par testament\"}]},{\"@type\":\"WebSite\",\"@id\":\"https:\/\/child-help.be\/fr\/#website\",\"url\":\"https:\/\/child-help.be\/fr\/\",\"name\":\"Child-Help Belgium\",\"description\":\"\",\"publisher\":{\"@id\":\"https:\/\/child-help.be\/fr\/#organization\"},\"potentialAction\":[{\"@type\":\"SearchAction\",\"target\":{\"@type\":\"EntryPoint\",\"urlTemplate\":\"https:\/\/child-help.be\/fr\/?s={search_term_string}\"},\"query-input\":{\"@type\":\"PropertyValueSpecification\",\"valueRequired\":true,\"valueName\":\"search_term_string\"}}],\"inLanguage\":\"fr-BE\"},{\"@type\":\"Organization\",\"@id\":\"https:\/\/child-help.be\/fr\/#organization\",\"name\":\"Child-Help Belgium\",\"url\":\"https:\/\/child-help.be\/fr\/\",\"logo\":{\"@type\":\"ImageObject\",\"inLanguage\":\"fr-BE\",\"@id\":\"https:\/\/child-help.be\/fr\/#\/schema\/logo\/image\/\",\"url\":\"https:\/\/staging.child-help.be\/wp-content\/uploads\/sites\/7\/2023\/10\/logo.png\",\"contentUrl\":\"https:\/\/staging.child-help.be\/wp-content\/uploads\/sites\/7\/2023\/10\/logo.png\",\"width\":100,\"height\":58,\"caption\":\"Child-Help Belgium\"},\"image\":{\"@id\":\"https:\/\/child-help.be\/fr\/#\/schema\/logo\/image\/\"},\"sameAs\":[\"https:\/\/www.facebook.com\/CHInternational\/\",\"https:\/\/www.instagram.com\/child_help.be\/\"]}]}<\/script>\n<!-- \/ Yoast SEO plugin. -->","yoast_head_json":{"title":"L\u00e9guer par testament - Child-Help Belgi\u00eb","robots":{"index":"index","follow":"follow","max-snippet":"max-snippet:-1","max-image-preview":"max-image-preview:large","max-video-preview":"max-video-preview:-1"},"canonical":"https:\/\/child-help.be\/fr\/leguer-par-testament\/","og_locale":"fr_FR","og_type":"article","og_title":"L\u00e9guer par testament - Child-Help Belgi\u00eb","og_description":"Donner un sens \u00e0 sa vie T\u00f4t ou tard, nous nous posons la question suivante : quelle trace laisserais-je de mon passage sur terre? Et qu\u2019en restera-t-il apr\u00e8s\u00a0? Nous esp\u00e9rons que les choix que nous avons faits durant notre vie continueront de porter leurs fruits. En incluant Child-Help dans votre testament, ce souhait se r\u00e9alisera. [&hellip;]","og_url":"https:\/\/child-help.be\/fr\/leguer-par-testament\/","og_site_name":"Child-Help Belgi\u00eb","article_publisher":"https:\/\/www.facebook.com\/CHInternational\/","article_modified_time":"2025-02-04T11:05:15+00:00","og_image":[{"width":1367,"height":911,"url":"https:\/\/child-help.be\/wp-content\/uploads\/sites\/7\/2024\/02\/IF_Kenya-50-crop-1.jpg","type":"image\/jpeg"}],"twitter_card":"summary_large_image","twitter_misc":{"Dur\u00e9e de lecture est.":"1 minute"},"schema":{"@context":"https:\/\/schema.org","@graph":[{"@type":"WebPage","@id":"https:\/\/child-help.be\/fr\/leguer-par-testament\/","url":"https:\/\/child-help.be\/fr\/leguer-par-testament\/","name":"L\u00e9guer par testament - Child-Help Belgi\u00eb","isPartOf":{"@id":"https:\/\/child-help.be\/fr\/#website"},"datePublished":"2023-12-19T08:53:36+00:00","dateModified":"2025-02-04T11:05:15+00:00","breadcrumb":{"@id":"https:\/\/child-help.be\/fr\/leguer-par-testament\/#breadcrumb"},"inLanguage":"fr-BE","potentialAction":[{"@type":"ReadAction","target":["https:\/\/child-help.be\/fr\/leguer-par-testament\/"]}]},{"@type":"BreadcrumbList","@id":"https:\/\/child-help.be\/fr\/leguer-par-testament\/#breadcrumb","itemListElement":[{"@type":"ListItem","position":1,"name":"Home","item":"https:\/\/child-help.be\/fr\/"},{"@type":"ListItem","position":2,"name":"L\u00e9guer par testament"}]},{"@type":"WebSite","@id":"https:\/\/child-help.be\/fr\/#website","url":"https:\/\/child-help.be\/fr\/","name":"Child-Help Belgium","description":"","publisher":{"@id":"https:\/\/child-help.be\/fr\/#organization"},"potentialAction":[{"@type":"SearchAction","target":{"@type":"EntryPoint","urlTemplate":"https:\/\/child-help.be\/fr\/?s={search_term_string}"},"query-input":{"@type":"PropertyValueSpecification","valueRequired":true,"valueName":"search_term_string"}}],"inLanguage":"fr-BE"},{"@type":"Organization","@id":"https:\/\/child-help.be\/fr\/#organization","name":"Child-Help Belgium","url":"https:\/\/child-help.be\/fr\/","logo":{"@type":"ImageObject","inLanguage":"fr-BE","@id":"https:\/\/child-help.be\/fr\/#\/schema\/logo\/image\/","url":"https:\/\/staging.child-help.be\/wp-content\/uploads\/sites\/7\/2023\/10\/logo.png","contentUrl":"https:\/\/staging.child-help.be\/wp-content\/uploads\/sites\/7\/2023\/10\/logo.png","width":100,"height":58,"caption":"Child-Help Belgium"},"image":{"@id":"https:\/\/child-help.be\/fr\/#\/schema\/logo\/image\/"},"sameAs":["https:\/\/www.facebook.com\/CHInternational\/","https:\/\/www.instagram.com\/child_help.be\/"]}]}},"_links":{"self":[{"href":"https:\/\/child-help.be\/fr\/wp-json\/wp\/v2\/pages\/2859","targetHints":{"allow":["GET"]}}],"collection":[{"href":"https:\/\/child-help.be\/fr\/wp-json\/wp\/v2\/pages"}],"about":[{"href":"https:\/\/child-help.be\/fr\/wp-json\/wp\/v2\/types\/page"}],"author":[{"embeddable":true,"href":"https:\/\/child-help.be\/fr\/wp-json\/wp\/v2\/users\/15"}],"replies":[{"embeddable":true,"href":"https:\/\/child-help.be\/fr\/wp-json\/wp\/v2\/comments?post=2859"}],"version-history":[{"count":2,"href":"https:\/\/child-help.be\/fr\/wp-json\/wp\/v2\/pages\/2859\/revisions"}],"predecessor-version":[{"id":2864,"href":"https:\/\/child-help.be\/fr\/wp-json\/wp\/v2\/pages\/2859\/revisions\/2864"}],"up":[{"embeddable":true,"href":"https:\/\/child-help.be\/fr\/wp-json\/wp\/v2\/pages\/4213"}],"wp:attachment":[{"href":"https:\/\/child-help.be\/fr\/wp-json\/wp\/v2\/media?parent=2859"}],"curies":[{"name":"wp","href":"https:\/\/api.w.org\/{rel}","templated":true}]}}