{"id":2840,"date":"2023-11-30T08:45:26","date_gmt":"2023-11-30T08:45:26","guid":{"rendered":"https:\/\/child-help.be\/?page_id=2840"},"modified":"2025-05-06T14:04:52","modified_gmt":"2025-05-06T14:04:52","slug":"aider-en-tant-quentreprise","status":"publish","type":"page","link":"https:\/\/child-help.be\/fr\/aider-en-tant-quentreprise\/","title":{"rendered":"Aider en tant qu&rsquo;entreprise"},"content":{"rendered":"<p><span style=\"font-weight: 400\">En tant qu&rsquo;entreprise, le sort des enfants du Sud vous tient \u00e0 c\u0153ur\u00a0? Vous d\u00e9couvrirez ici comment vous pouvez leur venir en aide.<\/span><\/p>\n<p><b>Votre entreprise soutient-elle d\u00e9j\u00e0 une association caritative ?<\/b><\/p>\n<ul>\n<li style=\"font-weight: 400\"><span style=\"font-weight: 400\">Vous \u00eates une entreprise ou une organisation dont les activit\u00e9s ne sont pas uniquement \u00e0 but lucratif mais visent \u00e9galement \u00e0 cr\u00e9er un monde plus inclusif et plus durable ?<\/span><\/li>\n<li style=\"font-weight: 400\"><span style=\"font-weight: 400\">Voulez-vous vous engager ensemble pour un monde meilleur ?<\/span><\/li>\n<li style=\"font-weight: 400\"><span style=\"font-weight: 400\">Engagez vos employ\u00e9s, vos clients, vos fournisseurs ?<\/span><\/li>\n<li style=\"font-weight: 400\"><span style=\"font-weight: 400\">Le sort des enfants du Sud\u00a0 vous tient \u00e0 c\u0153ur ?\u00a0<\/span><\/li>\n<\/ul>\n","protected":false},"excerpt":{"rendered":"<p>En tant qu&rsquo;entreprise, le sort des enfants du Sud vous tient \u00e0 c\u0153ur\u00a0? Vous d\u00e9couvrirez ici comment vous pouvez leur venir en aide. Votre entreprise soutient-elle d\u00e9j\u00e0 une association caritative ? Vous \u00eates une entreprise ou une organisation dont les activit\u00e9s ne sont pas uniquement \u00e0 but lucratif mais visent \u00e9galement \u00e0 cr\u00e9er un monde [&hellip;]<\/p>\n","protected":false},"author":15,"featured_media":0,"parent":0,"menu_order":0,"comment_status":"closed","ping_status":"closed","template":"","meta":{"_acf_changed":false,"inline_featured_image":false,"footnotes":""},"class_list":["post-2840","page","type-page","status-publish","hentry"],"acf":[],"yoast_head":"<!-- This site is optimized with the Yoast SEO plugin v27.0 - https:\/\/yoast.com\/product\/yoast-seo-wordpress\/ -->\n<title>Aider en tant qu&#039;entreprise - Child-Help Belgi\u00eb<\/title>\n<meta name=\"robots\" content=\"index, follow, max-snippet:-1, max-image-preview:large, max-video-preview:-1\" \/>\n<link rel=\"canonical\" href=\"https:\/\/child-help.be\/fr\/aider-en-tant-quentreprise\/\" \/>\n<meta property=\"og:locale\" content=\"fr_FR\" \/>\n<meta property=\"og:type\" content=\"article\" \/>\n<meta property=\"og:title\" content=\"Aider en tant qu&#039;entreprise - Child-Help Belgi\u00eb\" \/>\n<meta property=\"og:description\" content=\"En tant qu&rsquo;entreprise, le sort des enfants du Sud vous tient \u00e0 c\u0153ur\u00a0? Vous d\u00e9couvrirez ici comment vous pouvez leur venir en aide. Votre entreprise soutient-elle d\u00e9j\u00e0 une association caritative ? Vous \u00eates une entreprise ou une organisation dont les activit\u00e9s ne sont pas uniquement \u00e0 but lucratif mais visent \u00e9galement \u00e0 cr\u00e9er un monde [&hellip;]\" \/>\n<meta property=\"og:url\" content=\"https:\/\/child-help.be\/fr\/aider-en-tant-quentreprise\/\" \/>\n<meta property=\"og:site_name\" content=\"Child-Help Belgi\u00eb\" \/>\n<meta property=\"article:publisher\" content=\"https:\/\/www.facebook.com\/CHInternational\/\" \/>\n<meta property=\"article:modified_time\" content=\"2025-05-06T14:04:52+00:00\" \/>\n<meta property=\"og:image\" content=\"https:\/\/child-help.be\/wp-content\/uploads\/sites\/7\/2024\/02\/IF_Kenya-50-crop-1.jpg\" \/>\n\t<meta property=\"og:image:width\" content=\"1367\" \/>\n\t<meta property=\"og:image:height\" content=\"911\" \/>\n\t<meta property=\"og:image:type\" content=\"image\/jpeg\" \/>\n<meta name=\"twitter:card\" content=\"summary_large_image\" \/>\n<meta name=\"twitter:label1\" content=\"Dur\u00e9e de lecture est.\" \/>\n\t<meta name=\"twitter:data1\" content=\"1 minute\" \/>\n<script type=\"application\/ld+json\" class=\"yoast-schema-graph\">{\"@context\":\"https:\/\/schema.org\",\"@graph\":[{\"@type\":\"WebPage\",\"@id\":\"https:\/\/child-help.be\/fr\/aider-en-tant-quentreprise\/\",\"url\":\"https:\/\/child-help.be\/fr\/aider-en-tant-quentreprise\/\",\"name\":\"Aider en tant qu'entreprise - Child-Help Belgi\u00eb\",\"isPartOf\":{\"@id\":\"https:\/\/child-help.be\/fr\/#website\"},\"datePublished\":\"2023-11-30T08:45:26+00:00\",\"dateModified\":\"2025-05-06T14:04:52+00:00\",\"breadcrumb\":{\"@id\":\"https:\/\/child-help.be\/fr\/aider-en-tant-quentreprise\/#breadcrumb\"},\"inLanguage\":\"fr-BE\",\"potentialAction\":[{\"@type\":\"ReadAction\",\"target\":[\"https:\/\/child-help.be\/fr\/aider-en-tant-quentreprise\/\"]}]},{\"@type\":\"BreadcrumbList\",\"@id\":\"https:\/\/child-help.be\/fr\/aider-en-tant-quentreprise\/#breadcrumb\",\"itemListElement\":[{\"@type\":\"ListItem\",\"position\":1,\"name\":\"Home\",\"item\":\"https:\/\/child-help.be\/fr\/\"},{\"@type\":\"ListItem\",\"position\":2,\"name\":\"Aider en tant qu&#8217;entreprise\"}]},{\"@type\":\"WebSite\",\"@id\":\"https:\/\/child-help.be\/fr\/#website\",\"url\":\"https:\/\/child-help.be\/fr\/\",\"name\":\"Child-Help Belgium\",\"description\":\"\",\"publisher\":{\"@id\":\"https:\/\/child-help.be\/fr\/#organization\"},\"potentialAction\":[{\"@type\":\"SearchAction\",\"target\":{\"@type\":\"EntryPoint\",\"urlTemplate\":\"https:\/\/child-help.be\/fr\/?s={search_term_string}\"},\"query-input\":{\"@type\":\"PropertyValueSpecification\",\"valueRequired\":true,\"valueName\":\"search_term_string\"}}],\"inLanguage\":\"fr-BE\"},{\"@type\":\"Organization\",\"@id\":\"https:\/\/child-help.be\/fr\/#organization\",\"name\":\"Child-Help Belgium\",\"url\":\"https:\/\/child-help.be\/fr\/\",\"logo\":{\"@type\":\"ImageObject\",\"inLanguage\":\"fr-BE\",\"@id\":\"https:\/\/child-help.be\/fr\/#\/schema\/logo\/image\/\",\"url\":\"https:\/\/staging.child-help.be\/wp-content\/uploads\/sites\/7\/2023\/10\/logo.png\",\"contentUrl\":\"https:\/\/staging.child-help.be\/wp-content\/uploads\/sites\/7\/2023\/10\/logo.png\",\"width\":100,\"height\":58,\"caption\":\"Child-Help Belgium\"},\"image\":{\"@id\":\"https:\/\/child-help.be\/fr\/#\/schema\/logo\/image\/\"},\"sameAs\":[\"https:\/\/www.facebook.com\/CHInternational\/\",\"https:\/\/www.instagram.com\/child_help.be\/\"]}]}<\/script>\n<!-- \/ Yoast SEO plugin. -->","yoast_head_json":{"title":"Aider en tant qu'entreprise - Child-Help Belgi\u00eb","robots":{"index":"index","follow":"follow","max-snippet":"max-snippet:-1","max-image-preview":"max-image-preview:large","max-video-preview":"max-video-preview:-1"},"canonical":"https:\/\/child-help.be\/fr\/aider-en-tant-quentreprise\/","og_locale":"fr_FR","og_type":"article","og_title":"Aider en tant qu'entreprise - Child-Help Belgi\u00eb","og_description":"En tant qu&rsquo;entreprise, le sort des enfants du Sud vous tient \u00e0 c\u0153ur\u00a0? Vous d\u00e9couvrirez ici comment vous pouvez leur venir en aide. Votre entreprise soutient-elle d\u00e9j\u00e0 une association caritative ? Vous \u00eates une entreprise ou une organisation dont les activit\u00e9s ne sont pas uniquement \u00e0 but lucratif mais visent \u00e9galement \u00e0 cr\u00e9er un monde [&hellip;]","og_url":"https:\/\/child-help.be\/fr\/aider-en-tant-quentreprise\/","og_site_name":"Child-Help Belgi\u00eb","article_publisher":"https:\/\/www.facebook.com\/CHInternational\/","article_modified_time":"2025-05-06T14:04:52+00:00","og_image":[{"width":1367,"height":911,"url":"https:\/\/child-help.be\/wp-content\/uploads\/sites\/7\/2024\/02\/IF_Kenya-50-crop-1.jpg","type":"image\/jpeg"}],"twitter_card":"summary_large_image","twitter_misc":{"Dur\u00e9e de lecture est.":"1 minute"},"schema":{"@context":"https:\/\/schema.org","@graph":[{"@type":"WebPage","@id":"https:\/\/child-help.be\/fr\/aider-en-tant-quentreprise\/","url":"https:\/\/child-help.be\/fr\/aider-en-tant-quentreprise\/","name":"Aider en tant qu'entreprise - Child-Help Belgi\u00eb","isPartOf":{"@id":"https:\/\/child-help.be\/fr\/#website"},"datePublished":"2023-11-30T08:45:26+00:00","dateModified":"2025-05-06T14:04:52+00:00","breadcrumb":{"@id":"https:\/\/child-help.be\/fr\/aider-en-tant-quentreprise\/#breadcrumb"},"inLanguage":"fr-BE","potentialAction":[{"@type":"ReadAction","target":["https:\/\/child-help.be\/fr\/aider-en-tant-quentreprise\/"]}]},{"@type":"BreadcrumbList","@id":"https:\/\/child-help.be\/fr\/aider-en-tant-quentreprise\/#breadcrumb","itemListElement":[{"@type":"ListItem","position":1,"name":"Home","item":"https:\/\/child-help.be\/fr\/"},{"@type":"ListItem","position":2,"name":"Aider en tant qu&#8217;entreprise"}]},{"@type":"WebSite","@id":"https:\/\/child-help.be\/fr\/#website","url":"https:\/\/child-help.be\/fr\/","name":"Child-Help Belgium","description":"","publisher":{"@id":"https:\/\/child-help.be\/fr\/#organization"},"potentialAction":[{"@type":"SearchAction","target":{"@type":"EntryPoint","urlTemplate":"https:\/\/child-help.be\/fr\/?s={search_term_string}"},"query-input":{"@type":"PropertyValueSpecification","valueRequired":true,"valueName":"search_term_string"}}],"inLanguage":"fr-BE"},{"@type":"Organization","@id":"https:\/\/child-help.be\/fr\/#organization","name":"Child-Help Belgium","url":"https:\/\/child-help.be\/fr\/","logo":{"@type":"ImageObject","inLanguage":"fr-BE","@id":"https:\/\/child-help.be\/fr\/#\/schema\/logo\/image\/","url":"https:\/\/staging.child-help.be\/wp-content\/uploads\/sites\/7\/2023\/10\/logo.png","contentUrl":"https:\/\/staging.child-help.be\/wp-content\/uploads\/sites\/7\/2023\/10\/logo.png","width":100,"height":58,"caption":"Child-Help Belgium"},"image":{"@id":"https:\/\/child-help.be\/fr\/#\/schema\/logo\/image\/"},"sameAs":["https:\/\/www.facebook.com\/CHInternational\/","https:\/\/www.instagram.com\/child_help.be\/"]}]}},"_links":{"self":[{"href":"https:\/\/child-help.be\/fr\/wp-json\/wp\/v2\/pages\/2840","targetHints":{"allow":["GET"]}}],"collection":[{"href":"https:\/\/child-help.be\/fr\/wp-json\/wp\/v2\/pages"}],"about":[{"href":"https:\/\/child-help.be\/fr\/wp-json\/wp\/v2\/types\/page"}],"author":[{"embeddable":true,"href":"https:\/\/child-help.be\/fr\/wp-json\/wp\/v2\/users\/15"}],"replies":[{"embeddable":true,"href":"https:\/\/child-help.be\/fr\/wp-json\/wp\/v2\/comments?post=2840"}],"version-history":[{"count":4,"href":"https:\/\/child-help.be\/fr\/wp-json\/wp\/v2\/pages\/2840\/revisions"}],"predecessor-version":[{"id":3451,"href":"https:\/\/child-help.be\/fr\/wp-json\/wp\/v2\/pages\/2840\/revisions\/3451"}],"wp:attachment":[{"href":"https:\/\/child-help.be\/fr\/wp-json\/wp\/v2\/media?parent=2840"}],"curies":[{"name":"wp","href":"https:\/\/api.w.org\/{rel}","templated":true}]}}