{"id":2788,"date":"2023-11-30T09:18:17","date_gmt":"2023-11-30T09:18:17","guid":{"rendered":"https:\/\/child-help.be\/wat-doen-we-met-je-donatie\/"},"modified":"2025-02-04T13:40:54","modified_gmt":"2025-02-04T13:40:54","slug":"wat-doen-we-met-je-donatie","status":"publish","type":"page","link":"https:\/\/child-help.be\/fr\/wat-doen-we-met-je-donatie\/","title":{"rendered":"Que faisons-nous avec votre don ?"},"content":{"rendered":"<p><span style=\"font-weight: 400\">De la chirurgie endoscopique \u00e0 la pose de d\u00e9rivations chez les enfants atteints de spina-bifida et d&rsquo;hydroc\u00e9phalie, votre aide permet de sauver des vies ! <a href=\"https:\/\/childhelp.koalect.com\/fr-FR\/p\/chaque-enfant-a-droit-aux-soins-medicaux\/step-1\">Faites un don ici !<\/a><\/span><\/p>\n<p><b>Voici ce que nous faisons avec votre don<\/b><\/p>\n<p><span style=\"font-weight: 400\">Child-Help s&rsquo;engage sp\u00e9cialement \u00e0 venir en aide aux\u00a0 enfants atteints de spina-bifida et d&rsquo;hydroc\u00e9phalie dans les pays en d\u00e9veloppement.<\/span><\/p>\n<p><span style=\"font-weight: 400\">Si les enfants sont trait\u00e9s d\u00e8s le d\u00e9but de leur vie, ils peuvent mener une vie \u00e9panouie au sein de leur famille, de leur quartier et dans une \u00e9cole ordinaire.<\/span><\/p>\n","protected":false},"excerpt":{"rendered":"<p>De la chirurgie endoscopique \u00e0 la pose de d\u00e9rivations chez les enfants atteints de spina-bifida et d&rsquo;hydroc\u00e9phalie, votre aide permet de sauver des vies ! Faites un don ici ! Voici ce que nous faisons avec votre don Child-Help s&rsquo;engage sp\u00e9cialement \u00e0 venir en aide aux\u00a0 enfants atteints de spina-bifida et d&rsquo;hydroc\u00e9phalie dans les pays [&hellip;]<\/p>\n","protected":false},"author":4,"featured_media":0,"parent":0,"menu_order":0,"comment_status":"closed","ping_status":"closed","template":"","meta":{"_acf_changed":false,"inline_featured_image":false,"footnotes":""},"class_list":["post-2788","page","type-page","status-publish","hentry"],"acf":[],"yoast_head":"<!-- This site is optimized with the Yoast SEO plugin v27.0 - https:\/\/yoast.com\/product\/yoast-seo-wordpress\/ -->\n<title>Que faisons-nous avec votre don ? - Child-Help Belgi\u00eb<\/title>\n<meta name=\"robots\" content=\"index, follow, max-snippet:-1, max-image-preview:large, max-video-preview:-1\" \/>\n<link rel=\"canonical\" href=\"https:\/\/child-help.be\/fr\/wat-doen-we-met-je-donatie\/\" \/>\n<meta property=\"og:locale\" content=\"fr_FR\" \/>\n<meta property=\"og:type\" content=\"article\" \/>\n<meta property=\"og:title\" content=\"Que faisons-nous avec votre don ? - Child-Help Belgi\u00eb\" \/>\n<meta property=\"og:description\" content=\"De la chirurgie endoscopique \u00e0 la pose de d\u00e9rivations chez les enfants atteints de spina-bifida et d&rsquo;hydroc\u00e9phalie, votre aide permet de sauver des vies ! Faites un don ici ! Voici ce que nous faisons avec votre don Child-Help s&rsquo;engage sp\u00e9cialement \u00e0 venir en aide aux\u00a0 enfants atteints de spina-bifida et d&rsquo;hydroc\u00e9phalie dans les pays [&hellip;]\" \/>\n<meta property=\"og:url\" content=\"https:\/\/child-help.be\/fr\/wat-doen-we-met-je-donatie\/\" \/>\n<meta property=\"og:site_name\" content=\"Child-Help Belgi\u00eb\" \/>\n<meta property=\"article:publisher\" content=\"https:\/\/www.facebook.com\/CHInternational\/\" \/>\n<meta property=\"article:modified_time\" content=\"2025-02-04T13:40:54+00:00\" \/>\n<meta property=\"og:image\" content=\"https:\/\/child-help.be\/wp-content\/uploads\/sites\/7\/2024\/02\/IF_Kenya-50-crop-1.jpg\" \/>\n\t<meta property=\"og:image:width\" content=\"1367\" \/>\n\t<meta property=\"og:image:height\" content=\"911\" \/>\n\t<meta property=\"og:image:type\" content=\"image\/jpeg\" \/>\n<meta name=\"twitter:card\" content=\"summary_large_image\" \/>\n<meta name=\"twitter:label1\" content=\"Dur\u00e9e de lecture est.\" \/>\n\t<meta name=\"twitter:data1\" content=\"1 minute\" \/>\n<script type=\"application\/ld+json\" class=\"yoast-schema-graph\">{\"@context\":\"https:\/\/schema.org\",\"@graph\":[{\"@type\":\"WebPage\",\"@id\":\"https:\/\/child-help.be\/fr\/wat-doen-we-met-je-donatie\/\",\"url\":\"https:\/\/child-help.be\/fr\/wat-doen-we-met-je-donatie\/\",\"name\":\"Que faisons-nous avec votre don ? - Child-Help Belgi\u00eb\",\"isPartOf\":{\"@id\":\"https:\/\/child-help.be\/fr\/#website\"},\"datePublished\":\"2023-11-30T09:18:17+00:00\",\"dateModified\":\"2025-02-04T13:40:54+00:00\",\"breadcrumb\":{\"@id\":\"https:\/\/child-help.be\/fr\/wat-doen-we-met-je-donatie\/#breadcrumb\"},\"inLanguage\":\"fr-BE\",\"potentialAction\":[{\"@type\":\"ReadAction\",\"target\":[\"https:\/\/child-help.be\/fr\/wat-doen-we-met-je-donatie\/\"]}]},{\"@type\":\"BreadcrumbList\",\"@id\":\"https:\/\/child-help.be\/fr\/wat-doen-we-met-je-donatie\/#breadcrumb\",\"itemListElement\":[{\"@type\":\"ListItem\",\"position\":1,\"name\":\"Home\",\"item\":\"https:\/\/child-help.be\/fr\/\"},{\"@type\":\"ListItem\",\"position\":2,\"name\":\"Que faisons-nous avec votre don ?\"}]},{\"@type\":\"WebSite\",\"@id\":\"https:\/\/child-help.be\/fr\/#website\",\"url\":\"https:\/\/child-help.be\/fr\/\",\"name\":\"Child-Help Belgium\",\"description\":\"\",\"publisher\":{\"@id\":\"https:\/\/child-help.be\/fr\/#organization\"},\"potentialAction\":[{\"@type\":\"SearchAction\",\"target\":{\"@type\":\"EntryPoint\",\"urlTemplate\":\"https:\/\/child-help.be\/fr\/?s={search_term_string}\"},\"query-input\":{\"@type\":\"PropertyValueSpecification\",\"valueRequired\":true,\"valueName\":\"search_term_string\"}}],\"inLanguage\":\"fr-BE\"},{\"@type\":\"Organization\",\"@id\":\"https:\/\/child-help.be\/fr\/#organization\",\"name\":\"Child-Help Belgium\",\"url\":\"https:\/\/child-help.be\/fr\/\",\"logo\":{\"@type\":\"ImageObject\",\"inLanguage\":\"fr-BE\",\"@id\":\"https:\/\/child-help.be\/fr\/#\/schema\/logo\/image\/\",\"url\":\"https:\/\/staging.child-help.be\/wp-content\/uploads\/sites\/7\/2023\/10\/logo.png\",\"contentUrl\":\"https:\/\/staging.child-help.be\/wp-content\/uploads\/sites\/7\/2023\/10\/logo.png\",\"width\":100,\"height\":58,\"caption\":\"Child-Help Belgium\"},\"image\":{\"@id\":\"https:\/\/child-help.be\/fr\/#\/schema\/logo\/image\/\"},\"sameAs\":[\"https:\/\/www.facebook.com\/CHInternational\/\",\"https:\/\/www.instagram.com\/child_help.be\/\"]}]}<\/script>\n<!-- \/ Yoast SEO plugin. -->","yoast_head_json":{"title":"Que faisons-nous avec votre don ? - Child-Help Belgi\u00eb","robots":{"index":"index","follow":"follow","max-snippet":"max-snippet:-1","max-image-preview":"max-image-preview:large","max-video-preview":"max-video-preview:-1"},"canonical":"https:\/\/child-help.be\/fr\/wat-doen-we-met-je-donatie\/","og_locale":"fr_FR","og_type":"article","og_title":"Que faisons-nous avec votre don ? - Child-Help Belgi\u00eb","og_description":"De la chirurgie endoscopique \u00e0 la pose de d\u00e9rivations chez les enfants atteints de spina-bifida et d&rsquo;hydroc\u00e9phalie, votre aide permet de sauver des vies ! Faites un don ici ! Voici ce que nous faisons avec votre don Child-Help s&rsquo;engage sp\u00e9cialement \u00e0 venir en aide aux\u00a0 enfants atteints de spina-bifida et d&rsquo;hydroc\u00e9phalie dans les pays [&hellip;]","og_url":"https:\/\/child-help.be\/fr\/wat-doen-we-met-je-donatie\/","og_site_name":"Child-Help Belgi\u00eb","article_publisher":"https:\/\/www.facebook.com\/CHInternational\/","article_modified_time":"2025-02-04T13:40:54+00:00","og_image":[{"width":1367,"height":911,"url":"https:\/\/child-help.be\/wp-content\/uploads\/sites\/7\/2024\/02\/IF_Kenya-50-crop-1.jpg","type":"image\/jpeg"}],"twitter_card":"summary_large_image","twitter_misc":{"Dur\u00e9e de lecture est.":"1 minute"},"schema":{"@context":"https:\/\/schema.org","@graph":[{"@type":"WebPage","@id":"https:\/\/child-help.be\/fr\/wat-doen-we-met-je-donatie\/","url":"https:\/\/child-help.be\/fr\/wat-doen-we-met-je-donatie\/","name":"Que faisons-nous avec votre don ? - Child-Help Belgi\u00eb","isPartOf":{"@id":"https:\/\/child-help.be\/fr\/#website"},"datePublished":"2023-11-30T09:18:17+00:00","dateModified":"2025-02-04T13:40:54+00:00","breadcrumb":{"@id":"https:\/\/child-help.be\/fr\/wat-doen-we-met-je-donatie\/#breadcrumb"},"inLanguage":"fr-BE","potentialAction":[{"@type":"ReadAction","target":["https:\/\/child-help.be\/fr\/wat-doen-we-met-je-donatie\/"]}]},{"@type":"BreadcrumbList","@id":"https:\/\/child-help.be\/fr\/wat-doen-we-met-je-donatie\/#breadcrumb","itemListElement":[{"@type":"ListItem","position":1,"name":"Home","item":"https:\/\/child-help.be\/fr\/"},{"@type":"ListItem","position":2,"name":"Que faisons-nous avec votre don ?"}]},{"@type":"WebSite","@id":"https:\/\/child-help.be\/fr\/#website","url":"https:\/\/child-help.be\/fr\/","name":"Child-Help Belgium","description":"","publisher":{"@id":"https:\/\/child-help.be\/fr\/#organization"},"potentialAction":[{"@type":"SearchAction","target":{"@type":"EntryPoint","urlTemplate":"https:\/\/child-help.be\/fr\/?s={search_term_string}"},"query-input":{"@type":"PropertyValueSpecification","valueRequired":true,"valueName":"search_term_string"}}],"inLanguage":"fr-BE"},{"@type":"Organization","@id":"https:\/\/child-help.be\/fr\/#organization","name":"Child-Help Belgium","url":"https:\/\/child-help.be\/fr\/","logo":{"@type":"ImageObject","inLanguage":"fr-BE","@id":"https:\/\/child-help.be\/fr\/#\/schema\/logo\/image\/","url":"https:\/\/staging.child-help.be\/wp-content\/uploads\/sites\/7\/2023\/10\/logo.png","contentUrl":"https:\/\/staging.child-help.be\/wp-content\/uploads\/sites\/7\/2023\/10\/logo.png","width":100,"height":58,"caption":"Child-Help Belgium"},"image":{"@id":"https:\/\/child-help.be\/fr\/#\/schema\/logo\/image\/"},"sameAs":["https:\/\/www.facebook.com\/CHInternational\/","https:\/\/www.instagram.com\/child_help.be\/"]}]}},"_links":{"self":[{"href":"https:\/\/child-help.be\/fr\/wp-json\/wp\/v2\/pages\/2788","targetHints":{"allow":["GET"]}}],"collection":[{"href":"https:\/\/child-help.be\/fr\/wp-json\/wp\/v2\/pages"}],"about":[{"href":"https:\/\/child-help.be\/fr\/wp-json\/wp\/v2\/types\/page"}],"author":[{"embeddable":true,"href":"https:\/\/child-help.be\/fr\/wp-json\/wp\/v2\/users\/4"}],"replies":[{"embeddable":true,"href":"https:\/\/child-help.be\/fr\/wp-json\/wp\/v2\/comments?post=2788"}],"version-history":[{"count":8,"href":"https:\/\/child-help.be\/fr\/wp-json\/wp\/v2\/pages\/2788\/revisions"}],"predecessor-version":[{"id":2790,"href":"https:\/\/child-help.be\/fr\/wp-json\/wp\/v2\/pages\/2788\/revisions\/2790"}],"wp:attachment":[{"href":"https:\/\/child-help.be\/fr\/wp-json\/wp\/v2\/media?parent=2788"}],"curies":[{"name":"wp","href":"https:\/\/api.w.org\/{rel}","templated":true}]}}